{"id":4524,"date":"2018-01-15T11:57:03","date_gmt":"2018-01-15T13:57:03","guid":{"rendered":"http:\/\/mol.icb.usp.br\/?page_id=4524"},"modified":"2018-01-21T10:50:08","modified_gmt":"2018-01-21T12:50:08","slug":"12-1-orgaos-linfoides","status":"publish","type":"page","link":"https:\/\/mol.icb.usp.br\/index.php\/12-1-orgaos-linfoides\/","title":{"rendered":"12-1 \u00d3rg\u00e3os linfoides"},"content":{"rendered":"<p>CONCEITOS E CARACTER\u00cdSTICAS DOS \u00d3RG\u00c3OS LINFOIDES<\/p>\n<p>Os \u00f3rg\u00e3os linfoides s\u00e3o um conjunto de \u00f3rg\u00e3os nos quais as c\u00e9lulas predominantes s\u00e3o os linf\u00f3citos. Est\u00e3o, portanto, relacionados com a defesa do organismo contra mol\u00e9culas e contra organismos cujas mol\u00e9culas s\u00e3o consideradas pelo organismo como estranhas.<br \/>\nOs linf\u00f3citos est\u00e3o presentes em quase todos os locais do organismo. Est\u00e3o concentrados em maior quantidade em estruturas anatomicamente distintas &#8211; os chamados <strong>\u00f3rg\u00e3os linfoides<\/strong>&#8211; ou difusos no tecido conjuntivo do corpo.<\/p>\n<p>O tecido linfoide \u00e9 um tipo de tecido conjuntivo de propriedades especiais. Podemos reconhecer tr\u00eas variedades de tecido linfoide, dependendo da sua organiza\u00e7\u00e3o estrutural:<br \/>\n1 tecido linfoide frouxo &#8211; constitu\u00eddo por ac\u00famulos de linf\u00f3citos espalhados pelo tecido conjuntivo ou no interior de \u00f3rg\u00e3os linfoides. Os limites destes ac\u00famulos n\u00e3o s\u00e3o muito bem demarcados.<br \/>\n2 tecido linfoide denso &#8211; constitu\u00eddo de ac\u00famulos de linf\u00f3citos bem organizados e com limites bem demarcados.<br \/>\n3 tecido linfoide nodular &#8211; formado por linf\u00f3citos que se organizam em ac\u00famulos esf\u00e9ricos ou ovoides denominados <strong>fol\u00edculos linfoides<\/strong> ou n\u00f3dulos linfoides. Est\u00e3o presentes no tecido conjuntivo ou no interior de \u00f3rg\u00e3os linfoides<\/p>\n<p><strong>\u00d3rg\u00e3os linfoides<\/strong><br \/>\nH\u00e1 dois tipos de \u00f3rg\u00e3os linfoides de acordo com sua capacidade de produzir ou n\u00e3o linf\u00f3citos:<br \/>\n<strong>\u00d3rg\u00e3os linfoides prim\u00e1rios<\/strong> &#8211; s\u00e3o \u00f3rg\u00e3os onde se originam ou se diferenciam linf\u00f3citos : <strong>timo<\/strong> e <strong>medula \u00f3ssea hematog\u00eanica<\/strong>.<br \/>\n<strong>\u00d3rg\u00e3os linfoides secund\u00e1rios<\/strong> &#8211; s\u00e3o \u00f3rg\u00e3os onde os linf\u00f3citos existem em grande quantidade e onde exercem importantes fun\u00e7\u00f5es de reconhecimento de ant\u00edgenos e de desencadeamento de respostas imunit\u00e1rias: <strong>linfonodos<\/strong> e <strong>ba\u00e7o<\/strong>.<br \/>\nAl\u00e9m destes \u00f3rg\u00e3os linfoides, h\u00e1 ac\u00famulos importantes de tecido linfoide no tecido conjuntivo das mucosas do aparelho digestivo, respirat\u00f3rio, urin\u00e1rio. Estes ac\u00famulos s\u00e3o conhecidos pela sigla <strong>MALT &#8211; <em>mucosa-associated limphoid tissue<\/em><\/strong>, isto \u00e9, <strong>tecido linfoide associado \u00e0s mucosas<\/strong>.<br \/>\nO MALT, devido \u00e0 sua situa\u00e7\u00e3o de maior proximidade e contato com mol\u00e9culas estranhas ao organismo exerce um papel relevante no reconhecimento precoce destas mol\u00e9culas. Ao MALT pertencem importantes estruturas como por exemplo as <strong>tonsilas<\/strong>, o <strong>ap\u00eandice cecal<\/strong> e as <strong>placas de Peyer<\/strong>.<\/p>\n<p><strong>NAVEGA\u00c7\u00c3O NO MOL:<\/strong><\/p>\n<p><a href=\"http:\/\/mol.icb.usp.br\/index.php\/12-0-orgaos-linfoides\/\">ACESSAR P\u00c1GINA ANTERIOR<\/a><\/p>\n<p><a href=\"http:\/\/mol.icb.usp.br\/index.php\/12-2-orgaos-linfoides\/\">ACESSAR P\u00c1GINA SEGUINTE<\/a><\/p>\n","protected":false},"excerpt":{"rendered":"<p>CONCEITOS E CARACTER\u00cdSTICAS DOS \u00d3RG\u00c3OS LINFOIDES Os \u00f3rg\u00e3os linfoides s\u00e3o um conjunto de \u00f3rg\u00e3os nos quais as c\u00e9lulas predominantes s\u00e3o os linf\u00f3citos. Est\u00e3o, portanto, relacionados com a defesa do organismo contra mol\u00e9culas e contra organismos cujas mol\u00e9culas s\u00e3o consideradas pelo organismo como estranhas. Os linf\u00f3citos est\u00e3o presentes em quase todos os locais do organismo. Est\u00e3o [&hellip;]<\/p>\n","protected":false},"author":2,"featured_media":0,"parent":0,"menu_order":0,"comment_status":"closed","ping_status":"closed","template":"","meta":{"_monsterinsights_skip_tracking":false,"_monsterinsights_sitenote_active":false,"_monsterinsights_sitenote_note":"","_monsterinsights_sitenote_category":0,"footnotes":""},"class_list":["post-4524","page","type-page","status-publish","hentry"],"_links":{"self":[{"href":"https:\/\/mol.icb.usp.br\/index.php\/wp-json\/wp\/v2\/pages\/4524"}],"collection":[{"href":"https:\/\/mol.icb.usp.br\/index.php\/wp-json\/wp\/v2\/pages"}],"about":[{"href":"https:\/\/mol.icb.usp.br\/index.php\/wp-json\/wp\/v2\/types\/page"}],"author":[{"embeddable":true,"href":"https:\/\/mol.icb.usp.br\/index.php\/wp-json\/wp\/v2\/users\/2"}],"replies":[{"embeddable":true,"href":"https:\/\/mol.icb.usp.br\/index.php\/wp-json\/wp\/v2\/comments?post=4524"}],"version-history":[{"count":5,"href":"https:\/\/mol.icb.usp.br\/index.php\/wp-json\/wp\/v2\/pages\/4524\/revisions"}],"predecessor-version":[{"id":5098,"href":"https:\/\/mol.icb.usp.br\/index.php\/wp-json\/wp\/v2\/pages\/4524\/revisions\/5098"}],"wp:attachment":[{"href":"https:\/\/mol.icb.usp.br\/index.php\/wp-json\/wp\/v2\/media?parent=4524"}],"curies":[{"name":"wp","href":"https:\/\/api.w.org\/{rel}","templated":true}]}}