{"id":4502,"date":"2018-01-10T22:40:37","date_gmt":"2018-01-11T00:40:37","guid":{"rendered":"http:\/\/mol.icb.usp.br\/?page_id=4502"},"modified":"2018-01-10T22:42:45","modified_gmt":"2018-01-11T00:42:45","slug":"11-0-sistema-circulatorio","status":"publish","type":"page","link":"https:\/\/mol.icb.usp.br\/index.php\/11-0-sistema-circulatorio\/","title":{"rendered":"11-0 Sistema circulat\u00f3rio"},"content":{"rendered":"<p>OBJETIVOS DESTE M\u00d3DULO:<br \/>\n&#8211; Conhecer a estrutura histol\u00f3gica e distinguir os diversos tipos de vasos sangu\u00edneos.<br \/>\n&#8211; Conhecer a estrutura histol\u00f3gica e distinguir vasos linf\u00e1ticos.<br \/>\n&#8211; Conhecer os componentes histol\u00f3gicos do cora\u00e7\u00e3o.<\/p>\n<p>Este m\u00f3dulo \u00e9 constitu\u00eddo de 30 p\u00e1ginas.<\/p>\n<p><a href=\"http:\/\/mol.icb.usp.br\/index.php\/11-1-sistema-circulatorio\/\">ENTRE NO IN\u00cdCIO DO M\u00d3DULO 11<\/a><br \/>\nou<br \/>\nESCOLHA ACESSAR OS TEMAS PRINCIPAIS:<br \/>\n<a href=\"http:\/\/mol.icb.usp.br\/index.php\/11-1-sistema-circulatorio\/\">Principais caracter\u00edsticas histol\u00f3gicas dos vasos sangu\u00edneos.<\/a><br \/>\n<a href=\"http:\/\/mol.icb.usp.br\/index.php\/11-5-sistema-circulatorio\/\">Art\u00e9rias el\u00e1sticas e veias de grande calibre.<\/a><br \/>\n<a href=\"http:\/\/mol.icb.usp.br\/index.php\/11-11-sistema-circulatorio\/\">Art\u00e9rias musculares e veias de m\u00e9dio e pequeno calibre.<\/a><br \/>\n<a href=\"http:\/\/mol.icb.usp.br\/index.php\/11-14-sistema-circulatorio\/\">Microcircula\u00e7\u00e3o.<\/a><br \/>\n<a href=\"http:\/\/mol.icb.usp.br\/index.php\/11-23-sistema-circulatorio\/\">Vasos linf\u00e1ticos.<\/a><br \/>\n<a href=\"http:\/\/mol.icb.usp.br\/index.php\/11-26-sistema-circulatorio\/\">Cora\u00e7\u00e3o.<\/a><\/p>\n","protected":false},"excerpt":{"rendered":"<p>OBJETIVOS DESTE M\u00d3DULO: &#8211; Conhecer a estrutura histol\u00f3gica e distinguir os diversos tipos de vasos sangu\u00edneos. &#8211; Conhecer a estrutura histol\u00f3gica e distinguir vasos linf\u00e1ticos. &#8211; Conhecer os componentes histol\u00f3gicos do cora\u00e7\u00e3o. Este m\u00f3dulo \u00e9 constitu\u00eddo de 30 p\u00e1ginas. ENTRE NO IN\u00cdCIO DO M\u00d3DULO 11 ou ESCOLHA ACESSAR OS TEMAS PRINCIPAIS: Principais caracter\u00edsticas histol\u00f3gicas dos [&hellip;]<\/p>\n","protected":false},"author":2,"featured_media":0,"parent":0,"menu_order":0,"comment_status":"closed","ping_status":"closed","template":"","meta":{"_monsterinsights_skip_tracking":false,"_monsterinsights_sitenote_active":false,"_monsterinsights_sitenote_note":"","_monsterinsights_sitenote_category":0,"footnotes":""},"class_list":["post-4502","page","type-page","status-publish","hentry"],"_links":{"self":[{"href":"https:\/\/mol.icb.usp.br\/index.php\/wp-json\/wp\/v2\/pages\/4502"}],"collection":[{"href":"https:\/\/mol.icb.usp.br\/index.php\/wp-json\/wp\/v2\/pages"}],"about":[{"href":"https:\/\/mol.icb.usp.br\/index.php\/wp-json\/wp\/v2\/types\/page"}],"author":[{"embeddable":true,"href":"https:\/\/mol.icb.usp.br\/index.php\/wp-json\/wp\/v2\/users\/2"}],"replies":[{"embeddable":true,"href":"https:\/\/mol.icb.usp.br\/index.php\/wp-json\/wp\/v2\/comments?post=4502"}],"version-history":[{"count":2,"href":"https:\/\/mol.icb.usp.br\/index.php\/wp-json\/wp\/v2\/pages\/4502\/revisions"}],"predecessor-version":[{"id":4507,"href":"https:\/\/mol.icb.usp.br\/index.php\/wp-json\/wp\/v2\/pages\/4502\/revisions\/4507"}],"wp:attachment":[{"href":"https:\/\/mol.icb.usp.br\/index.php\/wp-json\/wp\/v2\/media?parent=4502"}],"curies":[{"name":"wp","href":"https:\/\/api.w.org\/{rel}","templated":true}]}}