{"id":4500,"date":"2018-01-10T17:45:40","date_gmt":"2018-01-10T19:45:40","guid":{"rendered":"http:\/\/mol.icb.usp.br\/?page_id=4500"},"modified":"2018-12-29T19:15:16","modified_gmt":"2018-12-29T21:15:16","slug":"14-0-glandulas-endocrinas","status":"publish","type":"page","link":"https:\/\/mol.icb.usp.br\/index.php\/14-0-glandulas-endocrinas\/","title":{"rendered":"14-0  Gl\u00e2ndulas end\u00f3crinas"},"content":{"rendered":"<p>OBJETIVO DESTE M\u00d3DULO:<\/p>\n<p>Apresentar as caracter\u00edsticas histol\u00f3gicas das gl\u00e2ndulas end\u00f3crinas.<\/p>\n<p>Este m\u00f3dulo \u00e9 constitu\u00eddo de 19 p\u00e1ginas.<\/p>\n<p><a href=\"http:\/\/mol.icb.usp.br\/index.php\/14-1-glandulas-endocrinas\/\">ENTRE NO IN\u00cdCIO DO M\u00d3DULO 14<\/a><\/a><br \/>\nou<br \/>\nESCOLHA ACESSAR OS T\u00d3PICOS PRINCIPAIS: <\/p>\n<p><a href=\"http:\/\/mol.icb.usp.br\/index.php\/14-2-glandulas-endocrinas\/\">Hip\u00f3fise<\/a><br \/>\n<a href=\"http:\/\/mol.icb.usp.br\/index.php\/14-7-glandulas-endocrinas\/\">Gl\u00e2ndulas Suprarrenais<\/a><br \/>\n<a href=\"http:\/\/mol.icb.usp.br\/index.php\/14-12-glandulas-endocrinas\/\">Tireoide<\/a><br \/>\n<a href=\"http:\/\/mol.icb.usp.br\/index.php\/14-16-glandulas-endocrinas\/\">Ilhotas de Langerhans<\/a><br \/>\n<a href=\"http:\/\/mol.icb.usp.br\/index.php\/14-18-glandulas-endocrinas\/\">Paratireoides<\/a><br \/>\n<a href=\"http:\/\/mol.icb.usp.br\/index.php\/14-19-glandulas-endocrinas\/\">Gl\u00e2ndula pineal<\/a><\/p>\n<p><strong>NAVEGA\u00c7\u00c3O NO MOL:<\/strong><\/p>\n<p><a href=\"http:\/\/mol.icb.usp.br\/index.php\/14-1-glandulas-endocrinas\/\">ACESSAR P\u00c1GINA SEGUINTE<\/a><\/p>\n","protected":false},"excerpt":{"rendered":"<p>OBJETIVO DESTE M\u00d3DULO: Apresentar as caracter\u00edsticas histol\u00f3gicas das gl\u00e2ndulas end\u00f3crinas. Este m\u00f3dulo \u00e9 constitu\u00eddo de 19 p\u00e1ginas. ENTRE NO IN\u00cdCIO DO M\u00d3DULO 14 ou ESCOLHA ACESSAR OS T\u00d3PICOS PRINCIPAIS: Hip\u00f3fise Gl\u00e2ndulas Suprarrenais Tireoide Ilhotas de Langerhans Paratireoides Gl\u00e2ndula pineal NAVEGA\u00c7\u00c3O NO MOL: ACESSAR P\u00c1GINA SEGUINTE<\/p>\n","protected":false},"author":2,"featured_media":0,"parent":0,"menu_order":0,"comment_status":"closed","ping_status":"closed","template":"","meta":{"_monsterinsights_skip_tracking":false,"_monsterinsights_sitenote_active":false,"_monsterinsights_sitenote_note":"","_monsterinsights_sitenote_category":0,"footnotes":""},"class_list":["post-4500","page","type-page","status-publish","hentry"],"_links":{"self":[{"href":"https:\/\/mol.icb.usp.br\/index.php\/wp-json\/wp\/v2\/pages\/4500"}],"collection":[{"href":"https:\/\/mol.icb.usp.br\/index.php\/wp-json\/wp\/v2\/pages"}],"about":[{"href":"https:\/\/mol.icb.usp.br\/index.php\/wp-json\/wp\/v2\/types\/page"}],"author":[{"embeddable":true,"href":"https:\/\/mol.icb.usp.br\/index.php\/wp-json\/wp\/v2\/users\/2"}],"replies":[{"embeddable":true,"href":"https:\/\/mol.icb.usp.br\/index.php\/wp-json\/wp\/v2\/comments?post=4500"}],"version-history":[{"count":10,"href":"https:\/\/mol.icb.usp.br\/index.php\/wp-json\/wp\/v2\/pages\/4500\/revisions"}],"predecessor-version":[{"id":6847,"href":"https:\/\/mol.icb.usp.br\/index.php\/wp-json\/wp\/v2\/pages\/4500\/revisions\/6847"}],"wp:attachment":[{"href":"https:\/\/mol.icb.usp.br\/index.php\/wp-json\/wp\/v2\/media?parent=4500"}],"curies":[{"name":"wp","href":"https:\/\/api.w.org\/{rel}","templated":true}]}}