{"id":450,"date":"2017-05-16T21:54:39","date_gmt":"2017-05-17T00:54:39","guid":{"rendered":"http:\/\/mol.icb.usp.br\/?page_id=450"},"modified":"2020-12-27T15:39:45","modified_gmt":"2020-12-27T18:39:45","slug":"1-21-conceitos-basicos","status":"publish","type":"page","link":"https:\/\/mol.icb.usp.br\/index.php\/1-21-conceitos-basicos\/","title":{"rendered":"1-21 Conceitos b\u00e1sicos"},"content":{"rendered":"<div class=\"su-row\">\n  <div class=\"su-column su-column-size-1-1\"><div class=\"su-column-inner su-u-clearfix su-u-trim\"><strong>DIMENS\u00d5ES EM MICROSCOPIA DE LUZ &#8211; 1<\/strong> <\/div><\/div>\n<\/div>\n<div class=\"su-row\">\n  <div class=\"su-column su-column-size-1-2\"><div class=\"su-column-inner su-u-clearfix su-u-trim\">\nO objetivo das duas p\u00e1ginas deste t\u00f3pico \u00e9 oferecer uma compreens\u00e3o sobre as dimens\u00f5es das estruturas observadas em um microsc\u00f3pio de luz.<\/p>\n<p>Para um exame microsc\u00f3pico de um tecido ou \u00f3rg\u00e3o animal geralmente recolhemos pequenos fragmentos representativos do tecido ou \u00f3rg\u00e3o. Em um laborat\u00f3rio estes fragmentos ser\u00e3o submetidos a uma s\u00e9rie de procedimentos ao fim dos quais ser\u00e1 produzido um corte de alguns mil\u00edmetros quadrados de \u00e1rea. Veja na figura que, na maioria dos casos, estamos observando uma fra\u00e7\u00e3o muito pequena de um \u00f3rg\u00e3o.<\/p>\n<p>Quando se observam imagens diretamente ao microsc\u00f3pio ou imagens impressas ou imagens na tela de um monitor, \u00e9 dif\u00edcil para algu\u00e9m n\u00e3o experiente avaliar em que aumento est\u00e3o sendo visualizadas as estruturas do preparado.<\/p>\n<p>A unidade de medida usada para as dimens\u00f5es de objetos vistos em microscopia de luz \u00e9 o micr\u00f4metro. Sua abreviatura \u00e9 \u00b5m. 1.000 \u00b5m cabem em 1 mm e 1.000 mm cabem em 1 m. Um micr\u00f4metro corresponde, portanto, a um mil\u00e9simo de um mil\u00edmetro e a um milion\u00e9simo de um metro.<\/p>\n<\/div><\/div>\n  <div class=\"su-column su-column-size-1-2\"><div class=\"su-column-inner su-u-clearfix su-u-trim\"> <\/p>\n<p><img decoding=\"async\" src=\" http:\/\/mol.icb.usp.br\/wp-content\/uploads\/1-21.gif \" \/><\/a><\/p>\n<p><strong>NAVEGA\u00c7\u00c3O NO MOL:<\/strong><\/p>\n<p><a href=\"http:\/\/mol.icb.usp.br\/index.php\/1-20-conceitos-basicos\/\">ACESSAR P\u00c1GINA ANTERIOR<\/a><\/p>\n<p><a href=\"http:\/\/mol.icb.usp.br\/index.php\/1-22-conceitos-basicos\/\">ACESSAR P\u00c1GINA SEGUINTE<\/a><br \/>\n<\/div><\/div>\n<\/div>\n","protected":false},"excerpt":{"rendered":"","protected":false},"author":2,"featured_media":0,"parent":0,"menu_order":0,"comment_status":"closed","ping_status":"closed","template":"","meta":{"_monsterinsights_skip_tracking":false,"_monsterinsights_sitenote_active":false,"_monsterinsights_sitenote_note":"","_monsterinsights_sitenote_category":0,"footnotes":""},"class_list":["post-450","page","type-page","status-publish","hentry"],"_links":{"self":[{"href":"https:\/\/mol.icb.usp.br\/index.php\/wp-json\/wp\/v2\/pages\/450"}],"collection":[{"href":"https:\/\/mol.icb.usp.br\/index.php\/wp-json\/wp\/v2\/pages"}],"about":[{"href":"https:\/\/mol.icb.usp.br\/index.php\/wp-json\/wp\/v2\/types\/page"}],"author":[{"embeddable":true,"href":"https:\/\/mol.icb.usp.br\/index.php\/wp-json\/wp\/v2\/users\/2"}],"replies":[{"embeddable":true,"href":"https:\/\/mol.icb.usp.br\/index.php\/wp-json\/wp\/v2\/comments?post=450"}],"version-history":[{"count":8,"href":"https:\/\/mol.icb.usp.br\/index.php\/wp-json\/wp\/v2\/pages\/450\/revisions"}],"predecessor-version":[{"id":8891,"href":"https:\/\/mol.icb.usp.br\/index.php\/wp-json\/wp\/v2\/pages\/450\/revisions\/8891"}],"wp:attachment":[{"href":"https:\/\/mol.icb.usp.br\/index.php\/wp-json\/wp\/v2\/media?parent=450"}],"curies":[{"name":"wp","href":"https:\/\/api.w.org\/{rel}","templated":true}]}}