{"id":4489,"date":"2018-01-10T17:41:27","date_gmt":"2018-01-10T19:41:27","guid":{"rendered":"http:\/\/mol.icb.usp.br\/?page_id=4489"},"modified":"2018-01-21T10:52:29","modified_gmt":"2018-01-21T12:52:29","slug":"11-30-sistema-circulatorio","status":"publish","type":"page","link":"https:\/\/mol.icb.usp.br\/index.php\/11-30-sistema-circulatorio\/","title":{"rendered":"11-30 Sistema circulat\u00f3rio"},"content":{"rendered":"<div class=\"su-row\">\n<div class=\"su-column su-column-size-1-1\"><div class=\"su-column-inner su-u-clearfix su-u-trim\"><strong>CORA\u00c7\u00c3O<br \/>\nSISTEMA CONDUTOR CARD\u00cdACO<\/strong><\/div><\/div>\n<\/div>\n<div class=\"su-row\">\n<div class=\"su-column su-column-size-1-2\"><div class=\"su-column-inner su-u-clearfix su-u-trim\">\n<p>Aumento maior do pequeno conjunto de <strong>fibras de Purkinje<\/strong>, do sistema condutor de impulsos do cora\u00e7\u00e3o, presentes na camada subendoc\u00e1rdica.<br \/>\nAs fibras est\u00e3o seccionadas obliquamente e seu di\u00e2metro \u00e9 bastante maior que o das fibras musculares card\u00edacas comuns (contr\u00e1teis).<br \/>\nAo passar o cursor ou clicar sobre a imagem ficam destacados os limites aproximados de cada fibra de Purkinje e alguns de seus n\u00facleos (em vermelho).<\/p>\n<\/div><\/div>\n<div class=\"su-column su-column-size-1-2\"><div class=\"su-column-inner su-u-clearfix su-u-trim\">\n<div>\n<div class=\"image-container\">\n<a href=\"javascript:void(0)\"><img decoding=\"async\" src=\" http:\/\/mol.icb.usp.br\/wp-content\/uploads\/11-30.jpg \" onmouseover=\"this.src=' http:\/\/mol.icb.usp.br\/wp-content\/uploads\/11-30-MO.jpg'\" onmouseout=\"this.src=' http:\/\/mol.icb.usp.br\/wp-content\/uploads\/11-30.jpg'\" \/><\/a><\/div>\n<p>Cora\u00e7\u00e3o. Colora\u00e7\u00e3o: HE. Aumento grande.<\/p>\n<p><img decoding=\"async\" src=\"http:\/\/mol.icb.usp.br\/wp-content\/uploads\/mouse-1.gif\" \/><\/p>\n<div>\n<p style=\"font-size:20px\"><strong>FIM DO M\u00d3DULO <em>11 &#8211; SISTEMA CIRCULAT\u00d3RIO<\/em><\/strong> <\/p\n\n<strong>NAVEGA\u00c7\u00c3O NO MOL:<\/strong><\/p>\n<\/p>\n<p><a href=\"http:\/\/mol.icb.usp.br\/index.php\/11-29-sistema-circulatorio\/\">ACESSAR P\u00c1GINA ANTERIOR<\/a><\/p>\n<\/div>\n<\/div>\n<\/div>\n<\/div><\/div>\n<\/div>\n","protected":false},"excerpt":{"rendered":"","protected":false},"author":2,"featured_media":0,"parent":0,"menu_order":0,"comment_status":"closed","ping_status":"closed","template":"","meta":{"_monsterinsights_skip_tracking":false,"_monsterinsights_sitenote_active":false,"_monsterinsights_sitenote_note":"","_monsterinsights_sitenote_category":0,"footnotes":""},"class_list":["post-4489","page","type-page","status-publish","hentry"],"_links":{"self":[{"href":"https:\/\/mol.icb.usp.br\/index.php\/wp-json\/wp\/v2\/pages\/4489"}],"collection":[{"href":"https:\/\/mol.icb.usp.br\/index.php\/wp-json\/wp\/v2\/pages"}],"about":[{"href":"https:\/\/mol.icb.usp.br\/index.php\/wp-json\/wp\/v2\/types\/page"}],"author":[{"embeddable":true,"href":"https:\/\/mol.icb.usp.br\/index.php\/wp-json\/wp\/v2\/users\/2"}],"replies":[{"embeddable":true,"href":"https:\/\/mol.icb.usp.br\/index.php\/wp-json\/wp\/v2\/comments?post=4489"}],"version-history":[{"count":6,"href":"https:\/\/mol.icb.usp.br\/index.php\/wp-json\/wp\/v2\/pages\/4489\/revisions"}],"predecessor-version":[{"id":5097,"href":"https:\/\/mol.icb.usp.br\/index.php\/wp-json\/wp\/v2\/pages\/4489\/revisions\/5097"}],"wp:attachment":[{"href":"https:\/\/mol.icb.usp.br\/index.php\/wp-json\/wp\/v2\/media?parent=4489"}],"curies":[{"name":"wp","href":"https:\/\/api.w.org\/{rel}","templated":true}]}}