{"id":4488,"date":"2018-01-10T17:36:56","date_gmt":"2018-01-10T19:36:56","guid":{"rendered":"http:\/\/mol.icb.usp.br\/?page_id=4488"},"modified":"2018-03-14T17:17:25","modified_gmt":"2018-03-14T20:17:25","slug":"11-29-sistema-circulatorio","status":"publish","type":"page","link":"https:\/\/mol.icb.usp.br\/index.php\/11-29-sistema-circulatorio\/","title":{"rendered":"11-29 Sistema circulat\u00f3rio"},"content":{"rendered":"<div class=\"su-row\">\n<div class=\"su-column su-column-size-1-1\"><div class=\"su-column-inner su-u-clearfix su-u-trim\"><strong>CORA\u00c7\u00c3O<br \/>\nENDOC\u00c1RDIO E MIOC\u00c1RDIO <\/strong><\/div><\/div>\n<\/div>\n<div class=\"su-row\">\n<div class=\"su-column su-column-size-1-2\"><div class=\"su-column-inner su-u-clearfix su-u-trim\">\n<p>O <strong>endoc\u00e1rdio<\/strong> reveste as cavidades do cora\u00e7\u00e3o. \u00c9 constitu\u00eddo de tecido conjuntivo  revestido por uma camada de endot\u00e9lio. \u00c9 equivalente \u00e0 t\u00fanica \u00edntima dos vasos sangu\u00edneos.<\/p>\n<p>Abaixo do endoc\u00e1rdio h\u00e1 uma <strong>camada subendoc\u00e1rdica<\/strong>. \u00c9 de espessura vari\u00e1vel e \u00e0s vezes seus limites com o endoc\u00e1rdio n\u00e3o s\u00e3o muito percept\u00edveis, sendo dif\u00edcil delimitar uma camada da outra.<\/p>\n<p>A camada subendoc\u00e1rdica \u00e9 constitu\u00edda de tecido conjuntivo contendo vasos sangu\u00edneos, nervos e componentes do sistema de condu\u00e7\u00e3o de impulsos do cora\u00e7\u00e3o.<\/p>\n<p>O <strong>sistema de condu\u00e7\u00e3o de impulsos do cora\u00e7\u00e3o<\/strong> \u00e9 formado por fibras musculares card\u00edacas modificadas, denominadas <strong>fibras de Purkinje<\/strong> (<strong>n\u00e3o confundir com as c\u00e9lulas de Purkinje, neur\u00f4nios do cerebelo<\/strong>).<br \/>\nAs fibras de Purkinje s\u00e3o c\u00e9lulas musculares de di\u00e2metro bastante aumentado e com conte\u00fado reduzido de miofibrilas e, portanto, com menos estria\u00e7\u00f5es transversais. As miofibrilas frequentemente aparecem deslocadas para a periferia da c\u00e9lula, deixando um espa\u00e7o central.<br \/>\nNa imagem h\u00e1 um pequeno feixe formado por v\u00e1rias fibras de Purkinje.<\/p>\n<\/div><\/div>\n<div class=\"su-column su-column-size-1-2\"><div class=\"su-column-inner su-u-clearfix su-u-trim\">\n<div>\n<div class=\"image-container\">\n<a href=\"javascript:void(0)\"><img decoding=\"async\" src=\" http:\/\/mol.icb.usp.br\/wp-content\/uploads\/11-29.jpg \" onmouseover=\"this.src=' http:\/\/mol.icb.usp.br\/wp-content\/uploads\/11-29-MO.jpg'\" onmouseout=\"this.src=' http:\/\/mol.icb.usp.br\/wp-content\/uploads\/11-29.jpg'\" \/><\/a><\/div>\n<p>Cora\u00e7\u00e3o. Colora\u00e7\u00e3o: HE. Aumento pequeno.<\/p>\n<p><img decoding=\"async\" src=\"http:\/\/mol.icb.usp.br\/wp-content\/uploads\/mouse-1.gif\" \/><\/p>\n<div>\n<p><strong>NAVEGA\u00c7\u00c3O NO MOL:<\/strong><\/p>\n<\/p>\n<p><a href=\"http:\/\/mol.icb.usp.br\/index.php\/11-28-sistema-circulatorio\/\">ACESSAR P\u00c1GINA ANTERIOR<\/a><\/p>\n<p><a href=\"http:\/\/mol.icb.usp.br\/index.php\/11-30-sistema-circulatorio\/\">ACESSAR P\u00c1GINA SEGUINTE<\/a><\/p>\n<\/div>\n<\/div>\n<\/div>\n<\/div><\/div>\n<\/div>\n","protected":false},"excerpt":{"rendered":"","protected":false},"author":2,"featured_media":0,"parent":0,"menu_order":0,"comment_status":"closed","ping_status":"closed","template":"","meta":{"_monsterinsights_skip_tracking":false,"_monsterinsights_sitenote_active":false,"_monsterinsights_sitenote_note":"","_monsterinsights_sitenote_category":0,"footnotes":""},"class_list":["post-4488","page","type-page","status-publish","hentry"],"_links":{"self":[{"href":"https:\/\/mol.icb.usp.br\/index.php\/wp-json\/wp\/v2\/pages\/4488"}],"collection":[{"href":"https:\/\/mol.icb.usp.br\/index.php\/wp-json\/wp\/v2\/pages"}],"about":[{"href":"https:\/\/mol.icb.usp.br\/index.php\/wp-json\/wp\/v2\/types\/page"}],"author":[{"embeddable":true,"href":"https:\/\/mol.icb.usp.br\/index.php\/wp-json\/wp\/v2\/users\/2"}],"replies":[{"embeddable":true,"href":"https:\/\/mol.icb.usp.br\/index.php\/wp-json\/wp\/v2\/comments?post=4488"}],"version-history":[{"count":4,"href":"https:\/\/mol.icb.usp.br\/index.php\/wp-json\/wp\/v2\/pages\/4488\/revisions"}],"predecessor-version":[{"id":6086,"href":"https:\/\/mol.icb.usp.br\/index.php\/wp-json\/wp\/v2\/pages\/4488\/revisions\/6086"}],"wp:attachment":[{"href":"https:\/\/mol.icb.usp.br\/index.php\/wp-json\/wp\/v2\/media?parent=4488"}],"curies":[{"name":"wp","href":"https:\/\/api.w.org\/{rel}","templated":true}]}}