{"id":4479,"date":"2018-01-10T17:29:00","date_gmt":"2018-01-10T19:29:00","guid":{"rendered":"http:\/\/mol.icb.usp.br\/?page_id=4479"},"modified":"2018-01-10T17:32:54","modified_gmt":"2018-01-10T19:32:54","slug":"11-27-sistema-circulatorio","status":"publish","type":"page","link":"https:\/\/mol.icb.usp.br\/index.php\/11-27-sistema-circulatorio\/","title":{"rendered":"11-27 Sistema circulat\u00f3rio"},"content":{"rendered":"<div class=\"su-row\">\n<div class=\"su-column su-column-size-1-1\"><div class=\"su-column-inner su-u-clearfix su-u-trim\"><strong>CORA\u00c7\u00c3O<br \/>\nEPIC\u00c1RDIO &#8211; 1<br \/>\n<\/strong><\/div><\/div>\n<\/div>\n<div class=\"su-row\">\n<div class=\"su-column su-column-size-1-2\"><div class=\"su-column-inner su-u-clearfix su-u-trim\">\n<p>A imagem mostra uma \u00e1rea de <strong>mioc\u00e1rdio<\/strong> e de <strong>epic\u00e1rdio<\/strong>.<br \/>\nO epic\u00e1rdio \u00e9 revestido externamente pelo folheto visceral do <strong>peric\u00e1rdio<\/strong>, membrana que envolve o cora\u00e7\u00e3o.<br \/>\nO epic\u00e1rdio \u00e9 formado de uma l\u00e2mina de <strong>tecido conjuntivo denso<\/strong> revestido externamente (isto \u00e9, na face voltada para a cavidade peric\u00e1rdica) por um <strong>epit\u00e9lio pavimentoso simples<\/strong> &#8211; um <strong>mesot\u00e9lio<\/strong>.<br \/>\nSe n\u00e3o se lembrar do termo <em>mesot\u00e9lio<\/em> fa\u00e7a uma busca ou consulte o Gloss\u00e1rio.<br \/>\nA camada subepic\u00e1rdica apresenta tecido adiposo e vasos sangu\u00edneos e linf\u00e1ticos.<\/p>\n<\/div><\/div>\n<div class=\"su-column su-column-size-1-2\"><div class=\"su-column-inner su-u-clearfix su-u-trim\">\n<div>\n<div class=\"image-container\">\n<a href=\"javascript:void(0)\"><img decoding=\"async\" src=\" http:\/\/mol.icb.usp.br\/wp-content\/uploads\/11-27.jpg \" onmouseover=\"this.src=' http:\/\/mol.icb.usp.br\/wp-content\/uploads\/11-27-MO.jpg'\" onmouseout=\"this.src=' http:\/\/mol.icb.usp.br\/wp-content\/uploads\/11-27.jpg'\" \/><\/a><\/div>\n<p>Cora\u00e7\u00e3o. Colora\u00e7\u00e3o: HE. Aumento pequeno.<\/p>\n<p><img decoding=\"async\" src=\"http:\/\/mol.icb.usp.br\/wp-content\/uploads\/mouse-1.gif\" \/><\/p>\n<div>\n<p><strong>NAVEGA\u00c7\u00c3O NO MOL:<\/strong><\/p>\n<\/p>\n<p><a href=\"http:\/\/mol.icb.usp.br\/index.php\/11-26-sistema-circulatorio\/\">ACESSAR P\u00c1GINA ANTERIOR<\/a><\/p>\n<p><a href=\"http:\/\/mol.icb.usp.br\/index.php\/11-28-sistema-circulatorio\/\">ACESSAR P\u00c1GINA SEGUINTE<\/a><\/p>\n<\/div>\n<\/div>\n<\/div>\n<\/div><\/div>\n<\/div>\n","protected":false},"excerpt":{"rendered":"","protected":false},"author":2,"featured_media":0,"parent":0,"menu_order":0,"comment_status":"closed","ping_status":"closed","template":"","meta":{"_monsterinsights_skip_tracking":false,"_monsterinsights_sitenote_active":false,"_monsterinsights_sitenote_note":"","_monsterinsights_sitenote_category":0,"footnotes":""},"class_list":["post-4479","page","type-page","status-publish","hentry"],"_links":{"self":[{"href":"https:\/\/mol.icb.usp.br\/index.php\/wp-json\/wp\/v2\/pages\/4479"}],"collection":[{"href":"https:\/\/mol.icb.usp.br\/index.php\/wp-json\/wp\/v2\/pages"}],"about":[{"href":"https:\/\/mol.icb.usp.br\/index.php\/wp-json\/wp\/v2\/types\/page"}],"author":[{"embeddable":true,"href":"https:\/\/mol.icb.usp.br\/index.php\/wp-json\/wp\/v2\/users\/2"}],"replies":[{"embeddable":true,"href":"https:\/\/mol.icb.usp.br\/index.php\/wp-json\/wp\/v2\/comments?post=4479"}],"version-history":[{"count":3,"href":"https:\/\/mol.icb.usp.br\/index.php\/wp-json\/wp\/v2\/pages\/4479\/revisions"}],"predecessor-version":[{"id":4487,"href":"https:\/\/mol.icb.usp.br\/index.php\/wp-json\/wp\/v2\/pages\/4479\/revisions\/4487"}],"wp:attachment":[{"href":"https:\/\/mol.icb.usp.br\/index.php\/wp-json\/wp\/v2\/media?parent=4479"}],"curies":[{"name":"wp","href":"https:\/\/api.w.org\/{rel}","templated":true}]}}