{"id":4468,"date":"2018-01-10T17:19:46","date_gmt":"2018-01-10T19:19:46","guid":{"rendered":"http:\/\/mol.icb.usp.br\/?page_id=4468"},"modified":"2019-03-27T14:51:47","modified_gmt":"2019-03-27T17:51:47","slug":"11-25-sistema-circulatorio","status":"publish","type":"page","link":"https:\/\/mol.icb.usp.br\/index.php\/11-25-sistema-circulatorio\/","title":{"rendered":"11-25 Sistema circulat\u00f3rio"},"content":{"rendered":"<div class=\"su-row\">\n  <div class=\"su-column su-column-size-1-1\"><div class=\"su-column-inner su-u-clearfix su-u-trim\"> <strong>VASOS LINF\u00c1TICOS \u2013 3 <\/strong><\/div><\/div>\n<\/div>\n<div class=\"su-row\">\n  <div class=\"su-column su-column-size-1-2\"><div class=\"su-column-inner su-u-clearfix su-u-trim\"> <\/p>\n<p><strong>V\u00e1lvulas em vasos linf\u00e1ticos<\/strong><br \/>\nImagem superior<br \/>\nPequeno vaso linf\u00e1tico situado ao lado de uma veia.<br \/>\nNote que a parede do vaso linf\u00e1tico \u00e9 muito delgada (seta preta).<br \/>\nH\u00e1 duas pequenas v\u00e1lvulas projetando-se no l\u00famen do vaso (setas vermelhas).<br \/>\n<strong>Veia<\/strong> &#8211; observa-se um pequeno segmento de sua parede.<br \/>\nObserve a espessura da sua t\u00fanica m\u00e9dia (verde escuro na barra) e da advent\u00edcia (verde claro), esta \u00faltima quase sempre predominante nas veias.<\/p>\n<p>Imagem inferior<br \/>\nAs setas indicam v\u00e1lvulas que regulam o fluxo de linfa da regi\u00e3o \u00e0 direita para a regi\u00e3o esquerda deste vaso linf\u00e1tico.<br \/>\nA parede muito delgada \u00e9 uma caracter\u00edstica de pequenos vasos linf\u00e1ticos.<\/p>\n<\/div><\/div>\n  <div class=\"su-column su-column-size-1-2\"><div class=\"su-column-inner su-u-clearfix su-u-trim\"> <\/p>\n<p><img decoding=\"async\" src=\" http:\/\/mol.icb.usp.br\/wp-content\/uploads\/11-25.jpg \" \/><\/a><\/p>\n<p>Vaso linf\u00e1tico e veia. Colora\u00e7\u00e3o: HE. Aumento: pequeno.<\/p>\n<p><img decoding=\"async\" src=\" http:\/\/mol.icb.usp.br\/wp-content\/uploads\/11-25-B.jpg \" \/><\/a><\/p>\n<p>V\u00e1lvulas de vaso linf\u00e1tico. Colora\u00e7\u00e3o: HE. Aumento: m\u00e9dio.<\/p>\n<p>Para navegar no MOL, use os links ACESSAR P\u00c1GINA ANTERIOR e ACESSAR P\u00c1GINA SEGUINTE situados abaixo da figura.<\/p>\n<p><strong>NAVEGA\u00c7\u00c3O NO MOL:<\/strong><\/p>\n<p><a href=\"http:\/\/mol.icb.usp.br\/index.php\/11-24-sistema-circulatorio\/\">ACESSAR P\u00c1GINA ANTERIOR<\/a><\/p>\n<p><a href=\"http:\/\/mol.icb.usp.br\/index.php\/11-26-sistema-circulatorio\/\">ACESSAR P\u00c1GINA SEGUINTE<\/a><br \/>\n<\/div><\/div>\n<\/div>\n","protected":false},"excerpt":{"rendered":"","protected":false},"author":2,"featured_media":0,"parent":0,"menu_order":0,"comment_status":"closed","ping_status":"closed","template":"","meta":{"_monsterinsights_skip_tracking":false,"_monsterinsights_sitenote_active":false,"_monsterinsights_sitenote_note":"","_monsterinsights_sitenote_category":0,"footnotes":""},"class_list":["post-4468","page","type-page","status-publish","hentry"],"_links":{"self":[{"href":"https:\/\/mol.icb.usp.br\/index.php\/wp-json\/wp\/v2\/pages\/4468"}],"collection":[{"href":"https:\/\/mol.icb.usp.br\/index.php\/wp-json\/wp\/v2\/pages"}],"about":[{"href":"https:\/\/mol.icb.usp.br\/index.php\/wp-json\/wp\/v2\/types\/page"}],"author":[{"embeddable":true,"href":"https:\/\/mol.icb.usp.br\/index.php\/wp-json\/wp\/v2\/users\/2"}],"replies":[{"embeddable":true,"href":"https:\/\/mol.icb.usp.br\/index.php\/wp-json\/wp\/v2\/comments?post=4468"}],"version-history":[{"count":5,"href":"https:\/\/mol.icb.usp.br\/index.php\/wp-json\/wp\/v2\/pages\/4468\/revisions"}],"predecessor-version":[{"id":8129,"href":"https:\/\/mol.icb.usp.br\/index.php\/wp-json\/wp\/v2\/pages\/4468\/revisions\/8129"}],"wp:attachment":[{"href":"https:\/\/mol.icb.usp.br\/index.php\/wp-json\/wp\/v2\/media?parent=4468"}],"curies":[{"name":"wp","href":"https:\/\/api.w.org\/{rel}","templated":true}]}}