{"id":4462,"date":"2018-01-10T17:08:37","date_gmt":"2018-01-10T19:08:37","guid":{"rendered":"http:\/\/mol.icb.usp.br\/?page_id=4462"},"modified":"2018-03-14T17:11:31","modified_gmt":"2018-03-14T20:11:31","slug":"11-23-sistema-circulatorio","status":"publish","type":"page","link":"https:\/\/mol.icb.usp.br\/index.php\/11-23-sistema-circulatorio\/","title":{"rendered":"11-23 Sistema circulat\u00f3rio"},"content":{"rendered":"<p><strong>VASOS LINF\u00c1TICOS \u2013 1 <\/strong><\/p>\n<p>Os vasos linf\u00e1ticos t\u00eam, de modo geral, semelhan\u00e7a com as veias sangu\u00edneas. Por esta raz\u00e3o \u00e0s vezes \u00e9 dif\u00edcil diferenciar veias de vasos linf\u00e1ticos.<\/p>\n<p>A n\u00e3o ser nos grandes vasos linf\u00e1ticos, que t\u00eam estrutura semelhante \u00e0 de uma veia, os vasos linf\u00e1ticos menores t\u00eam as t\u00fanicas simplificadas.<br \/>\nNo caso de capilares linf\u00e1ticos e as primeiras veias linf\u00e1ticas, a parede \u00e9 muito delgada, o que explica por que \u00e9 muito perme\u00e1vel. Nos vasos linf\u00e1ticos um pouco mais calibrosos a t\u00fanica \u00edntima \u00e9 formada por um endot\u00e9lio e a t\u00fanica m\u00e9dia \u00e9 a que chama mais a aten\u00e7\u00e3o na parede.<br \/>\nOs vasos linf\u00e1ticos de diversos calibres possuem frequentemente valvas no seu l\u00famen, destinadas a impedir o refluxo da linfa.<br \/>\nOs vasos linf\u00e1ticos n\u00e3o possuem hem\u00e1cias no seu interior, por\u00e9m um material homog\u00eaneo (linfa) que em HE se cora levemente por eosina em cor de rosa. Al\u00e9m disto, pode conter leuc\u00f3citos, principalmente linf\u00f3citos.<\/p>\n<p><strong>NAVEGA\u00c7\u00c3O NO MOL:<\/strong><\/p>\n<p><a href=\"http:\/\/mol.icb.usp.br\/index.php\/11-22-sistema-circulatorio\/\">ACESSAR P\u00c1GINA ANTERIOR<\/a><\/p>\n<p><a href=\"http:\/\/mol.icb.usp.br\/index.php\/11-24-sistema-circulatorio\/\">ACESSAR P\u00c1GINA SEGUINTE<\/a><\/p>\n","protected":false},"excerpt":{"rendered":"<p>VASOS LINF\u00c1TICOS \u2013 1 Os vasos linf\u00e1ticos t\u00eam, de modo geral, semelhan\u00e7a com as veias sangu\u00edneas. Por esta raz\u00e3o \u00e0s vezes \u00e9 dif\u00edcil diferenciar veias de vasos linf\u00e1ticos. A n\u00e3o ser nos grandes vasos linf\u00e1ticos, que t\u00eam estrutura semelhante \u00e0 de uma veia, os vasos linf\u00e1ticos menores t\u00eam as t\u00fanicas simplificadas. No caso de capilares [&hellip;]<\/p>\n","protected":false},"author":2,"featured_media":0,"parent":0,"menu_order":0,"comment_status":"closed","ping_status":"closed","template":"","meta":{"_monsterinsights_skip_tracking":false,"_monsterinsights_sitenote_active":false,"_monsterinsights_sitenote_note":"","_monsterinsights_sitenote_category":0,"footnotes":""},"class_list":["post-4462","page","type-page","status-publish","hentry"],"_links":{"self":[{"href":"https:\/\/mol.icb.usp.br\/index.php\/wp-json\/wp\/v2\/pages\/4462"}],"collection":[{"href":"https:\/\/mol.icb.usp.br\/index.php\/wp-json\/wp\/v2\/pages"}],"about":[{"href":"https:\/\/mol.icb.usp.br\/index.php\/wp-json\/wp\/v2\/types\/page"}],"author":[{"embeddable":true,"href":"https:\/\/mol.icb.usp.br\/index.php\/wp-json\/wp\/v2\/users\/2"}],"replies":[{"embeddable":true,"href":"https:\/\/mol.icb.usp.br\/index.php\/wp-json\/wp\/v2\/comments?post=4462"}],"version-history":[{"count":5,"href":"https:\/\/mol.icb.usp.br\/index.php\/wp-json\/wp\/v2\/pages\/4462\/revisions"}],"predecessor-version":[{"id":6080,"href":"https:\/\/mol.icb.usp.br\/index.php\/wp-json\/wp\/v2\/pages\/4462\/revisions\/6080"}],"wp:attachment":[{"href":"https:\/\/mol.icb.usp.br\/index.php\/wp-json\/wp\/v2\/media?parent=4462"}],"curies":[{"name":"wp","href":"https:\/\/api.w.org\/{rel}","templated":true}]}}