{"id":4441,"date":"2018-01-10T16:38:42","date_gmt":"2018-01-10T18:38:42","guid":{"rendered":"http:\/\/mol.icb.usp.br\/?page_id=4441"},"modified":"2018-01-10T16:42:41","modified_gmt":"2018-01-10T18:42:41","slug":"11-21-resposta","status":"publish","type":"page","link":"https:\/\/mol.icb.usp.br\/index.php\/11-21-resposta\/","title":{"rendered":"11-21 Resposta"},"content":{"rendered":"<div class=\"su-row\">\n  <div class=\"su-column su-column-size-1-1\"><div class=\"su-column-inner su-u-clearfix su-u-trim\"> <strong>DIAGN\u00d3STICO TESTE P\u00c1GINA 11-21<br \/>\n <\/strong><\/div><\/div>\n<\/div>\n<div class=\"su-row\">\n  <div class=\"su-column su-column-size-1-2\"><div class=\"su-column-inner su-u-clearfix su-u-trim\"> <\/p>\n<p>Vaso maior \u2013 t\u00fanica m\u00e9dia com c\u00e9lulas musculares lisas dispostas em duas ou tr\u00eas camadas. Advent\u00edcia muito reduzida.<br \/>\nA parede \u00e9 espessa em rela\u00e7\u00e3o ao di\u00e2metro externo e \u00e9 t\u00e3o espessa quanto o l\u00famen. Sem d\u00favida uma arter\u00edola. <\/p>\n<p>Vasos menores \u2013 pequenos capilares sangu\u00edneos. Di\u00e2metro do l\u00famen um pouco maior que o di\u00e2metro de hem\u00e1cia. H\u00e1 uma hem\u00e1cia no l\u00famen do capilar inferior. Veja tamb\u00e9m para compara\u00e7\u00e3o, o di\u00e2metro das hem\u00e1cias no interior da arter\u00edola.<\/p>\n<\/div><\/div>\n  <div class=\"su-column su-column-size-1-2\"><div class=\"su-column-inner su-u-clearfix su-u-trim\"> <\/p>\n<p><img decoding=\"async\" src=\" http:\/\/mol.icb.usp.br\/wp-content\/uploads\/11-21-teste2.jpg \" \/><\/a><\/p>\n<p>Vasos sangu\u00edneos. Colora\u00e7\u00e3o: HE. Aumento: pequeno.<\/p>\n<\/div><\/div>\n<\/div>\n","protected":false},"excerpt":{"rendered":"","protected":false},"author":2,"featured_media":0,"parent":0,"menu_order":0,"comment_status":"closed","ping_status":"closed","template":"","meta":{"_monsterinsights_skip_tracking":false,"_monsterinsights_sitenote_active":false,"_monsterinsights_sitenote_note":"","_monsterinsights_sitenote_category":0,"footnotes":""},"class_list":["post-4441","page","type-page","status-publish","hentry"],"_links":{"self":[{"href":"https:\/\/mol.icb.usp.br\/index.php\/wp-json\/wp\/v2\/pages\/4441"}],"collection":[{"href":"https:\/\/mol.icb.usp.br\/index.php\/wp-json\/wp\/v2\/pages"}],"about":[{"href":"https:\/\/mol.icb.usp.br\/index.php\/wp-json\/wp\/v2\/types\/page"}],"author":[{"embeddable":true,"href":"https:\/\/mol.icb.usp.br\/index.php\/wp-json\/wp\/v2\/users\/2"}],"replies":[{"embeddable":true,"href":"https:\/\/mol.icb.usp.br\/index.php\/wp-json\/wp\/v2\/comments?post=4441"}],"version-history":[{"count":3,"href":"https:\/\/mol.icb.usp.br\/index.php\/wp-json\/wp\/v2\/pages\/4441\/revisions"}],"predecessor-version":[{"id":4447,"href":"https:\/\/mol.icb.usp.br\/index.php\/wp-json\/wp\/v2\/pages\/4441\/revisions\/4447"}],"wp:attachment":[{"href":"https:\/\/mol.icb.usp.br\/index.php\/wp-json\/wp\/v2\/media?parent=4441"}],"curies":[{"name":"wp","href":"https:\/\/api.w.org\/{rel}","templated":true}]}}