{"id":443,"date":"2017-05-16T21:43:24","date_gmt":"2017-05-17T00:43:24","guid":{"rendered":"http:\/\/mol.icb.usp.br\/?page_id=443"},"modified":"2018-03-15T12:53:25","modified_gmt":"2018-03-15T15:53:25","slug":"1-20-conceitos-basicos","status":"publish","type":"page","link":"https:\/\/mol.icb.usp.br\/index.php\/1-20-conceitos-basicos\/","title":{"rendered":"1-20 Conceitos b\u00e1sicos"},"content":{"rendered":"<div class=\"su-row\">\n  <div class=\"su-column su-column-size-1-1\"><div class=\"su-column-inner su-u-clearfix su-u-trim\"><strong>FORMAS MAIS COMUNS DAS C\u00c9LULAS<\/strong> <\/div><\/div>\n<\/div>\n<div class=\"su-row\">\n  <div class=\"su-column su-column-size-1-2\"><div class=\"su-column-inner su-u-clearfix su-u-trim\">\nOs diversos tipos de c\u00e9lulas do organismo t\u00eam formas bastante variadas e as suas formas  quase sempre est\u00e3o estreitamente associadas com as fun\u00e7\u00f5es que exercem.<br \/>\n1- <strong>c\u00e9lulas planas<\/strong> ou <strong>pavimentosas<\/strong>. S\u00e3o achatadas como ladrilhos. Seu contorno pode ser oval ou alongado e seu n\u00facleo geralmente \u00e9 el\u00edptico. Tudo isto d\u00e1 a este tipo de forma o aspecto de um ovo frito em que a gema seria o n\u00facleo. Muitas destas c\u00e9lulas t\u00eam prolongamentos.<br \/>\n2- <strong>c\u00e9lulas esf\u00e9ricas<\/strong>. S\u00f3 existem em meio l\u00edquido, como \u00e9 o caso das c\u00e9lulas do sangue ou da linfa. Outras c\u00e9lulas do organismo, como por exemplo os macr\u00f3fagos que s\u00e3o c\u00e9lulas livres e migrat\u00f3rias especializadas em fagocitose, podem ser mais ou menos esf\u00e9ricas, dependendo da sua posi\u00e7\u00e3o e do contato com c\u00e9lulas ou estruturas vizinhas.<br \/>\n3- <strong>c\u00e9lulas c\u00fabicas<\/strong> ou <strong>cuboides<\/strong>. Poucas c\u00e9lulas s\u00e3o realmente c\u00fabicas como mostrado na Fig. 3a. Na verdade elas s\u00e3o aproximadamente c\u00fabicas e s\u00e3o chamadas cuboides. Geralmente t\u00eam v\u00e1rias pequenas faces como mostrado na Fig. 3b, em vez das seis faces de um cubo verdadeiro. S\u00e3o as faces de contato com c\u00e9lulas vizinhas.<br \/>\n4- <strong>c\u00e9lulas prism\u00e1ticas<\/strong> ou <strong>colunares<\/strong>. T\u00eam forma de paralelep\u00edpedos (Fig. 4a) e, como no caso das c\u00e9lulas c\u00fabicas, t\u00eam v\u00e1rias pequenas faces (Fig. 4b). <\/p>\n<p><img decoding=\"async\" src=\" http:\/\/mol.icb.usp.br\/wp-content\/uploads\/1-20.gif \" \/><\/a><\/p>\n<p>5- <strong>c\u00e9lulas poli\u00e9dricas<\/strong>. As c\u00e9lulas que existem em grande quantidade no f\u00edgado (os hepat\u00f3citos), vistas nas primeiras p\u00e1ginas deste m\u00f3dulo, t\u00eam formas que variam entre aproximadamente esf\u00e9ricas e aproximadamente c\u00fabicas. Este tipo de c\u00e9lula tem in\u00fameras pequenas faces resultantes do contato entre c\u00e9lulas vizinhas. Este tipo de formato \u00e9 muito comum no organismo.<br \/>\n6- <strong>c\u00e9lulas fusiformes<\/strong>. S\u00e3o c\u00e9lulas em forma de um fuso, isto \u00e9, alongadas e com as extremidades delgadas. Um exemplo \u00e9 o das c\u00e9lulas musculares lisas.<br \/>\n7- <strong>c\u00e9lulas cil\u00edndricas<\/strong>. T\u00eam forma de cilindros com extremidades achatadas mas n\u00e3o afiladas como as c\u00e9lulas fusiformes. As c\u00e9lulas musculares card\u00edacas e as esquel\u00e9ticas s\u00e3o exemplos deste tipo de forma.<\/p>\n<p><strong>NAVEGA\u00c7\u00c3O NO MOL:<\/strong><\/p>\n<p><a href=\"http:\/\/mol.icb.usp.br\/index.php\/1-19-conceitos-basicos\/\">ACESSAR P\u00c1GINA ANTERIOR<\/a><\/p>\n<p><a href=\"http:\/\/mol.icb.usp.br\/index.php\/1-21-conceitos-basicos\/\">ACESSAR P\u00c1GINA SEGUINTE<\/a><br \/>\n<\/div><\/div>\n  <div class=\"su-column su-column-size-1-2\"><div class=\"su-column-inner su-u-clearfix su-u-trim\"> <\/p>\n<\/div><\/div>\n<\/div>\n","protected":false},"excerpt":{"rendered":"","protected":false},"author":2,"featured_media":0,"parent":0,"menu_order":0,"comment_status":"closed","ping_status":"closed","template":"","meta":{"_monsterinsights_skip_tracking":false,"_monsterinsights_sitenote_active":false,"_monsterinsights_sitenote_note":"","_monsterinsights_sitenote_category":0,"footnotes":""},"class_list":["post-443","page","type-page","status-publish","hentry"],"_links":{"self":[{"href":"https:\/\/mol.icb.usp.br\/index.php\/wp-json\/wp\/v2\/pages\/443"}],"collection":[{"href":"https:\/\/mol.icb.usp.br\/index.php\/wp-json\/wp\/v2\/pages"}],"about":[{"href":"https:\/\/mol.icb.usp.br\/index.php\/wp-json\/wp\/v2\/types\/page"}],"author":[{"embeddable":true,"href":"https:\/\/mol.icb.usp.br\/index.php\/wp-json\/wp\/v2\/users\/2"}],"replies":[{"embeddable":true,"href":"https:\/\/mol.icb.usp.br\/index.php\/wp-json\/wp\/v2\/comments?post=443"}],"version-history":[{"count":8,"href":"https:\/\/mol.icb.usp.br\/index.php\/wp-json\/wp\/v2\/pages\/443\/revisions"}],"predecessor-version":[{"id":6140,"href":"https:\/\/mol.icb.usp.br\/index.php\/wp-json\/wp\/v2\/pages\/443\/revisions\/6140"}],"wp:attachment":[{"href":"https:\/\/mol.icb.usp.br\/index.php\/wp-json\/wp\/v2\/media?parent=443"}],"curies":[{"name":"wp","href":"https:\/\/api.w.org\/{rel}","templated":true}]}}