{"id":4393,"date":"2018-01-10T11:54:59","date_gmt":"2018-01-10T13:54:59","guid":{"rendered":"http:\/\/mol.icb.usp.br\/?page_id=4393"},"modified":"2018-03-14T17:04:32","modified_gmt":"2018-03-14T20:04:32","slug":"11-16-sistema-circulatorio","status":"publish","type":"page","link":"https:\/\/mol.icb.usp.br\/index.php\/11-16-sistema-circulatorio\/","title":{"rendered":"11-16 Sistema circulat\u00f3rio"},"content":{"rendered":"<div class=\"su-row\">\n<div class=\"su-column su-column-size-1-1\"><div class=\"su-column-inner su-u-clearfix su-u-trim\"><strong>MICROCIRCULA\u00c7\u00c3O-3<br \/>\n<\/strong><\/div><\/div>\n<\/div>\n<div class=\"su-row\">\n<div class=\"su-column su-column-size-1-2\"><div class=\"su-column-inner su-u-clearfix su-u-trim\">\n<p>Um par de vasos sangu\u00edneos de pequeno calibre.<br \/>\nNa por\u00e7\u00e3o inferior da figura: vaso com t\u00fanica m\u00e9dia muito espessa \u2013 ressaltada em azul ap\u00f3s colocar o cursor ou clicar. A espessura da t\u00fanica \u00e9 maior que o l\u00famen do vaso.<br \/>\nNa t\u00fanica m\u00e9dia est\u00e3o ressaltados dois n\u00facleos de c\u00e9lulas musculares lisas (em verde claro), al\u00e9m de um n\u00facleo de fibroblasto (em verde escuro) que pertence \u00e0 advent\u00edcia.<br \/>\nT\u00fanica \u00edntima ressaltada em vermelho apresentando os n\u00facleos das c\u00e9lulas endoteliais.<br \/>\nPelo calibre do vaso e pela grande espessura relativa da parede em rela\u00e7\u00e3o ao l\u00famen e ao di\u00e2metro total, trata-se de uma <strong>arter\u00edola<\/strong>.<br \/>\nO vaso no centro da figura possui pequeno calibre, l\u00famen amplo e parede delgada \u2013 <strong>v\u00eanula<\/strong>.<br \/>\nObserve um <strong>capilar sangu\u00edneo \u00e0 direita<\/strong> (ressaltado em azul) e preste aten\u00e7\u00e3o na diferen\u00e7a de calibre do capilar com os outros vasos. <\/p>\n<p><strong>Teste seu conhecimento:<\/strong> qual o tecido que ocupa todo tri\u00e2ngulo superior direito da figura?<br \/>\n<a href=\"http:\/\/mol.icb.usp.br\/index.php\/11-16-resposta\/\" rel=\"noopener\" target=\"_blank\">Clique aqui para confirmar seu diagn\u00f3stico.<\/a><\/p>\n<\/div><\/div>\n<div class=\"su-column su-column-size-1-2\"><div class=\"su-column-inner su-u-clearfix su-u-trim\">\n<div>\n<div class=\"image-container\">\n<a href=\"javascript:void(0)\"><img decoding=\"async\" src=\" http:\/\/mol.icb.usp.br\/wp-content\/uploads\/11-16.jpg \" onmouseover=\"this.src=' http:\/\/mol.icb.usp.br\/wp-content\/uploads\/11-16-MO.jpg'\" onmouseout=\"this.src=' http:\/\/mol.icb.usp.br\/wp-content\/uploads\/11-16.jpg'\" \/><\/a><\/div>\n<p>Material. Colora\u00e7\u00e3o: HE. Aumento grande.<\/p>\n<p><img decoding=\"async\" src=\"http:\/\/mol.icb.usp.br\/wp-content\/uploads\/mouse-1.gif\" \/><\/p>\n<div>\n<p><strong>NAVEGA\u00c7\u00c3O NO MOL:<\/strong><\/p>\n<\/p>\n<p><a href=\"http:\/\/mol.icb.usp.br\/index.php\/11-15-sistema-circulatorio\/\">ACESSAR P\u00c1GINA ANTERIOR<\/a><\/p>\n<p><a href=\"http:\/\/mol.icb.usp.br\/index.php\/11-17-sistema-circulatorio\/\">ACESSAR P\u00c1GINA SEGUINTE<\/a><\/p>\n<\/div>\n<\/div>\n<\/div>\n<\/div><\/div>\n<\/div>\n","protected":false},"excerpt":{"rendered":"","protected":false},"author":2,"featured_media":0,"parent":0,"menu_order":0,"comment_status":"closed","ping_status":"closed","template":"","meta":{"_monsterinsights_skip_tracking":false,"_monsterinsights_sitenote_active":false,"_monsterinsights_sitenote_note":"","_monsterinsights_sitenote_category":0,"footnotes":""},"class_list":["post-4393","page","type-page","status-publish","hentry"],"_links":{"self":[{"href":"https:\/\/mol.icb.usp.br\/index.php\/wp-json\/wp\/v2\/pages\/4393"}],"collection":[{"href":"https:\/\/mol.icb.usp.br\/index.php\/wp-json\/wp\/v2\/pages"}],"about":[{"href":"https:\/\/mol.icb.usp.br\/index.php\/wp-json\/wp\/v2\/types\/page"}],"author":[{"embeddable":true,"href":"https:\/\/mol.icb.usp.br\/index.php\/wp-json\/wp\/v2\/users\/2"}],"replies":[{"embeddable":true,"href":"https:\/\/mol.icb.usp.br\/index.php\/wp-json\/wp\/v2\/comments?post=4393"}],"version-history":[{"count":7,"href":"https:\/\/mol.icb.usp.br\/index.php\/wp-json\/wp\/v2\/pages\/4393\/revisions"}],"predecessor-version":[{"id":6075,"href":"https:\/\/mol.icb.usp.br\/index.php\/wp-json\/wp\/v2\/pages\/4393\/revisions\/6075"}],"wp:attachment":[{"href":"https:\/\/mol.icb.usp.br\/index.php\/wp-json\/wp\/v2\/media?parent=4393"}],"curies":[{"name":"wp","href":"https:\/\/api.w.org\/{rel}","templated":true}]}}