{"id":436,"date":"2017-05-16T17:51:49","date_gmt":"2017-05-16T20:51:49","guid":{"rendered":"http:\/\/mol.icb.usp.br\/?page_id=436"},"modified":"2025-07-19T11:27:43","modified_gmt":"2025-07-19T14:27:43","slug":"1-19-conceitos-basicos","status":"publish","type":"page","link":"https:\/\/mol.icb.usp.br\/index.php\/1-19-conceitos-basicos\/","title":{"rendered":"1-19 Conceitos b\u00e1sicos"},"content":{"rendered":"<div class=\"su-row\">\n<div class=\"su-column su-column-size-1-1\"><div class=\"su-column-inner su-u-clearfix su-u-trim\"><strong>RACIOCINANDO EM 3-DIMENS\u00d5ES &#8211; 7<\/strong> <\/div><\/div>\n<\/div>\n<div class=\"su-row\">\n<div class=\"su-column su-column-size-1-2\"><div class=\"su-column-inner su-u-clearfix su-u-trim\"><strong>C\u00e9lulas seccionadas em diferentes n\u00edveis.<\/strong><br \/>\nVeja esta sequ\u00eancia de desenhos de c\u00e9lulas conforme poderiam ser observadas em um microsc\u00f3pio. Representam sec\u00e7\u00f5es feitos em diferentes n\u00edveis da c\u00e9lulas. Algumas sec\u00e7\u00f5es mostram somente citoplasma, outras mostram n\u00facleo com nucl\u00e9olo e outras sec\u00e7\u00f5es n\u00facleos sem nucl\u00e9olo.<br \/>\nNo \u00faltimo desenho \u00e0 direita, somente uma calota do n\u00facleo est\u00e1 presente no corte e este tipo de n\u00facleo \u00e9 visto ao microsc\u00f3pio como um n\u00facleo &#8220;apagado&#8221; ou fora de foco.<br \/>\nIsto tudo ocorre por que as c\u00e9lulas s\u00e3o cortadas ao acaso em diferentes locais de sua espessura. Os v\u00e1rios n\u00edveis de sec\u00e7\u00f5es resultam em diferentes imagens.<\/p>\n<\/div><\/div>\n<div class=\"su-column su-column-size-1-2\"><div class=\"su-column-inner su-u-clearfix su-u-trim\">\n<div>\n<div class=\"image-container\">\n<div class=\"extra\">\n<a href=\"javascript:void(0)\"><img decoding=\"async\" src=\" http:\/\/mol.icb.usp.br\/wp-content\/uploads\/1-19.gif \" onmouseover=\"this.src=' http:\/\/mol.icb.usp.br\/wp-content\/uploads\/1-19MO.gif'\" onmouseout=\"this.src=' http:\/\/mol.icb.usp.br\/wp-content\/uploads\/1-19.gif'\" \/><\/a><\/div>\n<\/p>\n<p><img decoding=\"async\" src=\"http:\/\/mol.icb.usp.br\/wp-content\/uploads\/mouse-1.gif\"\/><\/a><\/p>\n<p><strong>NAVEGA\u00c7\u00c3O NO MOL:<\/strong><\/p>\n<p><a href=\"http:\/\/mol.icb.usp.br\/index.php\/1-18-conceitos-basicos\/\">ACESSAR P\u00c1GINA ANTERIOR<\/a><\/p>\n<p><a href=\"http:\/\/mol.icb.usp.br\/index.php\/1-20-conceitos-basicos\/\">ACESSAR P\u00c1GINA SEGUINTE<\/a><\/p>\n<p><a href=\"https:\/\/mol.icb.usp.br\/index.php\/1-0-conceitos-basicos-de-observacao-de-preparados-histologicos-ao-microscopio-de-luz\/\">MENU DO M\u00d3DULO<\/a><\/p>\n<\/div>\n<\/div>\n<\/div><\/div>\n<\/div>\n","protected":false},"excerpt":{"rendered":"","protected":false},"author":2,"featured_media":0,"parent":0,"menu_order":0,"comment_status":"closed","ping_status":"closed","template":"","meta":{"_monsterinsights_skip_tracking":false,"_monsterinsights_sitenote_active":false,"_monsterinsights_sitenote_note":"","_monsterinsights_sitenote_category":0,"footnotes":""},"class_list":["post-436","page","type-page","status-publish","hentry"],"_links":{"self":[{"href":"https:\/\/mol.icb.usp.br\/index.php\/wp-json\/wp\/v2\/pages\/436"}],"collection":[{"href":"https:\/\/mol.icb.usp.br\/index.php\/wp-json\/wp\/v2\/pages"}],"about":[{"href":"https:\/\/mol.icb.usp.br\/index.php\/wp-json\/wp\/v2\/types\/page"}],"author":[{"embeddable":true,"href":"https:\/\/mol.icb.usp.br\/index.php\/wp-json\/wp\/v2\/users\/2"}],"replies":[{"embeddable":true,"href":"https:\/\/mol.icb.usp.br\/index.php\/wp-json\/wp\/v2\/comments?post=436"}],"version-history":[{"count":12,"href":"https:\/\/mol.icb.usp.br\/index.php\/wp-json\/wp\/v2\/pages\/436\/revisions"}],"predecessor-version":[{"id":10454,"href":"https:\/\/mol.icb.usp.br\/index.php\/wp-json\/wp\/v2\/pages\/436\/revisions\/10454"}],"wp:attachment":[{"href":"https:\/\/mol.icb.usp.br\/index.php\/wp-json\/wp\/v2\/media?parent=436"}],"curies":[{"name":"wp","href":"https:\/\/api.w.org\/{rel}","templated":true}]}}