{"id":4353,"date":"2018-01-10T11:23:30","date_gmt":"2018-01-10T13:23:30","guid":{"rendered":"http:\/\/mol.icb.usp.br\/?page_id=4353"},"modified":"2018-03-14T17:00:38","modified_gmt":"2018-03-14T20:00:38","slug":"11-14-sistema-circulatorio","status":"publish","type":"page","link":"https:\/\/mol.icb.usp.br\/index.php\/11-14-sistema-circulatorio\/","title":{"rendered":"11-14 Sistema circulat\u00f3rio"},"content":{"rendered":"<p><strong>MICROCIRCULA\u00c7\u00c3O &#8211; 1 <\/strong><\/p>\n<p>Os vasos arteriais de pequeno calibre se ramificam em arter\u00edolas, importantes componentes para o controle de distribui\u00e7\u00e3o do sangue e de controle e regula\u00e7\u00e3o da press\u00e3o arterial. O segmento dos vasos sangu\u00edneos que compreende as arter\u00edolas, os capilares sangu\u00edneos e as v\u00eanulas constitui a chamada <strong>microcircula\u00e7\u00e3o<\/strong>. Estas \u00faltimas representam o segmento inicial da circula\u00e7\u00e3o venosa.<\/p>\n<p><strong>Arter\u00edolas<\/strong><br \/>\nAl\u00e9m de serem mais delgadas que as art\u00e9rias de pequeno calibre, as arter\u00edolas possuem v\u00e1rias caracter\u00edsticas peculiares que permitem distingui-las das art\u00e9rias.<br \/>\nAs principais caracter\u00edsticas histol\u00f3gicas das arter\u00edolas residem em sua t\u00fanica m\u00e9dia:<br \/>\n1 \u2013 formada por 3 \u2013 4 camadas de fibras musculares lisas;<br \/>\n2 \u2013 proporcionalmente muito espessa em rela\u00e7\u00e3o ao di\u00e2metro externo do vaso e ao di\u00e2metro do seu l\u00famen.<br \/>\nNas art\u00e9rias, por outro lado, a camada m\u00e9dia \u00e9 proporcionalmente mais delgada, quando comparada com o calibre externo e di\u00e2metro do l\u00famen.<\/p>\n<p>A t\u00fanica \u00edntima das arter\u00edolas \u00e9 delgada e formada por uma camada de c\u00e9lulas endoteliais. A advent\u00edcia \u00e9 muito delgada ou inexistente.<\/p>\n<p><strong>Capilares sangu\u00edneos<\/strong><br \/>\nA progressiva simplifica\u00e7\u00e3o das t\u00fanicas \u00e0 medida que as art\u00e9rias se ramificam, chega ao m\u00e1ximo nos capilares.<br \/>\nOs capilares s\u00e3o os vasos menos calibrosos do sistema circulat\u00f3rio sangu\u00edneo. S\u00e3o formados por uma camada de c\u00e9lulas endoteliais apoiadas sobre uma l\u00e2mina basal. Seus di\u00e2metros dependem da proximidade maior ou menor da arter\u00edola de onde se originaram. O di\u00e2metro do l\u00famen dos capilares mais delgados corresponde aproximadamente ao di\u00e2metro de uma hem\u00e1cia (7 \u03bcm).<br \/>\nQuanto \u00e0 presen\u00e7a de fenestra\u00e7\u00f5es em sua parede, os capilares sangu\u00edneos s\u00e3o classificados em <strong>cont\u00ednuos<\/strong> ou <strong>fenestrados<\/strong>, caracter\u00edsticas que n\u00e3o podem ser distinguidas em cortes. Uma terceira categoria de capilares sangu\u00edneos s\u00e3o os <strong>capilares sinusoides<\/strong>. S\u00e3o vasos de di\u00e2metro muito maior que os capilares comuns e de trajeto irregular, presentes em alguns \u00f3rg\u00e3os, como p. ex. f\u00edgado, ba\u00e7o e medula \u00f3ssea hematog\u00eanica.<\/p>\n<p>Com certa frequ\u00eancia se observa em cortes histol\u00f3gicos que os capilares sangu\u00edneos s\u00e3o parcialmente envolvidos por c\u00e9lulas denominadas <strong>c\u00e9lulas adventiciais de capilares<\/strong> ou <strong>pericitos<\/strong>.<\/p>\n<p><strong>V\u00eanulas<\/strong><br \/>\nA parede das v\u00eanulas \u00e9 muito delgada e o l\u00famen bastante amplo. As primeiras v\u00eanulas (que se seguem aos capilares, tamb\u00e9m denominadas v\u00eanulas p\u00f3s-capilares) s\u00e3o formadas apenas por uma t\u00fanica \u00edntima composta de c\u00e9lulas endoteliais apoiadas sobre uma l\u00e2mina basal. Em v\u00eanulas mais calibrosas come\u00e7a a ser observada uma t\u00fanica m\u00e9dia. O perfil das v\u00eanulas e do seu l\u00famen \u00e9 frequentemente mais irregular que o das arter\u00edolas com quem formam pares.<\/p>\n<p><strong>NAVEGA\u00c7\u00c3O NO MOL:<\/strong><\/p>\n<p><a href=\"http:\/\/mol.icb.usp.br\/index.php\/11-13-sistema-circulatorio\/\">ACESSAR P\u00c1GINA ANTERIOR<\/a><\/p>\n<p><a href=\"http:\/\/mol.icb.usp.br\/index.php\/11-15-sistema-circulatorio\/\">ACESSAR P\u00c1GINA SEGUINTE<\/a><\/p>\n","protected":false},"excerpt":{"rendered":"<p>MICROCIRCULA\u00c7\u00c3O &#8211; 1 Os vasos arteriais de pequeno calibre se ramificam em arter\u00edolas, importantes componentes para o controle de distribui\u00e7\u00e3o do sangue e de controle e regula\u00e7\u00e3o da press\u00e3o arterial. O segmento dos vasos sangu\u00edneos que compreende as arter\u00edolas, os capilares sangu\u00edneos e as v\u00eanulas constitui a chamada microcircula\u00e7\u00e3o. Estas \u00faltimas representam o segmento inicial [&hellip;]<\/p>\n","protected":false},"author":2,"featured_media":0,"parent":0,"menu_order":0,"comment_status":"closed","ping_status":"closed","template":"","meta":{"_monsterinsights_skip_tracking":false,"_monsterinsights_sitenote_active":false,"_monsterinsights_sitenote_note":"","_monsterinsights_sitenote_category":0,"footnotes":""},"class_list":["post-4353","page","type-page","status-publish","hentry"],"_links":{"self":[{"href":"https:\/\/mol.icb.usp.br\/index.php\/wp-json\/wp\/v2\/pages\/4353"}],"collection":[{"href":"https:\/\/mol.icb.usp.br\/index.php\/wp-json\/wp\/v2\/pages"}],"about":[{"href":"https:\/\/mol.icb.usp.br\/index.php\/wp-json\/wp\/v2\/types\/page"}],"author":[{"embeddable":true,"href":"https:\/\/mol.icb.usp.br\/index.php\/wp-json\/wp\/v2\/users\/2"}],"replies":[{"embeddable":true,"href":"https:\/\/mol.icb.usp.br\/index.php\/wp-json\/wp\/v2\/comments?post=4353"}],"version-history":[{"count":4,"href":"https:\/\/mol.icb.usp.br\/index.php\/wp-json\/wp\/v2\/pages\/4353\/revisions"}],"predecessor-version":[{"id":6072,"href":"https:\/\/mol.icb.usp.br\/index.php\/wp-json\/wp\/v2\/pages\/4353\/revisions\/6072"}],"wp:attachment":[{"href":"https:\/\/mol.icb.usp.br\/index.php\/wp-json\/wp\/v2\/media?parent=4353"}],"curies":[{"name":"wp","href":"https:\/\/api.w.org\/{rel}","templated":true}]}}