{"id":4295,"date":"2018-01-07T17:57:06","date_gmt":"2018-01-07T19:57:06","guid":{"rendered":"http:\/\/mol.icb.usp.br\/?page_id=4295"},"modified":"2018-03-14T16:50:48","modified_gmt":"2018-03-14T19:50:48","slug":"11-11-sistema-circulatorio","status":"publish","type":"page","link":"https:\/\/mol.icb.usp.br\/index.php\/11-11-sistema-circulatorio\/","title":{"rendered":"11-11 Sistema circulat\u00f3rio"},"content":{"rendered":"<div class=\"su-row\">\n  <div class=\"su-column su-column-size-1-1\"><div class=\"su-column-inner su-u-clearfix su-u-trim\"> <strong>ART\u00c9RIAS E VEIAS DE M\u00c9DIO CALIBRE &#8211; 1<\/strong> <\/div><\/div>\n<\/div>\n<div class=\"su-row\">\n  <div class=\"su-column su-column-size-1-2\"><div class=\"su-column-inner su-u-clearfix su-u-trim\"> <\/p>\n<p>As art\u00e9rias musculares de m\u00e9dio e pequeno calibre t\u00eam como caracter\u00edsticas importantes:<br \/>\n1 \u2013 calibre menor que as grandes art\u00e9rias musculares.<br \/>\n2 &#8211; uma t\u00fanica m\u00e9dia espessa, mais espessa que a t\u00fanica advent\u00edcia.<br \/>\n3 \u2013 \u00e0 medida que seus di\u00e2metro diminuem, aumenta a propor\u00e7\u00e3o relativa da parede. A parede fica progressivamente mais espessa em rela\u00e7\u00e3o ao l\u00famen e ao di\u00e2metro externo do vaso. A art\u00e9ria apresentada na figura \u00e9 um bom exemplo deste fato.<br \/>\nColoque o cursor ou clique sobre a figura para observar a espessura das t\u00fanicas m\u00e9dia e advent\u00edcia.<\/p>\n<p>No aumento maior apresentado na figura inferior observe:<br \/>\n1 \u2013 t\u00fanica \u00edntima delgada (em verde escuro na barra). A superf\u00edcie interna da art\u00e9ria aparece sinuosa, devido \u00e0 contra\u00e7\u00e3o do m\u00fasculo liso da parede do vaso durante a fixa\u00e7\u00e3o histol\u00f3gica. Veja a l\u00e2mina el\u00e1stica interna (setas pretas), tamb\u00e9m sinuosa. \u00c9 muito delgada e tem um aspecto &#8220;liso&#8221;, homog\u00eaneo e um pouco &#8220;brilhante&#8221;. Alguns n\u00facleos de c\u00e9lulas endoteliais podem ser vistos entre a l\u00e2mina el\u00e1stica e o l\u00famen.<br \/>\n2 \u2013 a t\u00fanica m\u00e9dia (em verde de tom m\u00e9dio na barra) \u00e9 constitu\u00edda por grande quantidade de fibras musculares lisas. Podem ser reconhecidas pelos seus n\u00facleos alongados com extremidades arredondadas, em forma de salsichas ou charutos. N\u00facleos de c\u00e9lulas musculares lisas contra\u00eddas t\u00eam aspecto semelhante a saca-rolhas. Alguns est\u00e3o indicados por setas vermelhas. Como este corte \u00e9 transversal ao vaso, as fibras musculares e seus n\u00facleos aparecem em sec\u00e7\u00f5es longitudinais. Significa que as fibras est\u00e3o dispostas concentricamente em rela\u00e7\u00e3o \u00e0 luz.<br \/>\n3 &#8211; advent\u00edcia indicada pela regi\u00e3o em verde claro da barra.<\/p>\n<\/div><\/div>\n  <div class=\"su-column su-column-size-1-2\"><div class=\"su-column-inner su-u-clearfix su-u-trim\"> <\/p>\n<div onclick>\n<div class=\"image-container\">\n<div class=\"extra\">\n<a href=\"javascript:void(0)\"><img decoding=\"async\" src=\" http:\/\/mol.icb.usp.br\/wp-content\/uploads\/11-11-A.jpg \" onmouseover=\"this.src=' http:\/\/mol.icb.usp.br\/wp-content\/uploads\/11-11-A-MO.jpg'\" onmouseout=\"this.src=' http:\/\/mol.icb.usp.br\/wp-content\/uploads\/11-11-A.jpg'\" \/><\/a><\/div>\n<p>Art\u00e9ria de m\u00e9dio calibre. Colora\u00e7\u00e3o: HE. Aumento: pequeno.<\/p>\n<p><img decoding=\"async\" src=\"http:\/\/mol.icb.usp.br\/wp-content\/uploads\/mouse-1.gif\"\/><\/a><\/p>\n<\/p>\n<p><img decoding=\"async\" src=\" http:\/\/mol.icb.usp.br\/wp-content\/uploads\/11-11-B.jpg \" \/><\/a><\/p>\n<p>Art\u00e9ria de m\u00e9dio calibre. Colora\u00e7\u00e3o: HE. Aumento: m\u00e9dio.<\/p\n\n\n\n<strong>NAVEGA\u00c7\u00c3O NO MOL:<\/strong><\/p>\n<p><a href=\"http:\/\/mol.icb.usp.br\/index.php\/11-10-sistema-circulatorio\/\">ACESSAR P\u00c1GINA ANTERIOR<\/a><\/p>\n<p><a href=\"http:\/\/mol.icb.usp.br\/index.php\/11-12-sistema-circulatorio\/\">ACESSAR P\u00c1GINA SEGUINTE<\/a>\n<\/div>\n<\/div>\n<\/div>\n<p><\/body><br \/>\n<\/html> <\/div><\/div>\n<\/div>\n","protected":false},"excerpt":{"rendered":"","protected":false},"author":2,"featured_media":0,"parent":0,"menu_order":0,"comment_status":"closed","ping_status":"closed","template":"","meta":{"_monsterinsights_skip_tracking":false,"_monsterinsights_sitenote_active":false,"_monsterinsights_sitenote_note":"","_monsterinsights_sitenote_category":0,"footnotes":""},"class_list":["post-4295","page","type-page","status-publish","hentry"],"_links":{"self":[{"href":"https:\/\/mol.icb.usp.br\/index.php\/wp-json\/wp\/v2\/pages\/4295"}],"collection":[{"href":"https:\/\/mol.icb.usp.br\/index.php\/wp-json\/wp\/v2\/pages"}],"about":[{"href":"https:\/\/mol.icb.usp.br\/index.php\/wp-json\/wp\/v2\/types\/page"}],"author":[{"embeddable":true,"href":"https:\/\/mol.icb.usp.br\/index.php\/wp-json\/wp\/v2\/users\/2"}],"replies":[{"embeddable":true,"href":"https:\/\/mol.icb.usp.br\/index.php\/wp-json\/wp\/v2\/comments?post=4295"}],"version-history":[{"count":6,"href":"https:\/\/mol.icb.usp.br\/index.php\/wp-json\/wp\/v2\/pages\/4295\/revisions"}],"predecessor-version":[{"id":6066,"href":"https:\/\/mol.icb.usp.br\/index.php\/wp-json\/wp\/v2\/pages\/4295\/revisions\/6066"}],"wp:attachment":[{"href":"https:\/\/mol.icb.usp.br\/index.php\/wp-json\/wp\/v2\/media?parent=4295"}],"curies":[{"name":"wp","href":"https:\/\/api.w.org\/{rel}","templated":true}]}}