{"id":429,"date":"2017-05-16T17:41:36","date_gmt":"2017-05-16T20:41:36","guid":{"rendered":"http:\/\/mol.icb.usp.br\/?page_id=429"},"modified":"2025-07-19T11:26:37","modified_gmt":"2025-07-19T14:26:37","slug":"1-18-conceitos-basicos","status":"publish","type":"page","link":"https:\/\/mol.icb.usp.br\/index.php\/1-18-conceitos-basicos\/","title":{"rendered":"1-18 Conceitos b\u00e1sicos"},"content":{"rendered":"<div class=\"su-row\">\n<div class=\"su-column su-column-size-1-1\"><div class=\"su-column-inner su-u-clearfix su-u-trim\"><strong>RACIOCINANDO EM 3-DIMENS\u00d5ES &#8211; 6<\/strong><\/div><\/div>\n<\/div>\n<div class=\"su-row\">\n<div class=\"su-column su-column-size-1-2\"><div class=\"su-column-inner su-u-clearfix su-u-trim\"><strong>C\u00e9lulas sem n\u00facleo e n\u00facleos sem nucl\u00e9olos<\/strong><br \/>\nA imagem ao lado \u00e9 de um corte de <strong>cerebelo<\/strong>, um \u00f3rg\u00e3o do sistema nervoso situado no cr\u00e2nio junto ao c\u00e9rebro. Al\u00e9m de pequenos neur\u00f4nios podem ser observados <strong>tr\u00eas grandes neur\u00f4nios<\/strong> de um tipo chamado <strong>c\u00e9lula de Purkinje<\/strong>.<br \/>\nEm cortes de cerebelo, assim como em cortes da maioria dos outros \u00f3rg\u00e3os, observam-se frequentemente c\u00e9lulas sem n\u00facleos, ou com n\u00facleos \u201capagados\u201d. Em alguns n\u00facleos se observa bem o nucl\u00e9olo, por\u00e9m outros n\u00facleos parecem n\u00e3o ter nucl\u00e9olo.<br \/>\nColoque o cursor ou clique sobre a figura para observar:<br \/>\nc\u00e9lulas de Purkinje 1 e 3 \u2013 com n\u00facleo \u201capagado\u201d e nucl\u00e9olos n\u00e3o evidentes.<br \/>\nc\u00e9lula de Purkinje 2 &#8211; com n\u00facleo e nucl\u00e9olo evidentes<\/p>\n<p>Qual a raz\u00e3o de observarmos c\u00e9lulas do mesmo tipo com aspectos t\u00e3o variados?<br \/>\nNa pr\u00f3xima p\u00e1gina h\u00e1 uma explica\u00e7\u00e3o para este fato.<\/p>\n<\/div><\/div>\n<div class=\"su-column su-column-size-1-2\"><div class=\"su-column-inner su-u-clearfix su-u-trim\">\n<div>\n<div class=\"image-container\">\n<a href=\"javascript:void(0)\"><img decoding=\"async\" src=\" http:\/\/mol.icb.usp.br\/wp-content\/uploads\/1-18.jpg \" onmouseover=\"this.src=' http:\/\/mol.icb.usp.br\/wp-content\/uploads\/1-18MO.jpg'\" onmouseout=\"this.src=' http:\/\/mol.icb.usp.br\/wp-content\/uploads\/1-18.jpg'\" \/><\/a><\/div>\n<p>Cerebelo. Colora\u00e7\u00e3o: HE. Aumento grande.<\/p>\n<p><img decoding=\"async\" src=\"http:\/\/mol.icb.usp.br\/wp-content\/uploads\/mouse-1.gif\" \/><\/p>\n<div>\n<p><strong>Tablets e telefones celulares:<\/strong><\/p>\n<p><strong>NAVEGA\u00c7\u00c3O NO MOL:<\/strong><\/p>\n<p><a href=\"http:\/\/mol.icb.usp.br\/index.php\/1-17-conceitos-basicos\/\">ACESSAR P\u00c1GINA ANTERIOR<\/a><\/p>\n<p><a href=\"http:\/\/mol.icb.usp.br\/index.php\/1-19-conceitos-basicos\/\">ACESSAR P\u00c1GINA SEGUINTE<\/a><\/p>\n<p><a href=\"https:\/\/mol.icb.usp.br\/index.php\/1-0-conceitos-basicos-de-observacao-de-preparados-histologicos-ao-microscopio-de-luz\/\">MENU DO M\u00d3DULO<\/a><\/p>\n<\/div>\n<\/div>\n<\/div>\n<\/div><\/div>\n<\/div>\n","protected":false},"excerpt":{"rendered":"","protected":false},"author":2,"featured_media":0,"parent":0,"menu_order":0,"comment_status":"closed","ping_status":"closed","template":"","meta":{"_monsterinsights_skip_tracking":false,"_monsterinsights_sitenote_active":false,"_monsterinsights_sitenote_note":"","_monsterinsights_sitenote_category":0,"footnotes":""},"class_list":["post-429","page","type-page","status-publish","hentry"],"_links":{"self":[{"href":"https:\/\/mol.icb.usp.br\/index.php\/wp-json\/wp\/v2\/pages\/429"}],"collection":[{"href":"https:\/\/mol.icb.usp.br\/index.php\/wp-json\/wp\/v2\/pages"}],"about":[{"href":"https:\/\/mol.icb.usp.br\/index.php\/wp-json\/wp\/v2\/types\/page"}],"author":[{"embeddable":true,"href":"https:\/\/mol.icb.usp.br\/index.php\/wp-json\/wp\/v2\/users\/2"}],"replies":[{"embeddable":true,"href":"https:\/\/mol.icb.usp.br\/index.php\/wp-json\/wp\/v2\/comments?post=429"}],"version-history":[{"count":13,"href":"https:\/\/mol.icb.usp.br\/index.php\/wp-json\/wp\/v2\/pages\/429\/revisions"}],"predecessor-version":[{"id":10452,"href":"https:\/\/mol.icb.usp.br\/index.php\/wp-json\/wp\/v2\/pages\/429\/revisions\/10452"}],"wp:attachment":[{"href":"https:\/\/mol.icb.usp.br\/index.php\/wp-json\/wp\/v2\/media?parent=429"}],"curies":[{"name":"wp","href":"https:\/\/api.w.org\/{rel}","templated":true}]}}