{"id":4287,"date":"2018-01-07T17:25:54","date_gmt":"2018-01-07T19:25:54","guid":{"rendered":"http:\/\/mol.icb.usp.br\/?page_id=4287"},"modified":"2018-03-14T16:45:59","modified_gmt":"2018-03-14T19:45:59","slug":"11-10-sistema-circulatorio","status":"publish","type":"page","link":"https:\/\/mol.icb.usp.br\/index.php\/11-10-sistema-circulatorio\/","title":{"rendered":"11-10 Sistema circulat\u00f3rio"},"content":{"rendered":"<div class=\"su-row\">\n  <div class=\"su-column su-column-size-1-1\"><div class=\"su-column-inner su-u-clearfix su-u-trim\"> <strong>ART\u00c9RIAS MUSCULARES DE GRANDE CALIBRE &#8211; 2<\/strong><\/div><\/div>\n<\/div>\n<div class=\"su-row\">\n  <div class=\"su-column su-column-size-1-2\"><div class=\"su-column-inner su-u-clearfix su-u-trim\"> <\/p>\n<p>Detalhe das t\u00fanicas \u00edntima, m\u00e9dia e parte da advent\u00edcia apresentada na p\u00e1gina anterior.<br \/>\nA barra mostra os limites aproximados das t\u00fanicas \u00edntima (verde escuro) e m\u00e9dia (verde de tom m\u00e9dio). Em verde claro parte da t\u00fanica advent\u00edcia.<br \/>\nT\u00fanica \u00edntima \u2013 observe n\u00facleos de c\u00e9lulas endoteliais (setas em azul escuro).<br \/>\nL\u00e2mina el\u00e1stica interna \u2013 limite entre \u00edntima e m\u00e9dia (setas em vermelho).<br \/>\nT\u00fanica m\u00e9dia \u2013 l\u00e2minas el\u00e1sticas (setas em azul claro).<\/p>\n<\/div><\/div>\n  <div class=\"su-column su-column-size-1-2\"><div class=\"su-column-inner su-u-clearfix su-u-trim\"> <\/p>\n<p><img decoding=\"async\" src=\" http:\/\/mol.icb.usp.br\/wp-content\/uploads\/11-10.jpg \" \/><\/a><\/p>\n<p>Art\u00e9ria. Colora\u00e7\u00e3o: HE. Aumento:m\u00e9dio.<\/p>\n<p>Para navegar no MOL, use os links ACESSAR P\u00c1GINA ANTERIOR e ACESSAR P\u00c1GINA SEGUINTE situados abaixo da figura.<\/p>\n<p><strong>NAVEGA\u00c7\u00c3O NO MOL:<\/strong><\/p>\n<p><a href=\"http:\/\/mol.icb.usp.br\/index.php\/11-9-sistema-circulatorio\/\">ACESSAR P\u00c1GINA ANTERIOR<\/a><\/p>\n<p><a href=\"http:\/\/mol.icb.usp.br\/index.php\/11-11-sistema-circulatorio\/\">ACESSAR P\u00c1GINA SEGUINTE<\/a><br \/>\n<\/div><\/div>\n<\/div>\n","protected":false},"excerpt":{"rendered":"","protected":false},"author":2,"featured_media":0,"parent":0,"menu_order":0,"comment_status":"closed","ping_status":"closed","template":"","meta":{"_monsterinsights_skip_tracking":false,"_monsterinsights_sitenote_active":false,"_monsterinsights_sitenote_note":"","_monsterinsights_sitenote_category":0,"footnotes":""},"class_list":["post-4287","page","type-page","status-publish","hentry"],"_links":{"self":[{"href":"https:\/\/mol.icb.usp.br\/index.php\/wp-json\/wp\/v2\/pages\/4287"}],"collection":[{"href":"https:\/\/mol.icb.usp.br\/index.php\/wp-json\/wp\/v2\/pages"}],"about":[{"href":"https:\/\/mol.icb.usp.br\/index.php\/wp-json\/wp\/v2\/types\/page"}],"author":[{"embeddable":true,"href":"https:\/\/mol.icb.usp.br\/index.php\/wp-json\/wp\/v2\/users\/2"}],"replies":[{"embeddable":true,"href":"https:\/\/mol.icb.usp.br\/index.php\/wp-json\/wp\/v2\/comments?post=4287"}],"version-history":[{"count":5,"href":"https:\/\/mol.icb.usp.br\/index.php\/wp-json\/wp\/v2\/pages\/4287\/revisions"}],"predecessor-version":[{"id":6063,"href":"https:\/\/mol.icb.usp.br\/index.php\/wp-json\/wp\/v2\/pages\/4287\/revisions\/6063"}],"wp:attachment":[{"href":"https:\/\/mol.icb.usp.br\/index.php\/wp-json\/wp\/v2\/media?parent=4287"}],"curies":[{"name":"wp","href":"https:\/\/api.w.org\/{rel}","templated":true}]}}