{"id":4274,"date":"2018-01-07T12:54:21","date_gmt":"2018-01-07T14:54:21","guid":{"rendered":"http:\/\/mol.icb.usp.br\/?page_id=4274"},"modified":"2018-03-14T16:44:50","modified_gmt":"2018-03-14T19:44:50","slug":"11-9-sistema-circulatorio","status":"publish","type":"page","link":"https:\/\/mol.icb.usp.br\/index.php\/11-9-sistema-circulatorio\/","title":{"rendered":"11-9 Sistema circulat\u00f3rio"},"content":{"rendered":"<div class=\"su-row\">\n  <div class=\"su-column su-column-size-1-1\"><div class=\"su-column-inner su-u-clearfix su-u-trim\"> <strong>ART\u00c9RIAS MUSCULARES DE GRANDE CALIBRE &#8211; 1 <\/strong><\/div><\/div>\n<\/div>\n<div class=\"su-row\">\n  <div class=\"su-column su-column-size-1-2\"><div class=\"su-column-inner su-u-clearfix su-u-trim\"> <\/p>\n<p>As art\u00e9rias que s\u00e3o ramos da aorta e os seus respectivos ramos cada vez menos calibrosos s\u00e3o chamadas de <strong>art\u00e9rias musculares ou de distribui\u00e7\u00e3o<\/strong>.<br \/>\nAs principais caracter\u00edsticas destas art\u00e9rias est\u00e3o representadas em sua t\u00fanica m\u00e9dia<br \/>\na &#8211; ela possui <strong>grande quantidade de fibras musculares lisas<\/strong>;<br \/>\nb &#8211; a quantidade de l\u00e2minas el\u00e1sticas conc\u00eantricas da t\u00fanica m\u00e9dia diminui rapidamente \u00e0 medida que a art\u00e9ria se afasta da aorta, permanecendo, no entanto, a primeira l\u00e2mina el\u00e1stica situada junto \u00e0 t\u00fanica \u00edntima, que recebe a denomina\u00e7\u00e3o especial de <strong>l\u00e2mina el\u00e1stica interna<\/strong>.<\/p>\n<p>A imagem \u00e9 de uma art\u00e9ria muscular de grande calibre. O diagn\u00f3stico de art\u00e9ria \u00e9 feito por:<br \/>\n1- <strong>parede espessa em rela\u00e7\u00e3o ao l\u00famen<\/strong>; uma veia de calibre e l\u00famen semelhantes teria uma parede muito mais delgada.<br \/>\n2- compare a espessura relativa das t\u00fanicas: <strong>nas art\u00e9rias h\u00e1 predom\u00ednio da t\u00fanica m\u00e9dia<\/strong> sobre a t\u00fanica advent\u00edcia.<\/p>\n<p>No tra\u00e7o desenhado sobre a figura:<br \/>\n&#8211; t\u00fanica \u00edntima em verde escuro.<br \/>\n&#8211; t\u00fanica m\u00e9dia em verde de tom m\u00e9dio.<br \/>\n&#8211; t\u00fanica advent\u00edcia em verde claro. <\/p>\n<\/div><\/div>\n  <div class=\"su-column su-column-size-1-2\"><div class=\"su-column-inner su-u-clearfix su-u-trim\"> <\/p>\n<p><img decoding=\"async\" src=\" http:\/\/mol.icb.usp.br\/wp-content\/uploads\/11-9.jpg \" \/><\/a><\/p>\n<p>Art\u00e9ria. Colora\u00e7\u00e3o: HE. Aumento: vista panor\u00e2mica.<\/p>\n<p>Para navegar no MOL, use os links ACESSAR P\u00c1GINA ANTERIOR e ACESSAR P\u00c1GINA SEGUINTE situados abaixo da figura.<\/p>\n<p><strong>NAVEGA\u00c7\u00c3O NO MOL:<\/strong><\/p>\n<p><a href=\"http:\/\/mol.icb.usp.br\/index.php\/11-8-sistema-circulatorio\/\">ACESSAR P\u00c1GINA ANTERIOR<\/a><\/p>\n<p><a href=\"http:\/\/mol.icb.usp.br\/index.php\/11-10-sistema-circulatorio\/\">ACESSAR P\u00c1GINA SEGUINTE<\/a><br \/>\n<\/div><\/div>\n<\/div>\n","protected":false},"excerpt":{"rendered":"","protected":false},"author":2,"featured_media":0,"parent":0,"menu_order":0,"comment_status":"closed","ping_status":"closed","template":"","meta":{"_monsterinsights_skip_tracking":false,"_monsterinsights_sitenote_active":false,"_monsterinsights_sitenote_note":"","_monsterinsights_sitenote_category":0,"footnotes":""},"class_list":["post-4274","page","type-page","status-publish","hentry"],"_links":{"self":[{"href":"https:\/\/mol.icb.usp.br\/index.php\/wp-json\/wp\/v2\/pages\/4274"}],"collection":[{"href":"https:\/\/mol.icb.usp.br\/index.php\/wp-json\/wp\/v2\/pages"}],"about":[{"href":"https:\/\/mol.icb.usp.br\/index.php\/wp-json\/wp\/v2\/types\/page"}],"author":[{"embeddable":true,"href":"https:\/\/mol.icb.usp.br\/index.php\/wp-json\/wp\/v2\/users\/2"}],"replies":[{"embeddable":true,"href":"https:\/\/mol.icb.usp.br\/index.php\/wp-json\/wp\/v2\/comments?post=4274"}],"version-history":[{"count":5,"href":"https:\/\/mol.icb.usp.br\/index.php\/wp-json\/wp\/v2\/pages\/4274\/revisions"}],"predecessor-version":[{"id":6060,"href":"https:\/\/mol.icb.usp.br\/index.php\/wp-json\/wp\/v2\/pages\/4274\/revisions\/6060"}],"wp:attachment":[{"href":"https:\/\/mol.icb.usp.br\/index.php\/wp-json\/wp\/v2\/media?parent=4274"}],"curies":[{"name":"wp","href":"https:\/\/api.w.org\/{rel}","templated":true}]}}