{"id":4273,"date":"2018-01-07T12:47:24","date_gmt":"2018-01-07T14:47:24","guid":{"rendered":"http:\/\/mol.icb.usp.br\/?page_id=4273"},"modified":"2018-01-07T12:55:05","modified_gmt":"2018-01-07T14:55:05","slug":"11-8-sistema-circulatorio","status":"publish","type":"page","link":"https:\/\/mol.icb.usp.br\/index.php\/11-8-sistema-circulatorio\/","title":{"rendered":"11-8 Sistema circulat\u00f3rio"},"content":{"rendered":"<div class=\"su-row\">\n  <div class=\"su-column su-column-size-1-1\"><div class=\"su-column-inner su-u-clearfix su-u-trim\"> <strong>VEIAS DE GRANDE CALIBRE &#8211; 2 <\/strong><\/div><\/div>\n<\/div>\n<div class=\"su-row\">\n  <div class=\"su-column su-column-size-1-2\"><div class=\"su-column-inner su-u-clearfix su-u-trim\">\nA imagem \u00e9 um aumento maior da veia apresentada na p\u00e1gina anterior. <\/p>\n<p>Caracter\u00edsticas principais:<br \/>\n&#8211; <strong>t\u00fanica \u00edntima \u00e9 muito delgada<\/strong>. Observe n\u00facleos das c\u00e9lulas endoteliais &#8211; dois deles est\u00e3o apontados por setas.<br \/>\n&#8211; espessura relativa das t\u00fanicas m\u00e9dia e advent\u00edcia. Observe o tra\u00e7o desenhado sobre a parede da veia: o segmento em verde escuro representa a t\u00fanica m\u00e9dia e em verde claro a t\u00fanica advent\u00edcia. Esta \u00e9 mais espessa que a t\u00fanica m\u00e9dia, ao contr\u00e1rio das art\u00e9rias.<br \/>\nA t\u00fanica advent\u00edcia \u00e9 constitu\u00edda por tecido conjuntivo.<\/p>\n<\/div><\/div>\n  <div class=\"su-column su-column-size-1-2\"><div class=\"su-column-inner su-u-clearfix su-u-trim\"> <\/p>\n<p><img decoding=\"async\" src=\" http:\/\/mol.icb.usp.br\/wp-content\/uploads\/11-8.jpg \" \/><\/a><\/p>\n<p>Veia. Colora\u00e7\u00e3o: HE. Aumento: m\u00e9dio.<\/p>\n<p>Para navegar no MOL, use os links ACESSAR P\u00c1GINA ANTERIOR e ACESSAR P\u00c1GINA SEGUINTE situados abaixo da figura.<\/p>\n<p><strong>NAVEGA\u00c7\u00c3O NO MOL:<\/strong><\/p>\n<p><a href=\"http:\/\/mol.icb.usp.br\/index.php\/11-7-sistema-circulatorio\/\">ACESSAR P\u00c1GINA ANTERIOR<\/a><\/p>\n<p><a href=\"http:\/\/mol.icb.usp.br\/index.php\/11-9-sistema-circulatorio\/\">ACESSAR P\u00c1GINA SEGUINTE<\/a><br \/>\n<\/div><\/div>\n<\/div>\n","protected":false},"excerpt":{"rendered":"","protected":false},"author":2,"featured_media":0,"parent":0,"menu_order":0,"comment_status":"closed","ping_status":"closed","template":"","meta":{"_monsterinsights_skip_tracking":false,"_monsterinsights_sitenote_active":false,"_monsterinsights_sitenote_note":"","_monsterinsights_sitenote_category":0,"footnotes":""},"class_list":["post-4273","page","type-page","status-publish","hentry"],"_links":{"self":[{"href":"https:\/\/mol.icb.usp.br\/index.php\/wp-json\/wp\/v2\/pages\/4273"}],"collection":[{"href":"https:\/\/mol.icb.usp.br\/index.php\/wp-json\/wp\/v2\/pages"}],"about":[{"href":"https:\/\/mol.icb.usp.br\/index.php\/wp-json\/wp\/v2\/types\/page"}],"author":[{"embeddable":true,"href":"https:\/\/mol.icb.usp.br\/index.php\/wp-json\/wp\/v2\/users\/2"}],"replies":[{"embeddable":true,"href":"https:\/\/mol.icb.usp.br\/index.php\/wp-json\/wp\/v2\/comments?post=4273"}],"version-history":[{"count":4,"href":"https:\/\/mol.icb.usp.br\/index.php\/wp-json\/wp\/v2\/pages\/4273\/revisions"}],"predecessor-version":[{"id":4286,"href":"https:\/\/mol.icb.usp.br\/index.php\/wp-json\/wp\/v2\/pages\/4273\/revisions\/4286"}],"wp:attachment":[{"href":"https:\/\/mol.icb.usp.br\/index.php\/wp-json\/wp\/v2\/media?parent=4273"}],"curies":[{"name":"wp","href":"https:\/\/api.w.org\/{rel}","templated":true}]}}