{"id":4252,"date":"2018-01-07T11:49:20","date_gmt":"2018-01-07T13:49:20","guid":{"rendered":"http:\/\/mol.icb.usp.br\/?page_id=4252"},"modified":"2018-01-07T12:23:28","modified_gmt":"2018-01-07T14:23:28","slug":"11-5-sistema-circulatorio","status":"publish","type":"page","link":"https:\/\/mol.icb.usp.br\/index.php\/11-5-sistema-circulatorio\/","title":{"rendered":"11-5 Sistema circulat\u00f3rio"},"content":{"rendered":"<div class=\"su-row\">\n  <div class=\"su-column su-column-size-1-1\"><div class=\"su-column-inner su-u-clearfix su-u-trim\"> <strong>ART\u00c9RIAS EL\u00c1STICAS<br \/>\nAORTA &#8211; 1<\/strong> <\/div><\/div>\n<\/div>\n<div class=\"su-row\">\n  <div class=\"su-column su-column-size-1-2\"><div class=\"su-column-inner su-u-clearfix su-u-trim\">\nA <strong>aorta<\/strong> \u00e9 uma t\u00edpica art\u00e9ria el\u00e1stica: ela apresenta uma grande quantidade de <strong>placas de material el\u00e1stico<\/strong>. Est\u00e3o distribu\u00eddas concentricamente na sua t\u00fanica m\u00e9dia.<br \/>\nO material el\u00e1stico geralmente n\u00e3o \u00e9 visualizado em cortes corados por hematoxilina e eosina e necessita de colora\u00e7\u00f5es especiais para sua demonstra\u00e7\u00e3o.<\/p>\n<p>A imagem \u00e9 um aumento pequeno de uma pequena por\u00e7\u00e3o da parede de uma aorta. O l\u00famen da art\u00e9ria se situa \u00e0 esquerda da figura.<br \/>\n\u00c9 poss\u00edvel distinguir as t\u00fanicas da art\u00e9ria. Coloque o cursor ou clique sobre a figura para ressalt\u00e1-las.<br \/>\nNote que a t\u00fanica m\u00e9dia \u00e9 a t\u00fanica predominante, mais espessa que as outras. Esta \u00e9 uma caracter\u00edstica das art\u00e9rias em geral.<br \/>\nObserve que externamente \u00e0 advent\u00edcia h\u00e1 tecido conjuntivo que envolve o vaso, mas claramente n\u00e3o pertence a sua parede: \u00e9 menos organizado.<br \/>\nVasos de parede muito espessa costumam ter na sua camada advent\u00edcia pequenas art\u00e9rias e veias que irrigam os tecidos da parede do vaso, denominados <strong><em>vasa vasorum<\/em><\/strong>. Observe uma pequena art\u00e9ria pertencente aos vasa vasorum apontada por seta.<br \/>\nAs veias de grande calibre podem ter estes vasos tamb\u00e9m na camada m\u00e9dia.<\/p>\n<\/div><\/div>\n  <div class=\"su-column su-column-size-1-2\"><div class=\"su-column-inner su-u-clearfix su-u-trim\"> <\/p>\n<div onclick>\n<div class=\"image-container\">\n<div class=\"extra\">\n<a href=\"javascript:void(0)\"><img decoding=\"async\" src=\" http:\/\/mol.icb.usp.br\/wp-content\/uploads\/11-5.jpg \" onmouseover=\"this.src=' http:\/\/mol.icb.usp.br\/wp-content\/uploads\/11-5-MO.jpg'\" onmouseout=\"this.src=' http:\/\/mol.icb.usp.br\/wp-content\/uploads\/11-5.jpg'\" \/><\/a><\/div>\n<p>Aorta. Colora\u00e7\u00e3o: HE. Aumento: pequeno.<\/p>\n<p><img decoding=\"async\" src=\"http:\/\/mol.icb.usp.br\/wp-content\/uploads\/mouse-1.gif\"\/><\/a><\/p>\n<p><strong>NAVEGA\u00c7\u00c3O NO MOL:<\/strong><\/p>\n<p><a href=\"http:\/\/mol.icb.usp.br\/index.php\/11-4-sistema-circulatorio\/\">ACESSAR P\u00c1GINA ANTERIOR<\/a><\/p>\n<p><a href=\"http:\/\/mol.icb.usp.br\/index.php\/11-6-sistema-circulatorio\/\">ACESSAR P\u00c1GINA SEGUINTE<\/a>\n<\/div>\n<\/div>\n<\/div>\n<p><\/body><br \/>\n<\/html> <\/div><\/div>\n<\/div>\n","protected":false},"excerpt":{"rendered":"","protected":false},"author":2,"featured_media":0,"parent":0,"menu_order":0,"comment_status":"closed","ping_status":"closed","template":"","meta":{"_monsterinsights_skip_tracking":false,"_monsterinsights_sitenote_active":false,"_monsterinsights_sitenote_note":"","_monsterinsights_sitenote_category":0,"footnotes":""},"class_list":["post-4252","page","type-page","status-publish","hentry"],"_links":{"self":[{"href":"https:\/\/mol.icb.usp.br\/index.php\/wp-json\/wp\/v2\/pages\/4252"}],"collection":[{"href":"https:\/\/mol.icb.usp.br\/index.php\/wp-json\/wp\/v2\/pages"}],"about":[{"href":"https:\/\/mol.icb.usp.br\/index.php\/wp-json\/wp\/v2\/types\/page"}],"author":[{"embeddable":true,"href":"https:\/\/mol.icb.usp.br\/index.php\/wp-json\/wp\/v2\/users\/2"}],"replies":[{"embeddable":true,"href":"https:\/\/mol.icb.usp.br\/index.php\/wp-json\/wp\/v2\/comments?post=4252"}],"version-history":[{"count":4,"href":"https:\/\/mol.icb.usp.br\/index.php\/wp-json\/wp\/v2\/pages\/4252\/revisions"}],"predecessor-version":[{"id":4271,"href":"https:\/\/mol.icb.usp.br\/index.php\/wp-json\/wp\/v2\/pages\/4252\/revisions\/4271"}],"wp:attachment":[{"href":"https:\/\/mol.icb.usp.br\/index.php\/wp-json\/wp\/v2\/media?parent=4252"}],"curies":[{"name":"wp","href":"https:\/\/api.w.org\/{rel}","templated":true}]}}