{"id":4251,"date":"2018-01-07T11:42:47","date_gmt":"2018-01-07T13:42:47","guid":{"rendered":"http:\/\/mol.icb.usp.br\/?page_id=4251"},"modified":"2018-01-07T11:51:45","modified_gmt":"2018-01-07T13:51:45","slug":"11-4-sistema-circulatorio","status":"publish","type":"page","link":"https:\/\/mol.icb.usp.br\/index.php\/11-4-sistema-circulatorio\/","title":{"rendered":"11-4 Sistema circulat\u00f3rio"},"content":{"rendered":"<div class=\"su-row\">\n  <div class=\"su-column su-column-size-1-1\"><div class=\"su-column-inner su-u-clearfix su-u-trim\"> <strong>COMO DISTINGUIR ART\u00c9RIAS E VEIAS? <\/strong><\/div><\/div>\n<\/div>\n<div class=\"su-row\">\n  <div class=\"su-column su-column-size-1-2\"><div class=\"su-column-inner su-u-clearfix su-u-trim\"> <\/p>\n<p>Ambos tipos de vasos s\u00e3o formados pelas tr\u00eas t\u00fanicas que j\u00e1 foram mencionadas. Art\u00e9rias e veias apresentam diferen\u00e7as marcantes e de modo geral n\u00e3o \u00e9 muito dif\u00edcil diferenciar estes vasos um do outro. \u00c9 necess\u00e1rio examin\u00e1-los com aten\u00e7\u00e3o e usar principalmente os seguintes crit\u00e9rios:<\/p>\n<p>1- o <strong>calibre<\/strong> (di\u00e2metro externo) dos vasos e a <strong>espessura relativa de suas paredes<\/strong>.<br \/>\nQuando se observa ao microsc\u00f3pio cortes transversais de um par formado por art\u00e9ria e veia, \u00e9 f\u00e1cil comparar seus calibres e as espessuras das paredes:<br \/>\n&#8211; a <strong>art\u00e9ria<\/strong> tem parede mais espessa, seu di\u00e2metro externo \u00e9 menor e a luz \u00e9 mais estreita.<br \/>\n&#8211; a <strong>veia<\/strong> tem parede mais delgada, seu di\u00e2metro externo \u00e9 maior e sua luz \u00e9 mais ampla.<\/p>\n<p>2- a <strong>espessura relativa das t\u00fanicas<\/strong>.<br \/>\n&#8211; na maioria dos casos as <strong>art\u00e9rias t\u00eam a t\u00fanica m\u00e9dia mais espessa<\/strong> que a sua t\u00fanica advent\u00edcia.<br \/>\n&#8211; na maioria dos casos as <strong>veias t\u00eam a t\u00fanica advent\u00edcia mais espessa<\/strong> que a sua t\u00fanica m\u00e9dia.<\/p>\n<p>Outros crit\u00e9rios que auxiliam a diferencia\u00e7\u00e3o:<br \/>\n&#8211; as art\u00e9rias t\u00eam uma <strong>l\u00e2mina el\u00e1stica interna<\/strong> durante quase todo o seu trajeto, o que n\u00e3o existe nas veias.<br \/>\n&#8211; os <em><strong>vasa vasorum<\/strong><\/em> existem em maior quantidade nas veias que nas art\u00e9rias. Nas veias mais calibrosas estes vasos existem na t\u00fanica advent\u00edcia e tamb\u00e9m na t\u00fanica m\u00e9dia. Nas art\u00e9rias est\u00e3o presentes principalmente na t\u00fanica advent\u00edcia. <\/p>\n<\/div><\/div>\n  <div class=\"su-column su-column-size-1-2\"><div class=\"su-column-inner su-u-clearfix su-u-trim\"> <\/p>\n<p><img decoding=\"async\" src=\" http:\/\/mol.icb.usp.br\/wp-content\/uploads\/11-4.jpg \" \/><\/a><\/p>\n<p>Para navegar no MOL, use os links ACESSAR P\u00c1GINA ANTERIOR e ACESSAR P\u00c1GINA SEGUINTE situados abaixo da figura.<\/p>\n<p><strong>NAVEGA\u00c7\u00c3O NO MOL:<\/strong><\/p>\n<p><a href=\"http:\/\/mol.icb.usp.br\/index.php\/11-3-sistema-circulatorio\/\">ACESSAR P\u00c1GINA ANTERIOR<\/a><\/p>\n<p><a href=\"http:\/\/mol.icb.usp.br\/index.php\/11-5-sistema-circulatorio\/\">ACESSAR P\u00c1GINA SEGUINTE<\/a><br \/>\n<\/div><\/div>\n<\/div>\n","protected":false},"excerpt":{"rendered":"","protected":false},"author":2,"featured_media":0,"parent":0,"menu_order":0,"comment_status":"closed","ping_status":"closed","template":"","meta":{"_monsterinsights_skip_tracking":false,"_monsterinsights_sitenote_active":false,"_monsterinsights_sitenote_note":"","_monsterinsights_sitenote_category":0,"footnotes":""},"class_list":["post-4251","page","type-page","status-publish","hentry"],"_links":{"self":[{"href":"https:\/\/mol.icb.usp.br\/index.php\/wp-json\/wp\/v2\/pages\/4251"}],"collection":[{"href":"https:\/\/mol.icb.usp.br\/index.php\/wp-json\/wp\/v2\/pages"}],"about":[{"href":"https:\/\/mol.icb.usp.br\/index.php\/wp-json\/wp\/v2\/types\/page"}],"author":[{"embeddable":true,"href":"https:\/\/mol.icb.usp.br\/index.php\/wp-json\/wp\/v2\/users\/2"}],"replies":[{"embeddable":true,"href":"https:\/\/mol.icb.usp.br\/index.php\/wp-json\/wp\/v2\/comments?post=4251"}],"version-history":[{"count":2,"href":"https:\/\/mol.icb.usp.br\/index.php\/wp-json\/wp\/v2\/pages\/4251\/revisions"}],"predecessor-version":[{"id":4261,"href":"https:\/\/mol.icb.usp.br\/index.php\/wp-json\/wp\/v2\/pages\/4251\/revisions\/4261"}],"wp:attachment":[{"href":"https:\/\/mol.icb.usp.br\/index.php\/wp-json\/wp\/v2\/media?parent=4251"}],"curies":[{"name":"wp","href":"https:\/\/api.w.org\/{rel}","templated":true}]}}