{"id":4219,"date":"2018-01-06T20:02:27","date_gmt":"2018-01-06T22:02:27","guid":{"rendered":"http:\/\/mol.icb.usp.br\/?page_id=4219"},"modified":"2018-03-14T16:33:33","modified_gmt":"2018-03-14T19:33:33","slug":"11-1-sistema-circulatorio","status":"publish","type":"page","link":"https:\/\/mol.icb.usp.br\/index.php\/11-1-sistema-circulatorio\/","title":{"rendered":"11-1 Sistema circulat\u00f3rio"},"content":{"rendered":"<p><strong>CARACTER\u00cdSTICAS GERAIS DO SISTEMA CIRCULAT\u00d3RIO  <\/strong><\/p>\n<p>O sistema circulat\u00f3rio \u00e9 composto pelo sistema vascular sangu\u00edneo e pelo sistema vascular linf\u00e1tico.<\/p>\n<p>O <strong>sistema vascular sangu\u00edneo<\/strong> \u00e9 um sistema circular, fechado, isto \u00e9, o sangue circula de um segmento a outro constantemente, em uma \u00fanica dire\u00e7\u00e3o, passando pelos diversos componentes do sistema. O componente que impulsiona o sangue \u00e9 o cora\u00e7\u00e3o. Vasos que transportam o sangue do cora\u00e7\u00e3o s\u00e3o as art\u00e9rias de grande, m\u00e9dio e pequeno calibre, as arter\u00edolas e os capilares. Ao longo desta sequ\u00eancia o calibre dos vasos diminui progressivamente. Aos capilares se seguem as v\u00eanulas e veias que aumentam progressivamente de calibre e retornam o sangue ao cora\u00e7\u00e3o. As art\u00e9rias se ramificam ao longo de seus trajetos e as veias s\u00e3o formadas pela converg\u00eancia de v\u00eanulas e veias menores.<\/p>\n<p>O <strong>sistema vascular linf\u00e1tico<\/strong> n\u00e3o \u00e9 um sistema circular, por\u00e9m \u00e9 unidirecional, da periferia para o centro. Os menores vasos linf\u00e1ticos &#8211; os capilares linf\u00e1ticos s\u00e3o vasos de fundo cego &#8211; est\u00e3o dispostos no interior do tecido conjuntivo, na maioria dos locais do organismo.<br \/>\nNos tecidos os capilares linf\u00e1ticos recolhem parte do liquido intersticial que saiu dos vasos sangu\u00edneos (principalmente ao n\u00edvel dos seus capilares) e que n\u00e3o foi recolhido de volta para o sangue. Este l\u00edquido \u00e9 denominado <strong>linfa<\/strong> e pode conter tamb\u00e9m c\u00e9lulas, principalmente linf\u00f3citos. Estes capilares linf\u00e1ticos se unem com outros e originam <strong>veias linf\u00e1ticas<\/strong> de diversos calibres. Estas se re\u00fanem em dois grandes vasos que percorrem as cavidades abdominal e tor\u00e1cica denominados <strong>duto tor\u00e1cico<\/strong> e <strong>duto linf\u00e1tico direito<\/strong>. Estes desembocam nas veias subcl\u00e1via esquerda e direita e o seu conte\u00fado retorna ao sangue.<br \/>\nOs vasos linf\u00e1ticos, em um ou mais locais de seu trajeto, transferem a linfa para o interior de linfonodos (\u00f3rg\u00e3os que fazem parte do Sistema Linfoide, veja o M\u00f3dulo 12) e outros vasos linf\u00e1ticos recolhem a linfa que sai dos linfonodos.<\/p>\n<p>A grande maioria dos vasos, tanto sangu\u00edneos como linf\u00e1ticos, percorre seu trajeto no interior de tecido conjuntivo.<\/p>\n<p><strong>NAVEGA\u00c7\u00c3O NO MOL:<\/strong><\/p>\n<p><a href=\"http:\/\/mol.icb.usp.br\/index.php\/11-0-sistema-circulatorio\/\">ACESSAR P\u00c1GINA ANTERIOR<\/a><\/p>\n<p><a href=\"http:\/\/mol.icb.usp.br\/index.php\/11-2-sistema-circulatorio\/\">ACESSAR P\u00c1GINA SEGUINTE<\/a><\/p>\n","protected":false},"excerpt":{"rendered":"<p>CARACTER\u00cdSTICAS GERAIS DO SISTEMA CIRCULAT\u00d3RIO O sistema circulat\u00f3rio \u00e9 composto pelo sistema vascular sangu\u00edneo e pelo sistema vascular linf\u00e1tico. O sistema vascular sangu\u00edneo \u00e9 um sistema circular, fechado, isto \u00e9, o sangue circula de um segmento a outro constantemente, em uma \u00fanica dire\u00e7\u00e3o, passando pelos diversos componentes do sistema. O componente que impulsiona o sangue [&hellip;]<\/p>\n","protected":false},"author":2,"featured_media":0,"parent":0,"menu_order":0,"comment_status":"closed","ping_status":"closed","template":"","meta":{"_monsterinsights_skip_tracking":false,"_monsterinsights_sitenote_active":false,"_monsterinsights_sitenote_note":"","_monsterinsights_sitenote_category":0,"footnotes":""},"class_list":["post-4219","page","type-page","status-publish","hentry"],"_links":{"self":[{"href":"https:\/\/mol.icb.usp.br\/index.php\/wp-json\/wp\/v2\/pages\/4219"}],"collection":[{"href":"https:\/\/mol.icb.usp.br\/index.php\/wp-json\/wp\/v2\/pages"}],"about":[{"href":"https:\/\/mol.icb.usp.br\/index.php\/wp-json\/wp\/v2\/types\/page"}],"author":[{"embeddable":true,"href":"https:\/\/mol.icb.usp.br\/index.php\/wp-json\/wp\/v2\/users\/2"}],"replies":[{"embeddable":true,"href":"https:\/\/mol.icb.usp.br\/index.php\/wp-json\/wp\/v2\/comments?post=4219"}],"version-history":[{"count":6,"href":"https:\/\/mol.icb.usp.br\/index.php\/wp-json\/wp\/v2\/pages\/4219\/revisions"}],"predecessor-version":[{"id":6053,"href":"https:\/\/mol.icb.usp.br\/index.php\/wp-json\/wp\/v2\/pages\/4219\/revisions\/6053"}],"wp:attachment":[{"href":"https:\/\/mol.icb.usp.br\/index.php\/wp-json\/wp\/v2\/media?parent=4219"}],"curies":[{"name":"wp","href":"https:\/\/api.w.org\/{rel}","templated":true}]}}