{"id":4203,"date":"2018-01-03T10:48:02","date_gmt":"2018-01-03T12:48:02","guid":{"rendered":"http:\/\/mol.icb.usp.br\/?page_id=4203"},"modified":"2018-01-21T10:55:15","modified_gmt":"2018-01-21T12:55:15","slug":"10-27-sangue-e-hemocitopoese","status":"publish","type":"page","link":"https:\/\/mol.icb.usp.br\/index.php\/10-27-sangue-e-hemocitopoese\/","title":{"rendered":"10-27 Sangue e hemocitopoese"},"content":{"rendered":"<div class=\"su-row\">\n  <div class=\"su-column su-column-size-1-1\"><div class=\"su-column-inner su-u-clearfix su-u-trim\"> <strong>HEMOCITOPOESE<br \/>\nC\u00c9LULAS DAS LINHAGENS ERITROC\u00cdTICA E GRANULOC\u00cdTICA<br \/>\n<\/strong><\/div><\/div>\n<\/div>\n<div class=\"su-row\">\n  <div class=\"su-column su-column-size-1-2\"><div class=\"su-column-inner su-u-clearfix su-u-trim\">\n<strong>Linhagem eritroc\u00edtica<\/strong><\/p>\n<p><img loading=\"lazy\" decoding=\"async\" src=\"http:\/\/mol.icb.usp.br\/wp-content\/uploads\/flecha-verde.jpg\" alt=\"\" width=\"31\" height=\"19\" class=\"alignnone size-full wp-image-4093\" \/><strong>Proeritroblasto<\/strong><br \/>\nC\u00e9lula grande com n\u00facleo volumoso e citoplasma intensamente bas\u00f3filo<\/p>\n<p><strong>Linhagem granuloc\u00edtica<\/strong><\/p>\n<p><img loading=\"lazy\" decoding=\"async\" src=\"http:\/\/mol.icb.usp.br\/wp-content\/uploads\/flecha-laranja.jpg\" alt=\"\" width=\"31\" height=\"19\" class=\"alignnone size-full wp-image-4092\" \/><strong>Metamiel\u00f3cito neutr\u00f3filo<\/strong><br \/>\nC\u00e9lula pequena, n\u00facleo de cromatina densa em forma de salsicha, citoplasma com gr\u00e2nulos neutr\u00f3filos.<\/p>\n<p><img loading=\"lazy\" decoding=\"async\" src=\"http:\/\/mol.icb.usp.br\/wp-content\/uploads\/flecha-azul-claro.jpg\" alt=\"\" width=\"31\" height=\"19\" class=\"alignnone size-full wp-image-4090\" \/><strong>Bastonetes neutr\u00f3filos<\/strong><br \/>\nS\u00e3o neutr\u00f3filos que j\u00e1 podem estar presentes no sangue. Seus n\u00facleos s\u00e3o bast\u00f5es finos em forma de U ou C e \u00e0s vezes contorcidos. O bastonete indicado pela seta vermelha \u00e9 mais jovem que os indicados pelas setas azuis.<\/p>\n<\/div><\/div>\n  <div class=\"su-column su-column-size-1-2\"><div class=\"su-column-inner su-u-clearfix su-u-trim\"> <\/p>\n<p><img decoding=\"async\" src=\" http:\/\/mol.icb.usp.br\/wp-content\/uploads\/10-27.jpg \" \/><\/a><\/p>\n<p>Esfrega\u00e7o de medula \u00f3ssea hematog\u00eanica. Colora\u00e7\u00e3o: Leishman. Aumento: grande.<\/p>\n<p style=\"font-size:20px\"><strong>FIM DO M\u00d3DULO <em>10 &#8211; SANGUE E HEMOCITOPOESE<\/em><\/p>\n<p>Para navegar no MOL, use os links ACESSAR P\u00c1GINA ANTERIOR e ACESSAR P\u00c1GINA SEGUINTE situados abaixo da figura.<\/p>\n<p><\/strong> <\/p>\n<p><strong>NAVEGA\u00c7\u00c3O NO MOL:<\/strong><\/p>\n<p><a href=\"http:\/\/mol.icb.usp.br\/index.php\/10-26-sangue-e-hemocitopoese\/\">ACESSAR P\u00c1GINA ANTERIOR<\/a><\/p>\n<\/p>\n<\/div><\/div>\n<\/div>\n","protected":false},"excerpt":{"rendered":"","protected":false},"author":2,"featured_media":0,"parent":0,"menu_order":0,"comment_status":"closed","ping_status":"closed","template":"","meta":{"_monsterinsights_skip_tracking":false,"_monsterinsights_sitenote_active":false,"_monsterinsights_sitenote_note":"","_monsterinsights_sitenote_category":0,"footnotes":""},"class_list":["post-4203","page","type-page","status-publish","hentry"],"_links":{"self":[{"href":"https:\/\/mol.icb.usp.br\/index.php\/wp-json\/wp\/v2\/pages\/4203"}],"collection":[{"href":"https:\/\/mol.icb.usp.br\/index.php\/wp-json\/wp\/v2\/pages"}],"about":[{"href":"https:\/\/mol.icb.usp.br\/index.php\/wp-json\/wp\/v2\/types\/page"}],"author":[{"embeddable":true,"href":"https:\/\/mol.icb.usp.br\/index.php\/wp-json\/wp\/v2\/users\/2"}],"replies":[{"embeddable":true,"href":"https:\/\/mol.icb.usp.br\/index.php\/wp-json\/wp\/v2\/comments?post=4203"}],"version-history":[{"count":6,"href":"https:\/\/mol.icb.usp.br\/index.php\/wp-json\/wp\/v2\/pages\/4203\/revisions"}],"predecessor-version":[{"id":5100,"href":"https:\/\/mol.icb.usp.br\/index.php\/wp-json\/wp\/v2\/pages\/4203\/revisions\/5100"}],"wp:attachment":[{"href":"https:\/\/mol.icb.usp.br\/index.php\/wp-json\/wp\/v2\/media?parent=4203"}],"curies":[{"name":"wp","href":"https:\/\/api.w.org\/{rel}","templated":true}]}}