{"id":4195,"date":"2018-01-03T10:33:20","date_gmt":"2018-01-03T12:33:20","guid":{"rendered":"http:\/\/mol.icb.usp.br\/?page_id=4195"},"modified":"2018-01-03T10:50:38","modified_gmt":"2018-01-03T12:50:38","slug":"10-26-sangue-e-hemocitopoese","status":"publish","type":"page","link":"https:\/\/mol.icb.usp.br\/index.php\/10-26-sangue-e-hemocitopoese\/","title":{"rendered":"10-26 Sangue e hemocitopoese"},"content":{"rendered":"<div class=\"su-row\">\n  <div class=\"su-column su-column-size-1-1\"><div class=\"su-column-inner su-u-clearfix su-u-trim\"> <strong>HEMOCITOPOESE<br \/>\nC\u00c9LULAS DAS LINHAGENS ERITROC\u00cdTICA E GRANULOC\u00cdTICA<br \/>\n<\/strong><\/div><\/div>\n<\/div>\n<div class=\"su-row\">\n  <div class=\"su-column su-column-size-1-2\"><div class=\"su-column-inner su-u-clearfix su-u-trim\">\n<strong>Linhagem eritroc\u00edtica<\/strong><\/p>\n<p><img loading=\"lazy\" decoding=\"async\" src=\"http:\/\/mol.icb.usp.br\/wp-content\/uploads\/flecha-verde.jpg\" alt=\"\" width=\"31\" height=\"19\" class=\"alignnone size-full wp-image-4093\" \/><strong>Eritroblasto bas\u00f3filo<\/strong><br \/>\nC\u00e9lula um pouco maior que hem\u00e1cias, n\u00facleo de cromatina densa e citoplasma bas\u00f3filo, azulado.<\/p>\n<p><img loading=\"lazy\" decoding=\"async\" src=\"http:\/\/mol.icb.usp.br\/wp-content\/uploads\/flecha-vermelha.jpg\" alt=\"\" width=\"31\" height=\"19\" class=\"alignnone size-full wp-image-4094\" \/><strong>Eritroblasto policromat\u00f3filo<\/strong><br \/>\nC\u00e9lula pequena com n\u00facleo esf\u00e9rico de cromatina densa e citoplasma de cor intermedi\u00e1ria entre bas\u00f3filo e cor de hem\u00e1cia.<\/p>\n<p><strong>Linhagem granuloc\u00edtica<\/strong><\/p>\n<p><img loading=\"lazy\" decoding=\"async\" src=\"http:\/\/mol.icb.usp.br\/wp-content\/uploads\/flecha-azul-escuro.jpg\" alt=\"\" width=\"31\" height=\"19\" class=\"alignnone size-full wp-image-4090\" \/><strong>Promiel\u00f3cito<\/strong><br \/>\nC\u00e9lula grande com n\u00facleo volumoso contendo um nucl\u00e9olo e citoplasma levemente bas\u00f3filo contendo gr\u00e2nulos muito pequenos.<\/p>\n<p><img loading=\"lazy\" decoding=\"async\" src=\"http:\/\/mol.icb.usp.br\/wp-content\/uploads\/flecha-laranja.jpg\" alt=\"\" width=\"31\" height=\"19\" class=\"alignnone size-full wp-image-4092\" \/><strong>Metamiel\u00f3citos neutr\u00f3filos<\/strong><br \/>\nC\u00e9lulas pequenas, n\u00facleos de cromatina densa em forma de salsicha, citoplasma com gr\u00e2nulos neutr\u00f3filos.<\/p>\n<\/div><\/div>\n  <div class=\"su-column su-column-size-1-2\"><div class=\"su-column-inner su-u-clearfix su-u-trim\"> <\/p>\n<p><img decoding=\"async\" src=\" http:\/\/mol.icb.usp.br\/wp-content\/uploads\/10-26.jpg \" \/><\/a><\/p>\n<p>Esfrega\u00e7o de medula \u00f3ssea hematog\u00eanica. Colora\u00e7\u00e3o: Leishman. Aumento: grande.<\/p>\n<p>Para navegar no MOL, use os links ACESSAR P\u00c1GINA ANTERIOR e ACESSAR P\u00c1GINA SEGUINTE situados abaixo da figura.<\/p>\n<p><strong>NAVEGA\u00c7\u00c3O NO MOL:<\/strong><\/p>\n<p><a href=\"http:\/\/mol.icb.usp.br\/index.php\/10-25-sangue-e-hemocitopoese\/\">ACESSAR P\u00c1GINA ANTERIOR<\/a><\/p>\n<p><a href=\"http:\/\/mol.icb.usp.br\/index.php\/10-27-sangue-e-hemocitopoese\/\">ACESSAR P\u00c1GINA SEGUINTE<\/a><\/p>\n<\/div><\/div>\n<\/div>\n","protected":false},"excerpt":{"rendered":"","protected":false},"author":2,"featured_media":0,"parent":0,"menu_order":0,"comment_status":"closed","ping_status":"closed","template":"","meta":{"_monsterinsights_skip_tracking":false,"_monsterinsights_sitenote_active":false,"_monsterinsights_sitenote_note":"","_monsterinsights_sitenote_category":0,"footnotes":""},"class_list":["post-4195","page","type-page","status-publish","hentry"],"_links":{"self":[{"href":"https:\/\/mol.icb.usp.br\/index.php\/wp-json\/wp\/v2\/pages\/4195"}],"collection":[{"href":"https:\/\/mol.icb.usp.br\/index.php\/wp-json\/wp\/v2\/pages"}],"about":[{"href":"https:\/\/mol.icb.usp.br\/index.php\/wp-json\/wp\/v2\/types\/page"}],"author":[{"embeddable":true,"href":"https:\/\/mol.icb.usp.br\/index.php\/wp-json\/wp\/v2\/users\/2"}],"replies":[{"embeddable":true,"href":"https:\/\/mol.icb.usp.br\/index.php\/wp-json\/wp\/v2\/comments?post=4195"}],"version-history":[{"count":4,"href":"https:\/\/mol.icb.usp.br\/index.php\/wp-json\/wp\/v2\/pages\/4195\/revisions"}],"predecessor-version":[{"id":4198,"href":"https:\/\/mol.icb.usp.br\/index.php\/wp-json\/wp\/v2\/pages\/4195\/revisions\/4198"}],"wp:attachment":[{"href":"https:\/\/mol.icb.usp.br\/index.php\/wp-json\/wp\/v2\/media?parent=4195"}],"curies":[{"name":"wp","href":"https:\/\/api.w.org\/{rel}","templated":true}]}}