{"id":4158,"date":"2018-01-03T09:38:54","date_gmt":"2018-01-03T11:38:54","guid":{"rendered":"http:\/\/mol.icb.usp.br\/?page_id=4158"},"modified":"2018-03-14T16:25:31","modified_gmt":"2018-03-14T19:25:31","slug":"10-22-sangue-e-hemocitopoese","status":"publish","type":"page","link":"https:\/\/mol.icb.usp.br\/index.php\/10-22-sangue-e-hemocitopoese\/","title":{"rendered":"10-22 Sangue e hemocitopoese"},"content":{"rendered":"<div class=\"su-row\">\n<div class=\"su-column su-column-size-1-1\"><div class=\"su-column-inner su-u-clearfix su-u-trim\"> <strong>HEMOCITOPOESE<br \/>\nC\u00c9LULAS DAS LINHAGENS ERITROC\u00cdTICA E GRANULOC\u00cdTICA <\/strong><\/div><\/div>\n<\/div>\n<div class=\"su-row\">\n<div class=\"su-column su-column-size-1-2\"><div class=\"su-column-inner su-u-clearfix su-u-trim\">\n<strong>Linhagem granuloc\u00edtica<\/strong><\/p>\n<p><strong><img loading=\"lazy\" decoding=\"async\" class=\"alignnone size-full wp-image-4094\" src=\"http:\/\/mol.icb.usp.br\/wp-content\/uploads\/flecha-vermelha.jpg\" alt=\"\" width=\"31\" height=\"19\" \/>Mieloblasto<\/strong><br \/>\nC\u00e9lula grande, de n\u00facleo esf\u00e9rico de cromatina frouxa, delicada &#8211; significa que \u00e9 uma c\u00e9lula bastante indiferenciada ou imatura; citoplasma levemente bas\u00f3filo fracamente corado.<\/p>\n<p><strong><img loading=\"lazy\" decoding=\"async\" class=\"alignnone size-full wp-image-4093\" src=\"http:\/\/mol.icb.usp.br\/wp-content\/uploads\/flecha-verde.jpg\" alt=\"\" width=\"31\" height=\"19\" \/>Miel\u00f3cito jovem<\/strong><br \/>\nC\u00e9lula grande, de n\u00facleo levemente indentado e de cromatina mais densa que a da etapa anterior, mais  corada; citoplasma levemente bas\u00f3filo contendo gr\u00e2nulos.<\/p>\n<p><strong>Linhagem eritroc\u00edtica<\/strong><\/p>\n<p><strong><img loading=\"lazy\" decoding=\"async\" class=\"alignnone size-full wp-image-4092\" src=\"http:\/\/mol.icb.usp.br\/wp-content\/uploads\/flecha-laranja.jpg\" alt=\"\" width=\"31\" height=\"19\" \/>Eritroblastos policromat\u00f3filos<\/strong><br \/>\nC\u00e9lulas pequenas com n\u00facleos esf\u00e9ricos pequenos de cromatina densa e citoplasma de cor intermedi\u00e1ria entre bas\u00f3filo (azulado) e cor de hem\u00e1cia (cor de rosa\/alaranjado).<\/p>\n<\/div><\/div>\n<div class=\"su-column su-column-size-1-2\"><div class=\"su-column-inner su-u-clearfix su-u-trim\">\n<p><img decoding=\"async\" src=\" http:\/\/mol.icb.usp.br\/wp-content\/uploads\/10-22.jpg \" \/><\/p>\n<p>Esfrega\u00e7o de medula \u00f3ssea hematog\u00eanica. Colora\u00e7\u00e3o: Leishman. Aumento: grande.<\/p>\n<p>Para navegar no MOL, use os links ACESSAR P\u00c1GINA ANTERIOR e ACESSAR P\u00c1GINA SEGUINTE situados abaixo da figura.<\/p>\n<p><strong>NAVEGA\u00c7\u00c3O NO MOL:<\/strong><\/p>\n<p><a href=\"http:\/\/mol.icb.usp.br\/index.php\/10-21-sangue-e-hemocitopoese\/\">ACESSAR P\u00c1GINA ANTERIOR<\/a><\/p>\n<p><a href=\"http:\/\/mol.icb.usp.br\/index.php\/10-23-sangue-e-hemocitopoese\/\">ACESSAR P\u00c1GINA SEGUINTE<\/a><br \/>\n<\/div><\/div>\n<\/div>\n","protected":false},"excerpt":{"rendered":"","protected":false},"author":2,"featured_media":0,"parent":0,"menu_order":0,"comment_status":"closed","ping_status":"closed","template":"","meta":{"_monsterinsights_skip_tracking":false,"_monsterinsights_sitenote_active":false,"_monsterinsights_sitenote_note":"","_monsterinsights_sitenote_category":0,"footnotes":""},"class_list":["post-4158","page","type-page","status-publish","hentry"],"_links":{"self":[{"href":"https:\/\/mol.icb.usp.br\/index.php\/wp-json\/wp\/v2\/pages\/4158"}],"collection":[{"href":"https:\/\/mol.icb.usp.br\/index.php\/wp-json\/wp\/v2\/pages"}],"about":[{"href":"https:\/\/mol.icb.usp.br\/index.php\/wp-json\/wp\/v2\/types\/page"}],"author":[{"embeddable":true,"href":"https:\/\/mol.icb.usp.br\/index.php\/wp-json\/wp\/v2\/users\/2"}],"replies":[{"embeddable":true,"href":"https:\/\/mol.icb.usp.br\/index.php\/wp-json\/wp\/v2\/comments?post=4158"}],"version-history":[{"count":7,"href":"https:\/\/mol.icb.usp.br\/index.php\/wp-json\/wp\/v2\/pages\/4158\/revisions"}],"predecessor-version":[{"id":6042,"href":"https:\/\/mol.icb.usp.br\/index.php\/wp-json\/wp\/v2\/pages\/4158\/revisions\/6042"}],"wp:attachment":[{"href":"https:\/\/mol.icb.usp.br\/index.php\/wp-json\/wp\/v2\/media?parent=4158"}],"curies":[{"name":"wp","href":"https:\/\/api.w.org\/{rel}","templated":true}]}}