{"id":4111,"date":"2018-01-02T21:56:53","date_gmt":"2018-01-02T23:56:53","guid":{"rendered":"http:\/\/mol.icb.usp.br\/?page_id=4111"},"modified":"2018-03-14T16:03:40","modified_gmt":"2018-03-14T19:03:40","slug":"10-14-sangue-e-hemocitopoese","status":"publish","type":"page","link":"https:\/\/mol.icb.usp.br\/index.php\/10-14-sangue-e-hemocitopoese\/","title":{"rendered":"10-14 Sangue e hemocitopoese"},"content":{"rendered":"<p><strong>HEMOCITOPOESE <\/strong><\/p>\n<p>Hemocitopoese \u00e9 o processo de forma\u00e7\u00e3o de c\u00e9lulas do sangue a partir de c\u00e9lulas tronco indiferenciadas comprometidas com a forma\u00e7\u00e3o de c\u00e9lulas sangu\u00edneas. Em adultos este processo ocorre na medula \u00f3ssea hematog\u00eanica. Lembrar que uma grande parte da medula \u00f3ssea no adulto \u00e9 ocupada por tecido adiposo branco.<\/p>\n<p>Cada tipo de c\u00e9lula do sangue tem a sua linhagem pr\u00f3pria de diferencia\u00e7\u00e3o: h\u00e1 uma <strong>linhagem eritroc\u00edtica, uma linhagem granuloc\u00edtica, uma monoc\u00edtica e uma linfoc\u00edtica<\/strong>. As c\u00e9lulas precursoras de cada linhagem passam por mitoses e gradativamente se diferenciam em c\u00e9lulas maduras. Estas s\u00e3o, em seguida, liberadas na corrente sangu\u00ednea.<\/p>\n<p>Al\u00e9m disto, h\u00e1 o processo de produ\u00e7\u00e3o das plaquetas, as quais s\u00e3o fragmentos do citoplasma que se desprendem de c\u00e9lulas muito volumosas denominadas <strong>megacari\u00f3citos<\/strong>.<\/p>\n<p><strong>Esfrega\u00e7os de c\u00e9lulas da medula \u00f3ssea<\/strong><br \/>\nUma maneira de estudar as c\u00e9lulas envolvidas em hemocitopoese \u00e9 analisar esfrega\u00e7os de medula \u00f3ssea. Medula \u00f3ssea pode ser obtida por pun\u00e7\u00e3o do canal medular de ossos e as c\u00e9lulas s\u00e3o espalhadas na superf\u00edcie de uma l\u00e2mina histol\u00f3gica e corada como o s\u00e3o os esfrega\u00e7os de sangue. Em adultos a hemocitopoese se restringe a alguns ossos, por exemplo crista il\u00edaca, costelas, v\u00e9rtebras.<br \/>\nPelo estudo dos esfrega\u00e7os \u00e9 poss\u00edvel acompanhar a diferencia\u00e7\u00e3o das c\u00e9lulas de cada linhagem. Neste m\u00f3dulo ser\u00e3o analisadas as principais etapas de forma\u00e7\u00e3o na linhagem eritroc\u00edtica e granuloc\u00edtica.<br \/>\nInicialmente o reconhecimento das diferentes etapas das diversas linhagens pode parecer dif\u00edcil, por\u00e9m se soubermos o que acontece durante a diferencia\u00e7\u00e3o das v\u00e1rias linhagens o estudo \u00e9 grandemente facilitado. Isto ser\u00e1 analisado na pr\u00f3xima p\u00e1gina. Lembrar que com a colora\u00e7\u00e3o usada de rotina, <strong>bas\u00f3filo<\/strong> significa uma estrutura que se cora em azul, <strong>eosin\u00f3filo<\/strong> se refere a um componente celular  que se cora em cor de rosa ou laranja e <strong>metacrom\u00e1tico<\/strong> a estruturas coradas em cor p\u00farpura.<\/p>\n<p><strong>IMPORTANTE LEMBRAR QUE:<\/strong><\/p>\n<p>Nos esfrega\u00e7os est\u00e3o presentes de maneira misturada as c\u00e9lulas das v\u00e1rias linhagens (inclusive linfoc\u00edtica e monoc\u00edtica). Por isso \u00e9 necess\u00e1rio bastante crit\u00e9rio para diagnostic\u00e1-las corretamente. Como as c\u00e9lulas de uma linhagem est\u00e3o em constante diferencia\u00e7\u00e3o e transforma\u00e7\u00e3o morfol\u00f3gica de uma etapa para outra de sua matura\u00e7\u00e3o, \u00e9 importante levar em considera\u00e7\u00e3o que o aspecto das c\u00e9lulas de cada etapa pode ser vari\u00e1vel, dependendo se ela est\u00e1 entrando em uma etapa, est\u00e1 no meio de uma etapa ou j\u00e1 est\u00e1 saindo daquela etapa.<\/p>\n<p>Como o material da medula \u00e9 obtido por pun\u00e7\u00e3o, existem sempre nos esfrega\u00e7os c\u00e9lulas do sangue perif\u00e9rico. S\u00e3o c\u00e9lulas maduras, adultas, de cada linhagem, que estavam no interior de vasos sangu\u00edneos da medula \u00f3ssea os quais foram rompidos durante a pun\u00e7\u00e3o. S\u00e3o as c\u00e9lulas j\u00e1 vistas nas paginas anteriores deste m\u00f3dulo.<\/p>\n<p><strong>NAVEGA\u00c7\u00c3O NO MOL:<\/strong><\/p>\n<p><a href=\"http:\/\/mol.icb.usp.br\/index.php\/10-13-sangue-e-hemocitopoese\/\">ACESSAR P\u00c1GINA ANTERIOR<\/a><\/p>\n<p><a href=\"http:\/\/mol.icb.usp.br\/index.php\/10-15-sangue-e-hemocitopoese\/\">ACESSAR P\u00c1GINA SEGUINTE<\/a><\/p>\n","protected":false},"excerpt":{"rendered":"<p>HEMOCITOPOESE Hemocitopoese \u00e9 o processo de forma\u00e7\u00e3o de c\u00e9lulas do sangue a partir de c\u00e9lulas tronco indiferenciadas comprometidas com a forma\u00e7\u00e3o de c\u00e9lulas sangu\u00edneas. Em adultos este processo ocorre na medula \u00f3ssea hematog\u00eanica. Lembrar que uma grande parte da medula \u00f3ssea no adulto \u00e9 ocupada por tecido adiposo branco. Cada tipo de c\u00e9lula do sangue [&hellip;]<\/p>\n","protected":false},"author":2,"featured_media":0,"parent":0,"menu_order":0,"comment_status":"closed","ping_status":"closed","template":"","meta":{"_monsterinsights_skip_tracking":false,"_monsterinsights_sitenote_active":false,"_monsterinsights_sitenote_note":"","_monsterinsights_sitenote_category":0,"footnotes":""},"class_list":["post-4111","page","type-page","status-publish","hentry"],"_links":{"self":[{"href":"https:\/\/mol.icb.usp.br\/index.php\/wp-json\/wp\/v2\/pages\/4111"}],"collection":[{"href":"https:\/\/mol.icb.usp.br\/index.php\/wp-json\/wp\/v2\/pages"}],"about":[{"href":"https:\/\/mol.icb.usp.br\/index.php\/wp-json\/wp\/v2\/types\/page"}],"author":[{"embeddable":true,"href":"https:\/\/mol.icb.usp.br\/index.php\/wp-json\/wp\/v2\/users\/2"}],"replies":[{"embeddable":true,"href":"https:\/\/mol.icb.usp.br\/index.php\/wp-json\/wp\/v2\/comments?post=4111"}],"version-history":[{"count":9,"href":"https:\/\/mol.icb.usp.br\/index.php\/wp-json\/wp\/v2\/pages\/4111\/revisions"}],"predecessor-version":[{"id":6023,"href":"https:\/\/mol.icb.usp.br\/index.php\/wp-json\/wp\/v2\/pages\/4111\/revisions\/6023"}],"wp:attachment":[{"href":"https:\/\/mol.icb.usp.br\/index.php\/wp-json\/wp\/v2\/media?parent=4111"}],"curies":[{"name":"wp","href":"https:\/\/api.w.org\/{rel}","templated":true}]}}