{"id":4048,"date":"2018-01-01T23:47:06","date_gmt":"2018-01-02T01:47:06","guid":{"rendered":"http:\/\/mol.icb.usp.br\/?page_id=4048"},"modified":"2021-11-10T18:34:08","modified_gmt":"2021-11-10T21:34:08","slug":"10-10-sangue-e-hemocitopoese","status":"publish","type":"page","link":"https:\/\/mol.icb.usp.br\/index.php\/10-10-sangue-e-hemocitopoese\/","title":{"rendered":"10-10 Sangue e hemocitopoese"},"content":{"rendered":"<div class=\"su-row\">\n  <div class=\"su-column su-column-size-1-1\"><div class=\"su-column-inner su-u-clearfix su-u-trim\"> <strong>C\u00c9LULAS DO SANGUE<br \/>\nLINF\u00d3CITOS<br \/>\n<\/strong><\/div><\/div>\n<\/div>\n<div class=\"su-row\">\n  <div class=\"su-column su-column-size-1-2\"><div class=\"su-column-inner su-u-clearfix su-u-trim\">\nA figura superior mostra uma c\u00e9lula nucleada cujo tamanho \u00e9 semelhante ao de uma hem\u00e1cia. \u00c9 um leuc\u00f3cito relativamente pequeno.<br \/>\nSeu n\u00facleo tem cromatina densa, \u00e9 bem corado e esf\u00e9rico. N\u00e3o est\u00e1 subdividido em segmentos, portanto n\u00e3o \u00e9 um leuc\u00f3cito polimorfonuclear, o que afasta o diagn\u00f3stico de neutr\u00f3filo, eosin\u00f3filo e bas\u00f3filo.<\/p>\n<p>H\u00e1 muito pouco citoplasma em torno do n\u00facleo \u2013 apenas uma delgada camada. Consiste de um halo de colora\u00e7\u00e3o azul claro a qual indica   basofilia do citoplasma, ao contr\u00e1rio das hem\u00e1cias que se coram em cor de rosa e cujo citoplasma \u00e9 portanto acid\u00f3filo.<br \/>\nAl\u00e9m disto, n\u00e3o se observam gr\u00e2nulos espec\u00edficos no citoplasma \u2013 n\u00e3o h\u00e1 gr\u00e2nulos neutr\u00f3filos, eosin\u00f3filos ou bas\u00f3filos. Confirma que n\u00e3o \u00e9 um leuc\u00f3cito granul\u00f3cito, \u00e9 um agranul\u00f3cito.<br \/>\nAgranul\u00f3citos podem ser linf\u00f3citos ou mon\u00f3citos.<br \/>\nUm agranul\u00f3cito pequeno com muito pouco citoplasma s\u00f3 pode ser: <strong>um linf\u00f3cito<\/strong>.<br \/>\nOs mon\u00f3citos s\u00e3o c\u00e9lulas muito maiores e com bastante citoplasma.<\/p>\n<p>C\u00e9lula da figura inferior: mesmas caracter\u00edsticas, mesmo diagn\u00f3stico.<\/p>\n<p>Note que o citoplasma n\u00e3o est\u00e1 azulado como o da figura superior. Defeito de colora\u00e7\u00e3o apontado no in\u00edcio deste m\u00f3dulo.<\/p>\n<\/div><\/div>\n  <div class=\"su-column su-column-size-1-2\"><div class=\"su-column-inner su-u-clearfix su-u-trim\"> <\/p>\n<p><img decoding=\"async\" src=\" http:\/\/mol.icb.usp.br\/wp-content\/uploads\/10-10-A.jpg \" \/><\/a><\/p>\n<p>Esfrega\u00e7o de sangue. Colora\u00e7\u00e3o: Leishman. Aumento: grande.<\/p>\n<p><img decoding=\"async\" src=\" http:\/\/mol.icb.usp.br\/wp-content\/uploads\/10-10-B.jpg \" \/><\/a><\/p>\n<p>Esfrega\u00e7o de sangue. Colora\u00e7\u00e3o: Leishman. Aumento: grande.<\/p>\n<p>Para navegar no MOL, use os links ACESSAR P\u00c1GINA ANTERIOR e ACESSAR P\u00c1GINA SEGUINTE situados abaixo da figura.<\/p>\n<p><strong>NAVEGA\u00c7\u00c3O NO MOL:<\/strong><\/p>\n<p><a href=\"http:\/\/mol.icb.usp.br\/index.php\/10-9-sangue-e-hemocitopoese\/\">ACESSAR P\u00c1GINA ANTERIOR<\/a><\/p>\n<p><a href=\"http:\/\/mol.icb.usp.br\/index.php\/10-11-sangue-e-hemocitopoese\/\">ACESSAR P\u00c1GINA SEGUINTE<\/a><br \/>\n<\/div><\/div>\n<\/div>\n","protected":false},"excerpt":{"rendered":"","protected":false},"author":2,"featured_media":0,"parent":0,"menu_order":0,"comment_status":"closed","ping_status":"closed","template":"","meta":{"_monsterinsights_skip_tracking":false,"_monsterinsights_sitenote_active":false,"_monsterinsights_sitenote_note":"","_monsterinsights_sitenote_category":0,"footnotes":""},"class_list":["post-4048","page","type-page","status-publish","hentry"],"_links":{"self":[{"href":"https:\/\/mol.icb.usp.br\/index.php\/wp-json\/wp\/v2\/pages\/4048"}],"collection":[{"href":"https:\/\/mol.icb.usp.br\/index.php\/wp-json\/wp\/v2\/pages"}],"about":[{"href":"https:\/\/mol.icb.usp.br\/index.php\/wp-json\/wp\/v2\/types\/page"}],"author":[{"embeddable":true,"href":"https:\/\/mol.icb.usp.br\/index.php\/wp-json\/wp\/v2\/users\/2"}],"replies":[{"embeddable":true,"href":"https:\/\/mol.icb.usp.br\/index.php\/wp-json\/wp\/v2\/comments?post=4048"}],"version-history":[{"count":5,"href":"https:\/\/mol.icb.usp.br\/index.php\/wp-json\/wp\/v2\/pages\/4048\/revisions"}],"predecessor-version":[{"id":8984,"href":"https:\/\/mol.icb.usp.br\/index.php\/wp-json\/wp\/v2\/pages\/4048\/revisions\/8984"}],"wp:attachment":[{"href":"https:\/\/mol.icb.usp.br\/index.php\/wp-json\/wp\/v2\/media?parent=4048"}],"curies":[{"name":"wp","href":"https:\/\/api.w.org\/{rel}","templated":true}]}}