{"id":4024,"date":"2017-12-31T21:16:04","date_gmt":"2017-12-31T23:16:04","guid":{"rendered":"http:\/\/mol.icb.usp.br\/?page_id=4024"},"modified":"2018-01-04T10:57:16","modified_gmt":"2018-01-04T12:57:16","slug":"10-8-sangue-e-hemocitopoese","status":"publish","type":"page","link":"https:\/\/mol.icb.usp.br\/index.php\/10-8-sangue-e-hemocitopoese\/","title":{"rendered":"10-8 Sangue e hemocitopoese"},"content":{"rendered":"<div class=\"su-row\">\n  <div class=\"su-column su-column-size-1-1\"><div class=\"su-column-inner su-u-clearfix su-u-trim\"> <strong>C\u00c9LULAS DO SANGUE<br \/>\nEOSIN\u00d3FILOS<br \/>\n<\/strong> <\/div><\/div>\n<\/div>\n<div class=\"su-row\">\n  <div class=\"su-column su-column-size-1-2\"><div class=\"su-column-inner su-u-clearfix su-u-trim\">A figura superior apresenta uma c\u00e9lula nucleada pouco maior que uma hem\u00e1cia. Seu n\u00facleo tem dois l\u00f3bulos -passe o cursor sobre a figura para distingui-los.<br \/>\nO citoplasma cont\u00e9m grande quantidade de grandes gr\u00e2nulos de cor laranja.<\/p>\n<p>Uma c\u00e9lula com estas caracter\u00edsticas s\u00f3 pode ser um <strong>eosin\u00f3filo<\/strong>.<\/p>\n<p>Figura inferior: <strong>eosin\u00f3filo<\/strong>.<\/p>\n<\/div><\/div>\n  <div class=\"su-column su-column-size-1-2\"><div class=\"su-column-inner su-u-clearfix su-u-trim\"> <\/p>\n<div onclick>\n<div class=\"image-container\">\n<div class=\"extra\">\n<a href=\"javascript:void(0)\"><img decoding=\"async\" src=\" http:\/\/mol.icb.usp.br\/wp-content\/uploads\/10-8-A.jpg \" onmouseover=\"this.src=' http:\/\/mol.icb.usp.br\/wp-content\/uploads\/10-8-A-MO.jpg'\" onmouseout=\"this.src=' http:\/\/mol.icb.usp.br\/wp-content\/uploads\/10-8-A.jpg'\" \/><\/a><\/div>\n<p>Esfrega\u00e7o de sangue. Colora\u00e7\u00e3o: Leishman. Aumento: grande.<\/p>\n<p><img decoding=\"async\" src=\"http:\/\/mol.icb.usp.br\/wp-content\/uploads\/mouse-1.gif\"\/><\/a><\/p>\n<p><img decoding=\"async\" src=\" http:\/\/mol.icb.usp.br\/wp-content\/uploads\/10-8-B.jpg \" \/><\/a><\/p>\n<p>Esfrega\u00e7o de sangue. Colora\u00e7\u00e3o: Leishman. Aumento: grande.<\/p>\n<p><strong>NAVEGA\u00c7\u00c3O NO MOL:<\/strong><\/p>\n<p><a href=\"http:\/\/mol.icb.usp.br\/index.php\/10-7-sangue-e-hemocitopoese\/\">ACESSAR P\u00c1GINA ANTERIOR<\/a><\/p>\n<p><a href=\"http:\/\/mol.icb.usp.br\/index.php\/10-9-sangue-e-hemocitopoese\/\">ACESSAR P\u00c1GINA SEGUINTE<\/a>\n<\/div>\n<\/div>\n<\/div>\n<p><\/body><br \/>\n<\/html> <\/div><\/div>\n<\/div>\n","protected":false},"excerpt":{"rendered":"","protected":false},"author":2,"featured_media":0,"parent":0,"menu_order":0,"comment_status":"closed","ping_status":"closed","template":"","meta":{"_monsterinsights_skip_tracking":false,"_monsterinsights_sitenote_active":false,"_monsterinsights_sitenote_note":"","_monsterinsights_sitenote_category":0,"footnotes":""},"class_list":["post-4024","page","type-page","status-publish","hentry"],"_links":{"self":[{"href":"https:\/\/mol.icb.usp.br\/index.php\/wp-json\/wp\/v2\/pages\/4024"}],"collection":[{"href":"https:\/\/mol.icb.usp.br\/index.php\/wp-json\/wp\/v2\/pages"}],"about":[{"href":"https:\/\/mol.icb.usp.br\/index.php\/wp-json\/wp\/v2\/types\/page"}],"author":[{"embeddable":true,"href":"https:\/\/mol.icb.usp.br\/index.php\/wp-json\/wp\/v2\/users\/2"}],"replies":[{"embeddable":true,"href":"https:\/\/mol.icb.usp.br\/index.php\/wp-json\/wp\/v2\/comments?post=4024"}],"version-history":[{"count":3,"href":"https:\/\/mol.icb.usp.br\/index.php\/wp-json\/wp\/v2\/pages\/4024\/revisions"}],"predecessor-version":[{"id":4215,"href":"https:\/\/mol.icb.usp.br\/index.php\/wp-json\/wp\/v2\/pages\/4024\/revisions\/4215"}],"wp:attachment":[{"href":"https:\/\/mol.icb.usp.br\/index.php\/wp-json\/wp\/v2\/media?parent=4024"}],"curies":[{"name":"wp","href":"https:\/\/api.w.org\/{rel}","templated":true}]}}