{"id":4022,"date":"2017-12-31T21:02:43","date_gmt":"2017-12-31T23:02:43","guid":{"rendered":"http:\/\/mol.icb.usp.br\/?page_id=4022"},"modified":"2017-12-31T21:06:55","modified_gmt":"2017-12-31T23:06:55","slug":"10-6-sangue-e-hemocitopoese","status":"publish","type":"page","link":"https:\/\/mol.icb.usp.br\/index.php\/10-6-sangue-e-hemocitopoese\/","title":{"rendered":"10-6 Sangue e hemocitopoese"},"content":{"rendered":"<div class=\"su-row\">\n  <div class=\"su-column su-column-size-1-1\"><div class=\"su-column-inner su-u-clearfix su-u-trim\"> <strong>C\u00c9LULAS DO SANGUE<br \/>\nNEUTR\u00d3FILOS &#8211; 2<br \/>\n<\/strong> <\/div><\/div>\n<\/div>\n<div class=\"su-row\">\n  <div class=\"su-column su-column-size-1-2\"><div class=\"su-column-inner su-u-clearfix su-u-trim\"> Na figura superior h\u00e1 uma c\u00e9lula um pouco maior que uma hem\u00e1cia. Seu citoplasma \u00e9 claro e n\u00e3o se observam gr\u00e2nulos muito evidentes.<br \/>\nSeu n\u00facleo tem forma da letra C &#8211; passe o cursor sobre a imagem para destacar o n\u00facleo. Ele tem grumos de cromatina no seu interior.<\/p>\n<p>Trata-se de um <strong>neutr\u00f3filo em bastonete<\/strong>.<\/p>\n<p>A figura inferior cont\u00e9m uma c\u00e9lula um pouco maior que uma hem\u00e1cia cujo n\u00facleo tem uma constri\u00e7\u00e3o &#8211; veja a seta. Seu citoplasma tem gr\u00e2nulos cor de rosa.<br \/>\nTrata-se de um <strong>neutr\u00f3filo em bastonete<\/strong> que est\u00e1 sofrendo constri\u00e7\u00f5es e, portanto, este neutr\u00f3filo se transformando em segmentado.<\/p>\n<\/div><\/div>\n  <div class=\"su-column su-column-size-1-2\"><div class=\"su-column-inner su-u-clearfix su-u-trim\"> <\/p>\n<div onclick>\n<div class=\"image-container\">\n<div class=\"extra\">\n<a href=\"javascript:void(0)\"><img decoding=\"async\" src=\" http:\/\/mol.icb.usp.br\/wp-content\/uploads\/10-6-A.jpg \" onmouseover=\"this.src=' http:\/\/mol.icb.usp.br\/wp-content\/uploads\/10-6-A-MO.jpg'\" onmouseout=\"this.src=' http:\/\/mol.icb.usp.br\/wp-content\/uploads\/10-6-A.jpg'\" \/><\/a><\/div>\n<p>Esfrega\u00e7o de sangue. Colora\u00e7\u00e3o: Leishman. Aumento: grande.<\/p>\n<p><img decoding=\"async\" src=\"http:\/\/mol.icb.usp.br\/wp-content\/uploads\/mouse-1.gif\"\/><\/a><\/p>\n<\/p>\n<p><img decoding=\"async\" src=\" http:\/\/mol.icb.usp.br\/wp-content\/uploads\/10-6-B.jpg \" \/><\/a><\/p>\n<p>Esfrega\u00e7o de sangue. Colora\u00e7\u00e3o: Leishman. Aumento: grande.<\/p>\n<p><strong>NAVEGA\u00c7\u00c3O NO MOL:<\/strong><\/p>\n<p><a href=\"http:\/\/mol.icb.usp.br\/index.php\/10-5-sangue-e-hemocitopoese\/\">ACESSAR P\u00c1GINA ANTERIOR<\/a><\/p>\n<p><a href=\"http:\/\/mol.icb.usp.br\/index.php\/10-7-sangue-e-hemocitopoese\/\">ACESSAR P\u00c1GINA SEGUINTE<\/a>\n<\/div>\n<\/div>\n<\/div>\n<p><\/body><br \/>\n<\/html> <\/div><\/div>\n<\/div>\n","protected":false},"excerpt":{"rendered":"","protected":false},"author":2,"featured_media":0,"parent":0,"menu_order":0,"comment_status":"closed","ping_status":"closed","template":"","meta":{"_monsterinsights_skip_tracking":false,"_monsterinsights_sitenote_active":false,"_monsterinsights_sitenote_note":"","_monsterinsights_sitenote_category":0,"footnotes":""},"class_list":["post-4022","page","type-page","status-publish","hentry"],"_links":{"self":[{"href":"https:\/\/mol.icb.usp.br\/index.php\/wp-json\/wp\/v2\/pages\/4022"}],"collection":[{"href":"https:\/\/mol.icb.usp.br\/index.php\/wp-json\/wp\/v2\/pages"}],"about":[{"href":"https:\/\/mol.icb.usp.br\/index.php\/wp-json\/wp\/v2\/types\/page"}],"author":[{"embeddable":true,"href":"https:\/\/mol.icb.usp.br\/index.php\/wp-json\/wp\/v2\/users\/2"}],"replies":[{"embeddable":true,"href":"https:\/\/mol.icb.usp.br\/index.php\/wp-json\/wp\/v2\/comments?post=4022"}],"version-history":[{"count":7,"href":"https:\/\/mol.icb.usp.br\/index.php\/wp-json\/wp\/v2\/pages\/4022\/revisions"}],"predecessor-version":[{"id":4035,"href":"https:\/\/mol.icb.usp.br\/index.php\/wp-json\/wp\/v2\/pages\/4022\/revisions\/4035"}],"wp:attachment":[{"href":"https:\/\/mol.icb.usp.br\/index.php\/wp-json\/wp\/v2\/media?parent=4022"}],"curies":[{"name":"wp","href":"https:\/\/api.w.org\/{rel}","templated":true}]}}