{"id":4010,"date":"2017-12-30T17:43:33","date_gmt":"2017-12-30T19:43:33","guid":{"rendered":"http:\/\/mol.icb.usp.br\/?page_id=4010"},"modified":"2017-12-30T17:53:41","modified_gmt":"2017-12-30T19:53:41","slug":"10-4-sangue-e-hemocitopoese","status":"publish","type":"page","link":"https:\/\/mol.icb.usp.br\/index.php\/10-4-sangue-e-hemocitopoese\/","title":{"rendered":"10-4 Sangue e hemocitopoese"},"content":{"rendered":"<div class=\"su-row\">\n  <div class=\"su-column su-column-size-1-1\"><div class=\"su-column-inner su-u-clearfix su-u-trim\"> <strong>C\u00c9LULAS DO SANGUE<br \/>\nHEM\u00c1CIAS<br \/>\n <\/strong><\/div><\/div>\n<\/div>\n<div class=\"su-row\">\n  <div class=\"su-column su-column-size-1-2\"><div class=\"su-column-inner su-u-clearfix su-u-trim\">\nAs hem\u00e1cias s\u00e3o anucleadas. Sua colora\u00e7\u00e3o em esfrega\u00e7os pode variar de cor de rosa a acinzentado.<br \/>\nAs hem\u00e1cias t\u00eam a forma de um disco bic\u00f4ncavo. S\u00e3o, portanto, mais delgadas na sua regi\u00e3o central, raz\u00e3o pela qual esta por\u00e7\u00e3o \u00e9 menos corada. Seu di\u00e2metro em condi\u00e7\u00f5es normais \u00e9 bastante constante, de cerca de 7 micrometros.<\/p>\n<\/div><\/div>\n  <div class=\"su-column su-column-size-1-2\"><div class=\"su-column-inner su-u-clearfix su-u-trim\"> <\/p>\n<p><img decoding=\"async\" src=\" http:\/\/mol.icb.usp.br\/wp-content\/uploads\/10-4.jpg \" \/><\/a><\/p>\n<p>Esfrega\u00e7o de sangue. Colora\u00e7\u00e3o: Leishman. Aumento: grande.<\/p>\n<p>Para navegar no MOL, use os links ACESSAR P\u00c1GINA ANTERIOR e ACESSAR P\u00c1GINA SEGUINTE situados abaixo da figura.<\/p>\n<p><strong>NAVEGA\u00c7\u00c3O NO MOL:<\/strong><\/p>\n<p><a href=\"http:\/\/mol.icb.usp.br\/index.php\/10-3-sangue-e-hemocitopoese\/\">ACESSAR P\u00c1GINA ANTERIOR<\/a><\/p>\n<p><a href=\"http:\/\/mol.icb.usp.br\/index.php\/10-5-sangue-e-hemocitopoese\/\">ACESSAR P\u00c1GINA SEGUINTE<\/a><br \/>\n<\/div><\/div>\n<\/div>\n","protected":false},"excerpt":{"rendered":"","protected":false},"author":2,"featured_media":0,"parent":0,"menu_order":0,"comment_status":"closed","ping_status":"closed","template":"","meta":{"_monsterinsights_skip_tracking":false,"_monsterinsights_sitenote_active":false,"_monsterinsights_sitenote_note":"","_monsterinsights_sitenote_category":0,"footnotes":""},"class_list":["post-4010","page","type-page","status-publish","hentry"],"_links":{"self":[{"href":"https:\/\/mol.icb.usp.br\/index.php\/wp-json\/wp\/v2\/pages\/4010"}],"collection":[{"href":"https:\/\/mol.icb.usp.br\/index.php\/wp-json\/wp\/v2\/pages"}],"about":[{"href":"https:\/\/mol.icb.usp.br\/index.php\/wp-json\/wp\/v2\/types\/page"}],"author":[{"embeddable":true,"href":"https:\/\/mol.icb.usp.br\/index.php\/wp-json\/wp\/v2\/users\/2"}],"replies":[{"embeddable":true,"href":"https:\/\/mol.icb.usp.br\/index.php\/wp-json\/wp\/v2\/comments?post=4010"}],"version-history":[{"count":4,"href":"https:\/\/mol.icb.usp.br\/index.php\/wp-json\/wp\/v2\/pages\/4010\/revisions"}],"predecessor-version":[{"id":4021,"href":"https:\/\/mol.icb.usp.br\/index.php\/wp-json\/wp\/v2\/pages\/4010\/revisions\/4021"}],"wp:attachment":[{"href":"https:\/\/mol.icb.usp.br\/index.php\/wp-json\/wp\/v2\/media?parent=4010"}],"curies":[{"name":"wp","href":"https:\/\/api.w.org\/{rel}","templated":true}]}}