{"id":3958,"date":"2017-12-28T12:47:02","date_gmt":"2017-12-28T14:47:02","guid":{"rendered":"http:\/\/mol.icb.usp.br\/?page_id=3958"},"modified":"2021-05-05T10:18:04","modified_gmt":"2021-05-05T13:18:04","slug":"9-36-tecido-nervoso","status":"publish","type":"page","link":"https:\/\/mol.icb.usp.br\/index.php\/9-36-tecido-nervoso\/","title":{"rendered":"9-36 Tecido nervoso"},"content":{"rendered":"<div class=\"su-row\">\n  <div class=\"su-column su-column-size-1-1\"><div class=\"su-column-inner su-u-clearfix su-u-trim\"> <strong>ESTRUTURA DO TECIDO NERVOSO<br \/>\nSISTEMA NERVOSO PERIF\u00c9RICO<br \/>\nG\u00c2NGLIO<br \/>\n<\/strong> <\/div><\/div>\n<\/div>\n<div class=\"su-row\">\n  <div class=\"su-column su-column-size-1-2\"><div class=\"su-column-inner su-u-clearfix su-u-trim\"> Os g\u00e2nglios s\u00e3o conjuntos de neur\u00f4nios situados no sistema nervoso perif\u00e9rico, portanto fora do sistema nervoso central.<br \/>\nNesta imagem de um corte de g\u00e2nglio se observam in\u00fameras c\u00e9lulas com citoplasma azulado (bas\u00f3filo), n\u00facleos grande e com cromatina frouxa e nucl\u00e9olos volumosos. S\u00e3o <strong>corpos celulares de neur\u00f4nios<\/strong>. <\/p>\n<p>Uma caracter\u00edstica importante dos neur\u00f4nios ganglionares \u00e9 a presen\u00e7a de pequenas c\u00e9lulas que recobrem os neur\u00f4nios. S\u00e3o denominadas <strong>c\u00e9lulas sat\u00e9lites de neur\u00f4nios ou c\u00e9lulas sat\u00e9lites gliais<\/strong>. Ficam ressaltadas em verde ao passar o cursor ou clicar na imagem.<\/p>\n<\/div><\/div>\n  <div class=\"su-column su-column-size-1-2\"><div class=\"su-column-inner su-u-clearfix su-u-trim\"> <\/p>\n<div onclick>\n<div class=\"image-container\">\n<div class=\"extra\">\n<a href=\"javascript:void(0)\"><img decoding=\"async\" src=\" http:\/\/mol.icb.usp.br\/wp-content\/uploads\/9-36.jpg \" onmouseover=\"this.src=' http:\/\/mol.icb.usp.br\/wp-content\/uploads\/9-36-MO.jpg'\" onmouseout=\"this.src=' http:\/\/mol.icb.usp.br\/wp-content\/uploads\/9-36.jpg'\" \/><\/a><\/div>\n<p>G\u00e2nglio. Colora\u00e7\u00e3o: HE. Aumento: m\u00e9dio.<\/p>\n<p><img decoding=\"async\" src=\"http:\/\/mol.icb.usp.br\/wp-content\/uploads\/mouse-1.gif\"\/><\/a><\/p>\n<p style=\"font-size:20px\"><strong>FIM DO M\u00d3DULO <em>9 &#8211; TECIDO NERVOSO<\/em><\/strong> <\/p>\n<p><strong>NAVEGA\u00c7\u00c3O NO MOL:<\/strong><\/p>\n<p><a href=\"http:\/\/mol.icb.usp.br\/index.php\/9-35-tecido-nervoso\/\">ACESSAR P\u00c1GINA ANTERIOR<\/a><\/p>\n<\/div>\n<\/div>\n<\/div>\n<p><\/body><br \/>\n<\/html> <\/div><\/div>\n<\/div>\n","protected":false},"excerpt":{"rendered":"","protected":false},"author":2,"featured_media":0,"parent":0,"menu_order":0,"comment_status":"closed","ping_status":"closed","template":"","meta":{"_monsterinsights_skip_tracking":false,"_monsterinsights_sitenote_active":false,"_monsterinsights_sitenote_note":"","_monsterinsights_sitenote_category":0,"footnotes":""},"class_list":["post-3958","page","type-page","status-publish","hentry"],"_links":{"self":[{"href":"https:\/\/mol.icb.usp.br\/index.php\/wp-json\/wp\/v2\/pages\/3958"}],"collection":[{"href":"https:\/\/mol.icb.usp.br\/index.php\/wp-json\/wp\/v2\/pages"}],"about":[{"href":"https:\/\/mol.icb.usp.br\/index.php\/wp-json\/wp\/v2\/types\/page"}],"author":[{"embeddable":true,"href":"https:\/\/mol.icb.usp.br\/index.php\/wp-json\/wp\/v2\/users\/2"}],"replies":[{"embeddable":true,"href":"https:\/\/mol.icb.usp.br\/index.php\/wp-json\/wp\/v2\/comments?post=3958"}],"version-history":[{"count":5,"href":"https:\/\/mol.icb.usp.br\/index.php\/wp-json\/wp\/v2\/pages\/3958\/revisions"}],"predecessor-version":[{"id":8932,"href":"https:\/\/mol.icb.usp.br\/index.php\/wp-json\/wp\/v2\/pages\/3958\/revisions\/8932"}],"wp:attachment":[{"href":"https:\/\/mol.icb.usp.br\/index.php\/wp-json\/wp\/v2\/media?parent=3958"}],"curies":[{"name":"wp","href":"https:\/\/api.w.org\/{rel}","templated":true}]}}