{"id":3957,"date":"2017-12-28T12:42:41","date_gmt":"2017-12-28T14:42:41","guid":{"rendered":"http:\/\/mol.icb.usp.br\/?page_id=3957"},"modified":"2018-03-14T11:30:31","modified_gmt":"2018-03-14T14:30:31","slug":"9-35-tecido-nervoso","status":"publish","type":"page","link":"https:\/\/mol.icb.usp.br\/index.php\/9-35-tecido-nervoso\/","title":{"rendered":"9-35 Tecido nervoso"},"content":{"rendered":"<div class=\"su-row\">\n  <div class=\"su-column su-column-size-1-1\"><div class=\"su-column-inner su-u-clearfix su-u-trim\"> <strong>ESTRUTURA DO TECIDO NERVOSO<br \/>\nSISTEMA NERVOSO PERIF\u00c9RICO<br \/>\nNERVOS \u2013 9<br \/>\n<\/strong> <\/div><\/div>\n<\/div>\n<div class=\"su-row\">\n  <div class=\"su-column su-column-size-1-2\"><div class=\"su-column-inner su-u-clearfix su-u-trim\"> Nervos amiel\u00ednicos em sec\u00e7\u00e3o transversal.<\/p>\n<p>Os <strong>nervos amiel\u00ednicos<\/strong> s\u00e3o geralmente de pequeno calibre e nem sempre s\u00e3o facilmente visualizados. N\u00e3o apresentam o aspecto rendilhado dos nervos miel\u00ednicos, pois n\u00e3o t\u00eam mielina. Nesta imagem os seus <strong>perineuros<\/strong> est\u00e3o bem evidentes, ressaltados em azul ap\u00f3s usar o cursor ou clicar. Os n\u00facleos observados no interior dos nervos s\u00e3o em sua maioria das <strong>c\u00e9lulas de Schwann<\/strong> e alguns pertencem a c\u00e9lulas endoteliais de capilares sangu\u00edneos.<\/p>\n<\/div><\/div>\n  <div class=\"su-column su-column-size-1-2\"><div class=\"su-column-inner su-u-clearfix su-u-trim\"> <\/p>\n<div onclick>\n<div class=\"image-container\">\n<div class=\"extra\">\n<a href=\"javascript:void(0)\"><img decoding=\"async\" src=\" http:\/\/mol.icb.usp.br\/wp-content\/uploads\/9-35.jpg \" onmouseover=\"this.src=' http:\/\/mol.icb.usp.br\/wp-content\/uploads\/9-35-MO.jpg'\" onmouseout=\"this.src=' http:\/\/mol.icb.usp.br\/wp-content\/uploads\/9-35.jpg'\" \/><\/a><\/div>\n<p>Nervos amiel\u00ednicos (corte transversal). Colora\u00e7\u00e3o: HE. Aumento: m\u00e9dio.<\/p>\n<p><img decoding=\"async\" src=\"http:\/\/mol.icb.usp.br\/wp-content\/uploads\/mouse-1.gif\"\/><\/a><\/p>\n<p><strong>NAVEGA\u00c7\u00c3O NO MOL:<\/strong><\/p>\n<p><a href=\"http:\/\/mol.icb.usp.br\/index.php\/9-34-tecido-nervoso\/\">ACESSAR P\u00c1GINA ANTERIOR<\/a><\/p>\n<p><a href=\"http:\/\/mol.icb.usp.br\/index.php\/9-36-tecido-nervoso\/\">ACESSAR P\u00c1GINA SEGUINTE<\/a>\n<\/div>\n<\/div>\n<\/div>\n<p><\/body><br \/>\n<\/html> <\/div><\/div>\n<\/div>\n","protected":false},"excerpt":{"rendered":"","protected":false},"author":2,"featured_media":0,"parent":0,"menu_order":0,"comment_status":"closed","ping_status":"closed","template":"","meta":{"_monsterinsights_skip_tracking":false,"_monsterinsights_sitenote_active":false,"_monsterinsights_sitenote_note":"","_monsterinsights_sitenote_category":0,"footnotes":""},"class_list":["post-3957","page","type-page","status-publish","hentry"],"_links":{"self":[{"href":"https:\/\/mol.icb.usp.br\/index.php\/wp-json\/wp\/v2\/pages\/3957"}],"collection":[{"href":"https:\/\/mol.icb.usp.br\/index.php\/wp-json\/wp\/v2\/pages"}],"about":[{"href":"https:\/\/mol.icb.usp.br\/index.php\/wp-json\/wp\/v2\/types\/page"}],"author":[{"embeddable":true,"href":"https:\/\/mol.icb.usp.br\/index.php\/wp-json\/wp\/v2\/users\/2"}],"replies":[{"embeddable":true,"href":"https:\/\/mol.icb.usp.br\/index.php\/wp-json\/wp\/v2\/comments?post=3957"}],"version-history":[{"count":5,"href":"https:\/\/mol.icb.usp.br\/index.php\/wp-json\/wp\/v2\/pages\/3957\/revisions"}],"predecessor-version":[{"id":6009,"href":"https:\/\/mol.icb.usp.br\/index.php\/wp-json\/wp\/v2\/pages\/3957\/revisions\/6009"}],"wp:attachment":[{"href":"https:\/\/mol.icb.usp.br\/index.php\/wp-json\/wp\/v2\/media?parent=3957"}],"curies":[{"name":"wp","href":"https:\/\/api.w.org\/{rel}","templated":true}]}}