{"id":3939,"date":"2017-12-28T12:30:25","date_gmt":"2017-12-28T14:30:25","guid":{"rendered":"http:\/\/mol.icb.usp.br\/?page_id=3939"},"modified":"2017-12-28T12:36:13","modified_gmt":"2017-12-28T14:36:13","slug":"9-32-tecido-nervoso","status":"publish","type":"page","link":"https:\/\/mol.icb.usp.br\/index.php\/9-32-tecido-nervoso\/","title":{"rendered":"9-32 Tecido nervoso"},"content":{"rendered":"<div class=\"su-row\">\n  <div class=\"su-column su-column-size-1-1\"><div class=\"su-column-inner su-u-clearfix su-u-trim\"> <strong>ESTRUTURA DO TECIDO NERVOSO<br \/>\nSISTEMA NERVOSO PERIF\u00c9RICO<br \/>\nNERVOS \u2013 6<br \/>\n<\/strong><\/div><\/div>\n<\/div>\n<div class=\"su-row\">\n  <div class=\"su-column su-column-size-1-2\"><div class=\"su-column-inner su-u-clearfix su-u-trim\">\nCortes longitudinais de nervos calibrosos.<br \/>\nNa figura superior &#8211; h\u00e1 dois espessos fasc\u00edculos do nervo, um na por\u00e7\u00e3o superior da figura e outro ocupando cerca de 2\/3 da  por\u00e7\u00e3o inferior da figura.<br \/>\nNo aumento maior (figura inferior) \u00e9 poss\u00edvel observar o aspecto rendilhado das fibras. Isto \u00e9 causado pela aus\u00eancia da mielina, dissolvida ao se preparar o corte.<\/p>\n<p>Nem sempre \u00e9 f\u00e1cil reconhecer e diagnosticar um nervo seccionado longitudinalmente. \u00c0s vezes pode ser confundido com tecido muscular liso ou tecido conjuntivo denso modelado. Se tiver d\u00favidas reveja estes tecidos nos seus m\u00f3dulos.<\/p>\n<\/div><\/div>\n  <div class=\"su-column su-column-size-1-2\"><div class=\"su-column-inner su-u-clearfix su-u-trim\"> <\/p>\n<p><img decoding=\"async\" src=\" http:\/\/mol.icb.usp.br\/wp-content\/uploads\/9-32-A.jpg \" \/><\/a><\/p>\n<p>Nervo (corte longitudinal). Colora\u00e7\u00e3o: HE. Aumento: pequeno.<\/p>\n<\/p>\n<p><img decoding=\"async\" src=\" http:\/\/mol.icb.usp.br\/wp-content\/uploads\/9-32-B.jpg \" \/><\/a><\/p>\n<p>Nervo (corte longitudinal). Colora\u00e7\u00e3o: HE. Aumento: pequeno.<\/p>\n<p><strong>NAVEGA\u00c7\u00c3O NO MOL:<\/strong><\/p>\n<p><a href=\"http:\/\/mol.icb.usp.br\/index.php\/9-31-tecido-nervoso\/\">ACESSAR P\u00c1GINA ANTERIOR<\/a><\/p>\n<p><a href=\"http:\/\/mol.icb.usp.br\/index.php\/9-33-tecido-nervoso\/\">ACESSAR P\u00c1GINA SEGUINTE<\/a><br \/>\n<\/div><\/div>\n<\/div>\n","protected":false},"excerpt":{"rendered":"","protected":false},"author":2,"featured_media":0,"parent":0,"menu_order":0,"comment_status":"closed","ping_status":"closed","template":"","meta":{"_monsterinsights_skip_tracking":false,"_monsterinsights_sitenote_active":false,"_monsterinsights_sitenote_note":"","_monsterinsights_sitenote_category":0,"footnotes":""},"class_list":["post-3939","page","type-page","status-publish","hentry"],"_links":{"self":[{"href":"https:\/\/mol.icb.usp.br\/index.php\/wp-json\/wp\/v2\/pages\/3939"}],"collection":[{"href":"https:\/\/mol.icb.usp.br\/index.php\/wp-json\/wp\/v2\/pages"}],"about":[{"href":"https:\/\/mol.icb.usp.br\/index.php\/wp-json\/wp\/v2\/types\/page"}],"author":[{"embeddable":true,"href":"https:\/\/mol.icb.usp.br\/index.php\/wp-json\/wp\/v2\/users\/2"}],"replies":[{"embeddable":true,"href":"https:\/\/mol.icb.usp.br\/index.php\/wp-json\/wp\/v2\/comments?post=3939"}],"version-history":[{"count":5,"href":"https:\/\/mol.icb.usp.br\/index.php\/wp-json\/wp\/v2\/pages\/3939\/revisions"}],"predecessor-version":[{"id":3952,"href":"https:\/\/mol.icb.usp.br\/index.php\/wp-json\/wp\/v2\/pages\/3939\/revisions\/3952"}],"wp:attachment":[{"href":"https:\/\/mol.icb.usp.br\/index.php\/wp-json\/wp\/v2\/media?parent=3939"}],"curies":[{"name":"wp","href":"https:\/\/api.w.org\/{rel}","templated":true}]}}