{"id":3928,"date":"2017-12-28T12:18:15","date_gmt":"2017-12-28T14:18:15","guid":{"rendered":"http:\/\/mol.icb.usp.br\/?page_id=3928"},"modified":"2020-10-24T11:25:00","modified_gmt":"2020-10-24T14:25:00","slug":"9-30-tecido-nervoso","status":"publish","type":"page","link":"https:\/\/mol.icb.usp.br\/index.php\/9-30-tecido-nervoso\/","title":{"rendered":"9-30 Tecido nervoso"},"content":{"rendered":"<div class=\"su-row\">\n  <div class=\"su-column su-column-size-1-1\"><div class=\"su-column-inner su-u-clearfix su-u-trim\"> <strong>ESTRUTURA DO TECIDO NERVOSO<br \/>\nSISTEMA NERVOSO PERIF\u00c9RICO<br \/>\nNERVOS \u2013 4<br \/>\n<\/strong> <\/div><\/div>\n<\/div>\n<div class=\"su-row\">\n  <div class=\"su-column su-column-size-1-2\"><div class=\"su-column-inner su-u-clearfix su-u-trim\"> A imagem mostra uma pequena regi\u00e3o de um corte transversal de um nervo.<\/p>\n<p>O <strong>perineuro<\/strong> que envolve este nervo est\u00e1 bem evidente sob forma de uma camada compacta e bem corada. Os n\u00facleos das c\u00e9lulas do perineuro s\u00e3o fusiformes e possuem cromatina densa, bem corada.<\/p>\n<p>O interior do nervo consiste quase que totalmente por fibras nervosas. As fibras nervosas est\u00e3o dispostas paralelamente entre si e ao longo do maior eixo (eixo longitudinal) do nervo. Como se trata de um corte transversal do nervo, a maioria das fibras nervosas tamb\u00e9m est\u00e1 seccionada transversalmente. S\u00e3o os pequenos c\u00edrculos cor de rosa que ocupam a maior parte do interior do nervo. Seis fibras ficam ressaltadas por c\u00edrculos verdes ap\u00f3s usar o mouse. Todas ou quase todas fibras deste nervo s\u00e3o <strong>fibras miel\u00ednicas<\/strong>. Mais detalhes sobre as fibras nervosas ser\u00e3o vistos na pr\u00f3xima p\u00e1gina. <\/p>\n<p>No interior do nervo podem ser vistas pequenas por\u00e7\u00f5es do <strong>endoneuro<\/strong>, o tecido conjuntivo frouxo que envolve as fibras nervosas. <strong>. O endoneuro se situa, portanto, entre as fibras nervosas.<\/strong> Sua quantidade \u00e9 escassa e n\u00e3o \u00e9 f\u00e1cil de se visualizar. S\u00e3o as por\u00e7\u00f5es coradas em cor de rosa claro entre as fibras. Alguns trechos de endoneuro ficam ressaltados em cor azul ao colocar o cursor ou clicar sobre a imagem.<br \/>\nOs espa\u00e7os brancos, vazios, existentes entre fibras nervosas e entre grupos de fibras s\u00e3o um artefato de t\u00e9cnica, devido a retra\u00e7\u00e3o do tecido, um defeito introduzido durante a prepara\u00e7\u00e3o do material.<\/p>\n<\/div><\/div>\n  <div class=\"su-column su-column-size-1-2\"><div class=\"su-column-inner su-u-clearfix su-u-trim\"> <\/p>\n<div onclick>\n<div class=\"image-container\">\n<div class=\"extra\">\n<a href=\"javascript:void(0)\"><img decoding=\"async\" src=\" http:\/\/mol.icb.usp.br\/wp-content\/uploads\/9-30.jpg \" onmouseover=\"this.src=' http:\/\/mol.icb.usp.br\/wp-content\/uploads\/9-30-MO.jpg'\" onmouseout=\"this.src=' http:\/\/mol.icb.usp.br\/wp-content\/uploads\/9-30.jpg'\" \/><\/a><\/div>\n<p>Nervo. Colora\u00e7\u00e3o: HE. Aumento: grande.<\/p>\n<p><img decoding=\"async\" src=\"http:\/\/mol.icb.usp.br\/wp-content\/uploads\/mouse-1.gif\"\/><\/a><\/p>\n<p><strong>NAVEGA\u00c7\u00c3O NO MOL:<\/strong><\/p>\n<p><a href=\"http:\/\/mol.icb.usp.br\/index.php\/9-29-tecido-nervoso\/\">ACESSAR P\u00c1GINA ANTERIOR<\/a><\/p>\n<p><a href=\"http:\/\/mol.icb.usp.br\/index.php\/9-31-tecido-nervoso\/\">ACESSAR P\u00c1GINA SEGUINTE<\/a>\n<\/div>\n<\/div>\n<\/div>\n<p><\/body><br \/>\n<\/html> <\/div><\/div>\n<\/div>\n","protected":false},"excerpt":{"rendered":"","protected":false},"author":2,"featured_media":0,"parent":0,"menu_order":0,"comment_status":"closed","ping_status":"closed","template":"","meta":{"_monsterinsights_skip_tracking":false,"_monsterinsights_sitenote_active":false,"_monsterinsights_sitenote_note":"","_monsterinsights_sitenote_category":0,"footnotes":""},"class_list":["post-3928","page","type-page","status-publish","hentry"],"_links":{"self":[{"href":"https:\/\/mol.icb.usp.br\/index.php\/wp-json\/wp\/v2\/pages\/3928"}],"collection":[{"href":"https:\/\/mol.icb.usp.br\/index.php\/wp-json\/wp\/v2\/pages"}],"about":[{"href":"https:\/\/mol.icb.usp.br\/index.php\/wp-json\/wp\/v2\/types\/page"}],"author":[{"embeddable":true,"href":"https:\/\/mol.icb.usp.br\/index.php\/wp-json\/wp\/v2\/users\/2"}],"replies":[{"embeddable":true,"href":"https:\/\/mol.icb.usp.br\/index.php\/wp-json\/wp\/v2\/comments?post=3928"}],"version-history":[{"count":15,"href":"https:\/\/mol.icb.usp.br\/index.php\/wp-json\/wp\/v2\/pages\/3928\/revisions"}],"predecessor-version":[{"id":8844,"href":"https:\/\/mol.icb.usp.br\/index.php\/wp-json\/wp\/v2\/pages\/3928\/revisions\/8844"}],"wp:attachment":[{"href":"https:\/\/mol.icb.usp.br\/index.php\/wp-json\/wp\/v2\/media?parent=3928"}],"curies":[{"name":"wp","href":"https:\/\/api.w.org\/{rel}","templated":true}]}}