{"id":3917,"date":"2017-12-28T12:09:34","date_gmt":"2017-12-28T14:09:34","guid":{"rendered":"http:\/\/mol.icb.usp.br\/?page_id=3917"},"modified":"2020-10-24T11:00:18","modified_gmt":"2020-10-24T14:00:18","slug":"9-29-tecido-nervoso","status":"publish","type":"page","link":"https:\/\/mol.icb.usp.br\/index.php\/9-29-tecido-nervoso\/","title":{"rendered":"9-29 Tecido nervoso"},"content":{"rendered":"<div class=\"su-row\">\n  <div class=\"su-column su-column-size-1-1\"><div class=\"su-column-inner su-u-clearfix su-u-trim\"> <strong>ESTRUTURA DO TECIDO NERVOSO<br \/>\nSISTEMA NERVOSO PERIF\u00c9RICO<br \/>\nNERVOS \u2013 3<br \/>\n<\/strong> <\/div><\/div>\n<\/div>\n<div class=\"su-row\">\n  <div class=\"su-column su-column-size-1-2\"><div class=\"su-column-inner su-u-clearfix su-u-trim\"> Epineuro e perineuro<\/p>\n<p>A figura superior apresenta um corte transversal de um nervo calibroso formado por quatro fasc\u00edculos, identificados de 1 &#8211; 4. Junto a esse nervo h\u00e1 um delgado nervo apontado pela seta.<\/p>\n<p>O <strong>epineuro<\/strong> fica ressaltado em verde claro ao passar o cursor ou clicar sobre a imagem. Observe que, por se tratar de um nervo calibroso, al\u00e9m de revestir o nervo externamente o epineuro envolve seus v\u00e1rios fasc\u00edculos. <\/p>\n<p>O <strong>perineuro<\/strong> (ressaltado em verde escuro) envolve cada fasc\u00edculo e, no caso de nervos delgados como o apontado pela seta, atua como revestimento externo do nervo. O perineuro \u00e9 constitu\u00eddo por uma camada delgada e compacta de c\u00e9lulas achatadas.<\/p>\n<p>Na figura inferior h\u00e1 uma imagem de um corte transversal de um nervo mais delgado que o visto acima.<br \/>\nObserve um espesso epineuro e um perineuro bastante bem definido.<\/p>\n<\/div><\/div>\n  <div class=\"su-column su-column-size-1-2\"><div class=\"su-column-inner su-u-clearfix su-u-trim\"> <\/p>\n<div onclick>\n<div class=\"image-container\">\n<div class=\"extra\">\n<a href=\"javascript:void(0)\"><img decoding=\"async\" src=\" http:\/\/mol.icb.usp.br\/wp-content\/uploads\/9-29-A.jpg \" onmouseover=\"this.src=' http:\/\/mol.icb.usp.br\/wp-content\/uploads\/9-29-A-MO.jpg'\" onmouseout=\"this.src=' http:\/\/mol.icb.usp.br\/wp-content\/uploads\/9-29-A.jpg'\" \/><\/a><\/div>\n<p>Nervo (corte transversal). Colora\u00e7\u00e3o: HE. Aumento: pequeno.<\/p>\n<p><img decoding=\"async\" src=\"http:\/\/mol.icb.usp.br\/wp-content\/uploads\/mouse-1.gif\"\/><\/a><\/p>\n<p><img decoding=\"async\" src=\" http:\/\/mol.icb.usp.br\/wp-content\/uploads\/9-29-B.jpg \" \/><\/a><\/p>\n<p>Nervo (corte transversal). Colora\u00e7\u00e3o: HE. Aumento: pequeno.<\/p>\n<p><strong>NAVEGA\u00c7\u00c3O NO MOL:<\/strong><\/p>\n<p><a href=\"http:\/\/mol.icb.usp.br\/index.php\/9-28-tecido-nervoso\/\">ACESSAR P\u00c1GINA ANTERIOR<\/a><\/p>\n<p><a href=\"http:\/\/mol.icb.usp.br\/index.php\/9-30-tecido-nervoso\/\">ACESSAR P\u00c1GINA SEGUINTE<\/a>\n<\/div>\n<\/div>\n<\/div>\n<p><\/body><br \/>\n<\/html> <\/div><\/div>\n<\/div>\n","protected":false},"excerpt":{"rendered":"","protected":false},"author":2,"featured_media":0,"parent":0,"menu_order":0,"comment_status":"closed","ping_status":"closed","template":"","meta":{"_monsterinsights_skip_tracking":false,"_monsterinsights_sitenote_active":false,"_monsterinsights_sitenote_note":"","_monsterinsights_sitenote_category":0,"footnotes":""},"class_list":["post-3917","page","type-page","status-publish","hentry"],"_links":{"self":[{"href":"https:\/\/mol.icb.usp.br\/index.php\/wp-json\/wp\/v2\/pages\/3917"}],"collection":[{"href":"https:\/\/mol.icb.usp.br\/index.php\/wp-json\/wp\/v2\/pages"}],"about":[{"href":"https:\/\/mol.icb.usp.br\/index.php\/wp-json\/wp\/v2\/types\/page"}],"author":[{"embeddable":true,"href":"https:\/\/mol.icb.usp.br\/index.php\/wp-json\/wp\/v2\/users\/2"}],"replies":[{"embeddable":true,"href":"https:\/\/mol.icb.usp.br\/index.php\/wp-json\/wp\/v2\/comments?post=3917"}],"version-history":[{"count":7,"href":"https:\/\/mol.icb.usp.br\/index.php\/wp-json\/wp\/v2\/pages\/3917\/revisions"}],"predecessor-version":[{"id":8843,"href":"https:\/\/mol.icb.usp.br\/index.php\/wp-json\/wp\/v2\/pages\/3917\/revisions\/8843"}],"wp:attachment":[{"href":"https:\/\/mol.icb.usp.br\/index.php\/wp-json\/wp\/v2\/media?parent=3917"}],"curies":[{"name":"wp","href":"https:\/\/api.w.org\/{rel}","templated":true}]}}