{"id":3907,"date":"2017-12-28T12:01:42","date_gmt":"2017-12-28T14:01:42","guid":{"rendered":"http:\/\/mol.icb.usp.br\/?page_id=3907"},"modified":"2018-03-14T11:19:07","modified_gmt":"2018-03-14T14:19:07","slug":"9-28-tecido-nervoso","status":"publish","type":"page","link":"https:\/\/mol.icb.usp.br\/index.php\/9-28-tecido-nervoso\/","title":{"rendered":"9-28 Tecido nervoso"},"content":{"rendered":"<div class=\"su-row\">\n  <div class=\"su-column su-column-size-1-1\"><div class=\"su-column-inner su-u-clearfix su-u-trim\"> <strong>ESTRUTURA DO TECIDO NERVOSO<br \/>\nSISTEMA NERVOSO PERIF\u00c9RICO<br \/>\nNERVOS &#8211; 2<br \/>\n<\/strong> <\/div><\/div>\n<\/div>\n<div class=\"su-row\">\n  <div class=\"su-column su-column-size-1-2\"><div class=\"su-column-inner su-u-clearfix su-u-trim\"> Estrutura dos nervos<br \/>\nCom exce\u00e7\u00e3o dos nervos mais delgados e mais delicados, os nervos em geral t\u00eam uma organiza\u00e7\u00e3o caracter\u00edstica de distribui\u00e7\u00e3o de seus fasc\u00edculos e do tecido conjuntivo associado ao nervo.<br \/>\nExternamente aos nervos h\u00e1 uma capa de tecido conjuntivo propriamente dito, do tipo denso n\u00e3o modelado.<br \/>\nEsta camada \u00e9 denominada <strong>epineuro<\/strong> (destacada em cor de rosa). Em nervos de grande di\u00e2metro, formados por muitos fasc\u00edculos, o epineuro penetra no interior do nervo e envolve cada um dos fasc\u00edculos, como mostra a figura.<br \/>\nSe o nervo percorre o interior de um tecido conjuntivo ou o interior de um \u00f3rg\u00e3o, esta camada de epineuro \u00e9 menos organizada e se mistura com o tecido conjuntivo que est\u00e1 em sua volta. Neste caso o epineuro nem sempre pode ser bem delimitado.<\/p>\n<p>Envolvendo cada fasc\u00edculo de fibras nervosas existe uma camada  denominada <strong>perineuro<\/strong> (ressaltado em azul). O perineuro formado de c\u00e9lulas alongadas compactamente dispostas em camadas. Os n\u00facleos de suas c\u00e9lulas s\u00e3o tipicamente alongados.<\/p>\n<p>No interior dos fasc\u00edculos existe tecido conjuntivo frouxo que envolve cada fibra nervosa e que cont\u00e9m capilares sangu\u00edneos. \u00c9 denominado <strong>endoneuro <\/strong> (ressaltado em vermelho). Geralmente est\u00e1 em quantidade t\u00e3o pequena que nem sempre \u00e9 percebido nos preparados histol\u00f3gicos.<br \/>\nO endoneuro \u00e9 uma estrutura muito delicada e muito frequentemente, devido ao processamento dos tecidos para obter o corte, ele sofre retra\u00e7\u00e3o resultando em espa\u00e7os artificiais entre grupos de fibras nervosas.<\/p>\n<\/div><\/div>\n  <div class=\"su-column su-column-size-1-2\"><div class=\"su-column-inner su-u-clearfix su-u-trim\"> <\/p>\n<div onclick>\n<div class=\"image-container\">\n<div class=\"extra\">\n<a href=\"javascript:void(0)\"><img decoding=\"async\" src=\" http:\/\/mol.icb.usp.br\/wp-content\/uploads\/9-28.jpg \" onmouseover=\"this.src=' http:\/\/mol.icb.usp.br\/wp-content\/uploads\/9-28-MO.jpg'\" onmouseout=\"this.src=' http:\/\/mol.icb.usp.br\/wp-content\/uploads\/9-28.jpg'\" \/><\/a><\/div>\n<p>Desenho modificado de: Junqueira de Carneiro, Histologia B\u00e1sica, 12a Ed.<\/p>\n<p><img decoding=\"async\" src=\"http:\/\/mol.icb.usp.br\/wp-content\/uploads\/mouse-1.gif\"\/><\/a><\/p>\n<p><strong>NAVEGA\u00c7\u00c3O NO MOL:<\/strong><\/p>\n<p><a href=\"http:\/\/mol.icb.usp.br\/index.php\/9-27-tecido-nervoso\/\">ACESSAR P\u00c1GINA ANTERIOR<\/a><\/p>\n<p><a href=\"http:\/\/mol.icb.usp.br\/index.php\/9-29-tecido-nervoso\/\">ACESSAR P\u00c1GINA SEGUINTE<\/a>\n<\/div>\n<\/div>\n<\/div>\n<p><\/body><br \/>\n<\/html> <\/div><\/div>\n<\/div>\n","protected":false},"excerpt":{"rendered":"","protected":false},"author":2,"featured_media":0,"parent":0,"menu_order":0,"comment_status":"closed","ping_status":"closed","template":"","meta":{"_monsterinsights_skip_tracking":false,"_monsterinsights_sitenote_active":false,"_monsterinsights_sitenote_note":"","_monsterinsights_sitenote_category":0,"footnotes":""},"class_list":["post-3907","page","type-page","status-publish","hentry"],"_links":{"self":[{"href":"https:\/\/mol.icb.usp.br\/index.php\/wp-json\/wp\/v2\/pages\/3907"}],"collection":[{"href":"https:\/\/mol.icb.usp.br\/index.php\/wp-json\/wp\/v2\/pages"}],"about":[{"href":"https:\/\/mol.icb.usp.br\/index.php\/wp-json\/wp\/v2\/types\/page"}],"author":[{"embeddable":true,"href":"https:\/\/mol.icb.usp.br\/index.php\/wp-json\/wp\/v2\/users\/2"}],"replies":[{"embeddable":true,"href":"https:\/\/mol.icb.usp.br\/index.php\/wp-json\/wp\/v2\/comments?post=3907"}],"version-history":[{"count":5,"href":"https:\/\/mol.icb.usp.br\/index.php\/wp-json\/wp\/v2\/pages\/3907\/revisions"}],"predecessor-version":[{"id":5998,"href":"https:\/\/mol.icb.usp.br\/index.php\/wp-json\/wp\/v2\/pages\/3907\/revisions\/5998"}],"wp:attachment":[{"href":"https:\/\/mol.icb.usp.br\/index.php\/wp-json\/wp\/v2\/media?parent=3907"}],"curies":[{"name":"wp","href":"https:\/\/api.w.org\/{rel}","templated":true}]}}