{"id":3906,"date":"2017-12-28T11:48:51","date_gmt":"2017-12-28T13:48:51","guid":{"rendered":"http:\/\/mol.icb.usp.br\/?page_id=3906"},"modified":"2018-03-14T11:18:25","modified_gmt":"2018-03-14T14:18:25","slug":"9-27-tecido-nervoso","status":"publish","type":"page","link":"https:\/\/mol.icb.usp.br\/index.php\/9-27-tecido-nervoso\/","title":{"rendered":"9-27 Tecido nervoso"},"content":{"rendered":"<div class=\"su-row\">\n  <div class=\"su-column su-column-size-1-1\"><div class=\"su-column-inner su-u-clearfix su-u-trim\"> <strong>ESTRUTURA DO TECIDO NERVOSO<br \/>\nSISTEMA NERVOSO PERIF\u00c9RICO<br \/>\nNERVOS &#8211; 1<br \/>\n <\/strong><\/div><\/div>\n<\/div>\n<div class=\"su-row\">\n  <div class=\"su-column su-column-size-1-2\"><div class=\"su-column-inner su-u-clearfix su-u-trim\">\nO sistema nervoso perif\u00e9rico (SNP) est\u00e1 distribu\u00eddo por todo o corpo e \u00e9 intimamente ligado ao sistema nervoso central por meio de prolongamentos de neur\u00f4nios.<br \/>\nO SNP \u00e9 constitu\u00eddo de nervos e de g\u00e2nglios.<br \/>\n<strong>Nervos<\/strong><br \/>\nS\u00e3o conjuntos de feixes de fibras nervosas. A <strong>fibra nervosa<\/strong> \u00e9 composta pelo conjunto de um ou mais ax\u00f4nios e suas c\u00e9lulas envoltoras.<br \/>\nO n\u00famero de fibras nervosas de um nervo varia muito, desde algumas dezenas at\u00e9 milhares. Os nervos mais calibrosos s\u00e3o constitu\u00eddos de v\u00e1rios <strong>fasc\u00edculos<\/strong>, isto \u00e9, de v\u00e1rios subconjuntos de fibras; pode se dizer que muitos nervos de maior calibre s\u00e3o constitu\u00eddos de v\u00e1rios nervos de menor calibre.<br \/>\nAs fibras nervosas presentes nos nervos podem ser de tr\u00eas tipos:<br \/>\n1 \u2013 cont\u00eam ax\u00f4nios de neur\u00f4nios multipolares situados na medula espinal, que ir\u00e3o inervar fibras musculares esquel\u00e9ticas.<br \/>\n2 &#8211; cont\u00eam ax\u00f4nios sensoriais de neur\u00f4nios pseudounipolares que trazem informa\u00e7\u00e3o da periferia para a medula espinhal, dirigindo-se aos g\u00e2nglios sensitivos.<br \/>\n3 &#8211; cont\u00eam ax\u00f4nios do sistema nervoso aut\u00f4nomo (veja mais adiante neste m\u00f3dulo) que se dirigem a um g\u00e2nglio nervoso do sistema aut\u00f4nomo.<br \/>\nOs nervos frequentemente transportam os tr\u00eas tipos de fibras simultaneamente.<\/p>\n<p>H\u00e1 v\u00e1rias diferen\u00e7as entre as fibras nervosas do sistema nervoso central  e as do sistema nervoso perif\u00e9rico:<br \/>\n1 &#8211; as c\u00e9lulas que envolvem os ax\u00f4nios no SNC s\u00e3o <strong>oligodendr\u00f3citos<\/strong>, enquanto que no SNP s\u00e3o c\u00e9lulas chamadas <strong>c\u00e9lulas de Schwann<\/strong>. Cada c\u00e9lula de Schwann envolve um pequeno trecho de um ax\u00f4nio de modo que os ax\u00f4nios s\u00e3o envolvidos por longas fileiras de c\u00e9lulas de Schwann.<br \/>\n2 &#8211; no SNC os oligodendr\u00f3citos revestem continuadamente os ax\u00f4nios, enquanto que no SNP h\u00e1 um pequeno intervalo entre uma c\u00e9lula de Schwann e a seguinte. Este pequeno espa\u00e7o, de grande significado fisiol\u00f3gico, se denomina <strong>n\u00f3 de Ranvier<\/strong>.<br \/>\n3 &#8211; os nervos s\u00e3o revestidos por tecido conjuntivo e existe tecido conjuntivo no interior dos nervos.<\/p>\n<p>Da mesma forma como no SNC, as c\u00e9lulas envoltoras dos ax\u00f4nios do SNP podem ou n\u00e3o produzir mielina. Desta maneira, existem tanto no SNC como no SNP <strong>fibras nervosas miel\u00ednicas e amiel\u00ednicas<\/strong>.<br \/>\nOs nervos podem ser constitu\u00eddos de associa\u00e7\u00f5es de fibras miel\u00ednicas e amiel\u00ednicas, ou do amplo predom\u00ednio de um destes tipos ou constitu\u00eddos somente por um dos tipos.<\/p>\n<\/div><\/div>\n  <div class=\"su-column su-column-size-1-2\"><div class=\"su-column-inner su-u-clearfix su-u-trim\"> <\/p>\n<p><img decoding=\"async\" src=\" http:\/\/mol.icb.usp.br\/wp-content\/uploads\/9-27.jpg \" \/><\/a><\/p>\n<p>Desenho modificado de: Junqueira de Carneiro, Histologia B\u00e1sica, 12a Ed.<\/p>\n<p>Para navegar no MOL, use os links ACESSAR P\u00c1GINA ANTERIOR e ACESSAR P\u00c1GINA SEGUINTE situados abaixo da figura.<\/p>\n<p><strong>NAVEGA\u00c7\u00c3O NO MOL:<\/strong><\/p>\n<p><a href=\"http:\/\/mol.icb.usp.br\/index.php\/9-26-tecido-nervoso\/\">ACESSAR P\u00c1GINA ANTERIOR<\/a><\/p>\n<p><a href=\"http:\/\/mol.icb.usp.br\/index.php\/9-28-tecido-nervoso\/\">ACESSAR P\u00c1GINA SEGUINTE<\/a><br \/>\n<\/div><\/div>\n<\/div>\n","protected":false},"excerpt":{"rendered":"","protected":false},"author":2,"featured_media":0,"parent":0,"menu_order":0,"comment_status":"closed","ping_status":"closed","template":"","meta":{"_monsterinsights_skip_tracking":false,"_monsterinsights_sitenote_active":false,"_monsterinsights_sitenote_note":"","_monsterinsights_sitenote_category":0,"footnotes":""},"class_list":["post-3906","page","type-page","status-publish","hentry"],"_links":{"self":[{"href":"https:\/\/mol.icb.usp.br\/index.php\/wp-json\/wp\/v2\/pages\/3906"}],"collection":[{"href":"https:\/\/mol.icb.usp.br\/index.php\/wp-json\/wp\/v2\/pages"}],"about":[{"href":"https:\/\/mol.icb.usp.br\/index.php\/wp-json\/wp\/v2\/types\/page"}],"author":[{"embeddable":true,"href":"https:\/\/mol.icb.usp.br\/index.php\/wp-json\/wp\/v2\/users\/2"}],"replies":[{"embeddable":true,"href":"https:\/\/mol.icb.usp.br\/index.php\/wp-json\/wp\/v2\/comments?post=3906"}],"version-history":[{"count":10,"href":"https:\/\/mol.icb.usp.br\/index.php\/wp-json\/wp\/v2\/pages\/3906\/revisions"}],"predecessor-version":[{"id":5996,"href":"https:\/\/mol.icb.usp.br\/index.php\/wp-json\/wp\/v2\/pages\/3906\/revisions\/5996"}],"wp:attachment":[{"href":"https:\/\/mol.icb.usp.br\/index.php\/wp-json\/wp\/v2\/media?parent=3906"}],"curies":[{"name":"wp","href":"https:\/\/api.w.org\/{rel}","templated":true}]}}