{"id":3888,"date":"2017-12-28T11:04:54","date_gmt":"2017-12-28T13:04:54","guid":{"rendered":"http:\/\/mol.icb.usp.br\/?page_id=3888"},"modified":"2019-02-08T15:42:08","modified_gmt":"2019-02-08T17:42:08","slug":"9-24-tecido-nervoso","status":"publish","type":"page","link":"https:\/\/mol.icb.usp.br\/index.php\/9-24-tecido-nervoso\/","title":{"rendered":"9-24 Tecido nervoso"},"content":{"rendered":"<div class=\"su-row\">\n  <div class=\"su-column su-column-size-1-1\"><div class=\"su-column-inner su-u-clearfix su-u-trim\"> <strong>ESTRUTURA DO TECIDO NERVOSO<br \/>\nMEDULA ESPINHAL-2<br \/>\n<\/strong> <\/div><\/div>\n<\/div>\n<div class=\"su-row\">\n  <div class=\"su-column su-column-size-1-2\"><div class=\"su-column-inner su-u-clearfix su-u-trim\">Um corte transversal da medula espinhal mostra que a sua subst\u00e2ncia cinzenta se situa no centro &#8211; ao contr\u00e1rio do c\u00e9rebro e cerebelo &#8211; e que sua forma em cortes lembra a de uma borboleta.<br \/>\nA medula \u00e9 revestida pelas <strong>meninges<\/strong>. No entanto, na dissec\u00e7\u00e3o dos \u00f3rg\u00e3os do sistema nervoso central, as meninges costumam ficar aderidas \u00e0s superf\u00edcies \u00f3sseas que envolvem o tecido nervoso (ossos do cr\u00e2nio, canal vertebral) e sua estrutura completa \u00e9 raramente vista em cortes histol\u00f3gicos.<\/p>\n<p>A <strong>subst\u00e2ncia escura<\/strong> &#8211; ressaltada em cinza escuro &#8211; ocupa a regi\u00e3o central da medula, envolvida pela <strong>subst\u00e2ncia branca<\/strong>, perif\u00e9rica &#8211; ressaltada em cor cinza claro. Conforme a localiza\u00e7\u00e3o dos cortes transversais da medula espinhal a subst\u00e2ncia cinzenta lembra o aspecto de uma borboleta.<\/p>\n<p>O centro da subst\u00e2ncia cinzenta \u00e9 percorrido por um canal denominado <strong>canal central da medula<\/strong> ou <strong>canal ependim\u00e1rio<\/strong> &#8211; representado pelo circulo azul. O canal cont\u00e9m l\u00edquido c\u00e9falo-raquidiano e se continua com a cavidade do quarto ventr\u00edculo.<br \/>\nEste canal \u00e9 um remanescente da cavidade do tubo neural formada durante o per\u00edodo embrion\u00e1rio.<br \/>\nVeja um detalhe do canal na figura inferior. O canal \u00e9 revestido por um epit\u00e9lio simples cil\u00edndrico ou c\u00fabico  ciliado. As setas na figura inferior indicam c\u00edlios das c\u00e9lulas desse epit\u00e9lio.<\/p>\n<\/div><\/div>\n  <div class=\"su-column su-column-size-1-2\"><div class=\"su-column-inner su-u-clearfix su-u-trim\"> <\/p>\n<div onclick>\n<div class=\"image-container\">\n<div class=\"extra\">\n<a href=\"javascript:void(0)\"><img decoding=\"async\" src=\" http:\/\/mol.icb.usp.br\/wp-content\/uploads\/9-24-A.jpg \" onmouseover=\"this.src=' http:\/\/mol.icb.usp.br\/wp-content\/uploads\/9-24-A-MO.jpg'\" onmouseout=\"this.src=' http:\/\/mol.icb.usp.br\/wp-content\/uploads\/9-24-A.jpg'\" \/><\/a><\/div>\n<p>Medula espinhal. Colora\u00e7\u00e3o: HE. Aumento: panor\u00e2mico.<\/p>\n<p><img decoding=\"async\" src=\"http:\/\/mol.icb.usp.br\/wp-content\/uploads\/mouse-1.gif\"\/><\/a><\/p>\n<\/p>\n<p><img decoding=\"async\" src=\" http:\/\/mol.icb.usp.br\/wp-content\/uploads\/9-24-B.jpg \" \/><\/a><\/p>\n<p>Medula espinhal. Colora\u00e7\u00e3o: HE. Aumento: m\u00e9dio.<\/p>\n<p><strong>NAVEGA\u00c7\u00c3O NO MOL:<\/strong><\/p>\n<p><a href=\"http:\/\/mol.icb.usp.br\/index.php\/9-23-tecido-nervoso\/\">ACESSAR P\u00c1GINA ANTERIOR<\/a><\/p>\n<p><a href=\"http:\/\/mol.icb.usp.br\/index.php\/9-25-tecido-nervoso\/\">ACESSAR P\u00c1GINA SEGUINTE<\/a>\n<\/div>\n<\/div>\n<\/div>\n<p><\/body><br \/>\n<\/html> <\/div><\/div>\n<\/div>\n","protected":false},"excerpt":{"rendered":"","protected":false},"author":2,"featured_media":0,"parent":0,"menu_order":0,"comment_status":"closed","ping_status":"closed","template":"","meta":{"_monsterinsights_skip_tracking":false,"_monsterinsights_sitenote_active":false,"_monsterinsights_sitenote_note":"","_monsterinsights_sitenote_category":0,"footnotes":""},"class_list":["post-3888","page","type-page","status-publish","hentry"],"_links":{"self":[{"href":"https:\/\/mol.icb.usp.br\/index.php\/wp-json\/wp\/v2\/pages\/3888"}],"collection":[{"href":"https:\/\/mol.icb.usp.br\/index.php\/wp-json\/wp\/v2\/pages"}],"about":[{"href":"https:\/\/mol.icb.usp.br\/index.php\/wp-json\/wp\/v2\/types\/page"}],"author":[{"embeddable":true,"href":"https:\/\/mol.icb.usp.br\/index.php\/wp-json\/wp\/v2\/users\/2"}],"replies":[{"embeddable":true,"href":"https:\/\/mol.icb.usp.br\/index.php\/wp-json\/wp\/v2\/comments?post=3888"}],"version-history":[{"count":9,"href":"https:\/\/mol.icb.usp.br\/index.php\/wp-json\/wp\/v2\/pages\/3888\/revisions"}],"predecessor-version":[{"id":7701,"href":"https:\/\/mol.icb.usp.br\/index.php\/wp-json\/wp\/v2\/pages\/3888\/revisions\/7701"}],"wp:attachment":[{"href":"https:\/\/mol.icb.usp.br\/index.php\/wp-json\/wp\/v2\/media?parent=3888"}],"curies":[{"name":"wp","href":"https:\/\/api.w.org\/{rel}","templated":true}]}}