{"id":3846,"date":"2017-12-26T18:24:57","date_gmt":"2017-12-26T20:24:57","guid":{"rendered":"http:\/\/mol.icb.usp.br\/?page_id=3846"},"modified":"2017-12-28T10:50:58","modified_gmt":"2017-12-28T12:50:58","slug":"9-22-tecido-nervoso","status":"publish","type":"page","link":"https:\/\/mol.icb.usp.br\/index.php\/9-22-tecido-nervoso\/","title":{"rendered":"9-22 Tecido nervoso"},"content":{"rendered":"<div class=\"su-row\">\n  <div class=\"su-column su-column-size-1-1\"><div class=\"su-column-inner su-u-clearfix su-u-trim\"> <strong>ESTRUTURA DO TECIDO NERVOSO<br \/>\nPLEXO CORI\u00d3IDE<br \/>\n<\/strong> <\/div><\/div>\n<\/div>\n<div class=\"su-row\">\n  <div class=\"su-column su-column-size-1-2\"><div class=\"su-column-inner su-u-clearfix su-u-trim\"> O plexo cori\u00f3ide \u00e9 uma estrutura existente no interior do enc\u00e9falo, respons\u00e1vel pela secre\u00e7\u00e3o do l\u00edquido c\u00e9falo-raquidiano, tamb\u00e9m chamado l\u00edquor. Este l\u00edquido est\u00e1 presente no interior de cavidades existentes no sistema nervoso central (por exemplo: os ventr\u00edculos e o canal central da medula espinhal) e tamb\u00e9m est\u00e1 presente em torno das estruturas que comp\u00f5em o sistema nervoso central.<br \/>\nPasse o cursor sobre a figura para identificar o plexo cori\u00f3ide, ressaltado em cor laranja.<br \/>\nO plexo cori\u00f3ide possui muitas pequenas dobras e \u00e9 revestido por um <strong>epit\u00e9lio c\u00fabico simples<\/strong> o qual \u00e9 respons\u00e1vel pelo transporte do l\u00edquido.<br \/>\nA imagem \u00e9 de uma regi\u00e3o do plexo cori\u00f3ide situada na superf\u00edcie do cerebelo, que \u00e9 o \u00f3rg\u00e3o presente \u00e0 esquerda do plexo cori\u00f3ide. <\/p>\n<p>O epit\u00e9lio que reveste o plexo cori\u00f3ide foi mostrado no M\u00f3dulo de Tecido epitelial como exemplo de epit\u00e9lio simples c\u00fabico. <a href=\"http:\/\/mol.icb.usp.br\/index.php\/2-11-tecido-epitelial-de-revestimento\/\" rel=\"noopener\" target=\"_blank\">Clique para rever o epit\u00e9lio.<\/a><\/p>\n<\/div><\/div>\n  <div class=\"su-column su-column-size-1-2\"><div class=\"su-column-inner su-u-clearfix su-u-trim\"> <\/p>\n<div onclick>\n<div class=\"image-container\">\n<div class=\"extra\">\n<a href=\"javascript:void(0)\"><img decoding=\"async\" src=\" http:\/\/mol.icb.usp.br\/wp-content\/uploads\/9-22.jpg \" onmouseover=\"this.src=' http:\/\/mol.icb.usp.br\/wp-content\/uploads\/9-22-MO.jpg'\" onmouseout=\"this.src=' http:\/\/mol.icb.usp.br\/wp-content\/uploads\/9-22.jpg'\" \/><\/a><\/div>\n<p>Plexo cori\u00f3ide. Colora\u00e7\u00e3o: HE. Aumento: pequeno.<\/p>\n<p><img decoding=\"async\" src=\"http:\/\/mol.icb.usp.br\/wp-content\/uploads\/mouse-1.gif\"\/><\/a><\/p>\n<p><strong>NAVEGA\u00c7\u00c3O NO MOL:<\/strong><\/p>\n<p><a href=\"http:\/\/mol.icb.usp.br\/index.php\/9-21-tecido-nervoso\/\">ACESSAR P\u00c1GINA ANTERIOR<\/a><\/p>\n<p><a href=\"http:\/\/mol.icb.usp.br\/index.php\/9-23-tecido-nervoso\/\">ACESSAR P\u00c1GINA SEGUINTE<\/a>\n<\/div>\n<\/div>\n<\/div>\n<p><\/body><br \/>\n<\/html> <\/div><\/div>\n<\/div>\n","protected":false},"excerpt":{"rendered":"","protected":false},"author":2,"featured_media":0,"parent":0,"menu_order":0,"comment_status":"closed","ping_status":"closed","template":"","meta":{"_monsterinsights_skip_tracking":false,"_monsterinsights_sitenote_active":false,"_monsterinsights_sitenote_note":"","_monsterinsights_sitenote_category":0,"footnotes":""},"class_list":["post-3846","page","type-page","status-publish","hentry"],"_links":{"self":[{"href":"https:\/\/mol.icb.usp.br\/index.php\/wp-json\/wp\/v2\/pages\/3846"}],"collection":[{"href":"https:\/\/mol.icb.usp.br\/index.php\/wp-json\/wp\/v2\/pages"}],"about":[{"href":"https:\/\/mol.icb.usp.br\/index.php\/wp-json\/wp\/v2\/types\/page"}],"author":[{"embeddable":true,"href":"https:\/\/mol.icb.usp.br\/index.php\/wp-json\/wp\/v2\/users\/2"}],"replies":[{"embeddable":true,"href":"https:\/\/mol.icb.usp.br\/index.php\/wp-json\/wp\/v2\/comments?post=3846"}],"version-history":[{"count":5,"href":"https:\/\/mol.icb.usp.br\/index.php\/wp-json\/wp\/v2\/pages\/3846\/revisions"}],"predecessor-version":[{"id":3894,"href":"https:\/\/mol.icb.usp.br\/index.php\/wp-json\/wp\/v2\/pages\/3846\/revisions\/3894"}],"wp:attachment":[{"href":"https:\/\/mol.icb.usp.br\/index.php\/wp-json\/wp\/v2\/media?parent=3846"}],"curies":[{"name":"wp","href":"https:\/\/api.w.org\/{rel}","templated":true}]}}