{"id":3845,"date":"2017-12-26T18:19:31","date_gmt":"2017-12-26T20:19:31","guid":{"rendered":"http:\/\/mol.icb.usp.br\/?page_id=3845"},"modified":"2025-11-23T12:22:51","modified_gmt":"2025-11-23T15:22:51","slug":"9-21-tecido-nervoso","status":"publish","type":"page","link":"https:\/\/mol.icb.usp.br\/index.php\/9-21-tecido-nervoso\/","title":{"rendered":"9-21 Tecido nervoso"},"content":{"rendered":"<div class=\"su-row\">\n  <div class=\"su-column su-column-size-1-1\"><div class=\"su-column-inner su-u-clearfix su-u-trim\"> <strong>ESTRUTURA DO TECIDO NERVOSO<br \/>\nCEREBELO &#8211; 4<br \/>\n<\/strong> <\/div><\/div>\n<\/div>\n<div class=\"su-row\">\n  <div class=\"su-column su-column-size-1-2\"><div class=\"su-column-inner su-u-clearfix su-u-trim\"> Na figura h\u00e1 uma regi\u00e3o da <strong>subst\u00e2ncia cinzenta do cerebelo<\/strong>. Na por\u00e7\u00e3o inferior da figura est\u00e1 a camada granular. Na por\u00e7\u00e3o superior a camada molecular.<br \/>\nEntre as duas est\u00e1 a camada de <strong>c\u00e9lulas de Purkinje<\/strong>.<br \/>\nEstas c\u00e9lulas s\u00e3o neur\u00f4nios muito grandes, cada um emitindo um espesso <strong>dendrito<\/strong> que se dirige para a camada molecular onde se ramifica e suas por\u00e7\u00f5es terminais estabelecem sinapses com neur\u00f4nios desta camada.<br \/>\nPasse o cursor sobre a figura para observar os peric\u00e1rios e o in\u00edcio de seus dendritos das c\u00e9lulas de Purkinje. <\/p>\n<p><a href=\"http:\/\/mol.icb.usp.br\/index.php\/9-6-tecido-nervoso\/\" rel=\"noopener\" target=\"_blank\">Clique aqui para observar novamente a riqueza de prolongamentos das c\u00e9lulas de Purkinje em um preparado submetido a impregna\u00e7\u00e3o met\u00e1lica.<\/a> <\/p>\n<\/div><\/div>\n  <div class=\"su-column su-column-size-1-2\"><div class=\"su-column-inner su-u-clearfix su-u-trim\"> <\/p>\n<div onclick>\n<div class=\"image-container\">\n<div class=\"extra\">\n<a href=\"javascript:void(0)\"><img decoding=\"async\" src=\" http:\/\/mol.icb.usp.br\/wp-content\/uploads\/9-21.jpg \" onmouseover=\"this.src=' http:\/\/mol.icb.usp.br\/wp-content\/uploads\/9-21-MO.jpg'\" onmouseout=\"this.src=' http:\/\/mol.icb.usp.br\/wp-content\/uploads\/9-21.jpg'\" \/><\/a><\/div>\n<p>Cerebelo. Colora\u00e7\u00e3o: HE. Aumento: grande.<\/p>\n<p><img decoding=\"async\" src=\"http:\/\/mol.icb.usp.br\/wp-content\/uploads\/mouse-1.gif\"\/><\/a><\/p>\n<p><strong>NAVEGA\u00c7\u00c3O NO MOL:<\/strong><\/p>\n<p><a href=\"http:\/\/mol.icb.usp.br\/index.php\/9-20-tecido-nervoso\/\">ACESSAR P\u00c1GINA ANTERIOR<\/a><\/p>\n<p><a href=\"http:\/\/mol.icb.usp.br\/index.php\/9-22-tecido-nervoso\/\">ACESSAR P\u00c1GINA SEGUINTE<\/a>\n<\/div>\n<\/div>\n<\/div>\n<p><\/body><br \/>\n<\/html> <\/div><\/div>\n<\/div>\n","protected":false},"excerpt":{"rendered":"","protected":false},"author":2,"featured_media":0,"parent":0,"menu_order":0,"comment_status":"closed","ping_status":"closed","template":"","meta":{"_monsterinsights_skip_tracking":false,"_monsterinsights_sitenote_active":false,"_monsterinsights_sitenote_note":"","_monsterinsights_sitenote_category":0,"footnotes":""},"class_list":["post-3845","page","type-page","status-publish","hentry"],"_links":{"self":[{"href":"https:\/\/mol.icb.usp.br\/index.php\/wp-json\/wp\/v2\/pages\/3845"}],"collection":[{"href":"https:\/\/mol.icb.usp.br\/index.php\/wp-json\/wp\/v2\/pages"}],"about":[{"href":"https:\/\/mol.icb.usp.br\/index.php\/wp-json\/wp\/v2\/types\/page"}],"author":[{"embeddable":true,"href":"https:\/\/mol.icb.usp.br\/index.php\/wp-json\/wp\/v2\/users\/2"}],"replies":[{"embeddable":true,"href":"https:\/\/mol.icb.usp.br\/index.php\/wp-json\/wp\/v2\/comments?post=3845"}],"version-history":[{"count":4,"href":"https:\/\/mol.icb.usp.br\/index.php\/wp-json\/wp\/v2\/pages\/3845\/revisions"}],"predecessor-version":[{"id":10523,"href":"https:\/\/mol.icb.usp.br\/index.php\/wp-json\/wp\/v2\/pages\/3845\/revisions\/10523"}],"wp:attachment":[{"href":"https:\/\/mol.icb.usp.br\/index.php\/wp-json\/wp\/v2\/media?parent=3845"}],"curies":[{"name":"wp","href":"https:\/\/api.w.org\/{rel}","templated":true}]}}