{"id":3838,"date":"2017-12-26T18:13:47","date_gmt":"2017-12-26T20:13:47","guid":{"rendered":"http:\/\/mol.icb.usp.br\/?page_id=3838"},"modified":"2020-10-08T10:35:00","modified_gmt":"2020-10-08T13:35:00","slug":"9-20-tecido-nervoso","status":"publish","type":"page","link":"https:\/\/mol.icb.usp.br\/index.php\/9-20-tecido-nervoso\/","title":{"rendered":"9-20 Tecido nervoso"},"content":{"rendered":"<div class=\"su-row\">\n  <div class=\"su-column su-column-size-1-1\"><div class=\"su-column-inner su-u-clearfix su-u-trim\"> <strong>ESTRUTURA DO TECIDO NERVOSO<br \/>\nCEREBELO &#8211; 3<br \/>\n<\/strong> <\/div><\/div>\n<\/div>\n<div class=\"su-row\">\n  <div class=\"su-column su-column-size-1-2\"><div class=\"su-column-inner su-u-clearfix su-u-trim\"> Na figura menor, o ret\u00e2ngulo indica uma pequena regi\u00e3o de uma folha do cerebelo equivalente \u00e0 regi\u00e3o que ser\u00e1 analisada na figura maior.<\/p>\n<p>A imagem maior apresenta metade de uma folha.<br \/>\nObserve inicialmente na por\u00e7\u00e3o inferior da imagem a localiza\u00e7\u00e3o da <strong>subst\u00e2ncia branca<\/strong>, que forma o eixo da folha indicada na imagem menor. S\u00e3o as tres faixas cor de rosa, delgadas, no interior do \u00f3rg\u00e3o. Uma dessas faixas est\u00e1 sob a barra inferior do quadrado desenhado. <\/p>\n<p>A subst\u00e2ncia branca fica ressaltada em branco ao passar o cursor ou clicar sobre a imagem inferior. Repare na figura maior que a subst\u00e2ncia branca tem muitas fibras, pois \u00e9 o local por onde passam in\u00fameros ax\u00f4nios. Al\u00e9m disto h\u00e1 n\u00facleos de c\u00e9lulas da glia.<\/p>\n<p>O restante superior da figura \u00e9 <strong>subst\u00e2ncia cinzenta<\/strong>, ressaltada em azul ap\u00f3s clicar ou colocar o cursor por cima. Podem ser obervados muitos n\u00facleos de neur\u00f4nios e de c\u00e9lulas da glia. \u00c9 formada de  tr\u00eas regi\u00f5es distintas na subst\u00e2ncia cinzenta \u2013 ficam ressaltadas diferentes tons de azul ap\u00f3s clicar na imagem inferior.<br \/>\nA regi\u00e3o mais pr\u00f3xima da subst\u00e2ncia branca \u00e9 a <strong>camada granular<\/strong>, formada por grande quantidade de pequenos neur\u00f4nios dispostos compactamente. A regi\u00e3o seguinte \u00e9 formada por enormes neur\u00f4nios com citoplasmas bem corados e facilmente visualiz\u00e1veis. S\u00e3o as <strong>c\u00e9lulas de Purkinje<\/strong>. A camada mais externa de cada folha \u00e9 a <strong>camada molecular<\/strong>, que possui relativamente poucos corpos celulares de neur\u00f4nios.<\/p>\n<\/div><\/div>\n  <div class=\"su-column su-column-size-1-2\"><div class=\"su-column-inner su-u-clearfix su-u-trim\">\n<img decoding=\"async\" src=\" http:\/\/mol.icb.usp.br\/wp-content\/uploads\/9-20-A.jpg \" \/><\/a><\/p>\n<div onclick>\n<div class=\"image-container\">\n<div class=\"extra\">\n<a href=\"javascript:void(0)\"><img decoding=\"async\" src=\" http:\/\/mol.icb.usp.br\/wp-content\/uploads\/9-20-B.jpg \" onmouseover=\"this.src=' http:\/\/mol.icb.usp.br\/wp-content\/uploads\/9-20-B-MO.jpg'\" onmouseout=\"this.src=' http:\/\/mol.icb.usp.br\/wp-content\/uploads\/9-20-B.jpg'\" \/><\/a><\/div>\n<p>Cerebelo. Colora\u00e7\u00e3o: HE. Aumento: m\u00e9dio.<\/p>\n<p><img decoding=\"async\" src=\"http:\/\/mol.icb.usp.br\/wp-content\/uploads\/mouse-1.gif\"\/><\/a><\/p>\n<p><strong>NAVEGA\u00c7\u00c3O NO MOL:<\/strong><\/p>\n<p><a href=\"http:\/\/mol.icb.usp.br\/index.php\/9-19-2\/\">ACESSAR P\u00c1GINA ANTERIOR<\/a><\/p>\n<p><a href=\"http:\/\/mol.icb.usp.br\/index.php\/9-21-tecido-nervoso\/\">ACESSAR P\u00c1GINA SEGUINTE<\/a>\n<\/div>\n<\/div>\n<\/div>\n<p><\/body><br \/>\n<\/html> <\/div><\/div>\n<\/div>\n","protected":false},"excerpt":{"rendered":"","protected":false},"author":2,"featured_media":0,"parent":0,"menu_order":0,"comment_status":"closed","ping_status":"closed","template":"","meta":{"_monsterinsights_skip_tracking":false,"_monsterinsights_sitenote_active":false,"_monsterinsights_sitenote_note":"","_monsterinsights_sitenote_category":0,"footnotes":""},"class_list":["post-3838","page","type-page","status-publish","hentry"],"_links":{"self":[{"href":"https:\/\/mol.icb.usp.br\/index.php\/wp-json\/wp\/v2\/pages\/3838"}],"collection":[{"href":"https:\/\/mol.icb.usp.br\/index.php\/wp-json\/wp\/v2\/pages"}],"about":[{"href":"https:\/\/mol.icb.usp.br\/index.php\/wp-json\/wp\/v2\/types\/page"}],"author":[{"embeddable":true,"href":"https:\/\/mol.icb.usp.br\/index.php\/wp-json\/wp\/v2\/users\/2"}],"replies":[{"embeddable":true,"href":"https:\/\/mol.icb.usp.br\/index.php\/wp-json\/wp\/v2\/comments?post=3838"}],"version-history":[{"count":13,"href":"https:\/\/mol.icb.usp.br\/index.php\/wp-json\/wp\/v2\/pages\/3838\/revisions"}],"predecessor-version":[{"id":8837,"href":"https:\/\/mol.icb.usp.br\/index.php\/wp-json\/wp\/v2\/pages\/3838\/revisions\/8837"}],"wp:attachment":[{"href":"https:\/\/mol.icb.usp.br\/index.php\/wp-json\/wp\/v2\/media?parent=3838"}],"curies":[{"name":"wp","href":"https:\/\/api.w.org\/{rel}","templated":true}]}}