{"id":3820,"date":"2017-12-26T17:30:15","date_gmt":"2017-12-26T19:30:15","guid":{"rendered":"http:\/\/mol.icb.usp.br\/?page_id=3820"},"modified":"2018-03-13T21:32:16","modified_gmt":"2018-03-14T00:32:16","slug":"9-16-tecido-nervoso","status":"publish","type":"page","link":"https:\/\/mol.icb.usp.br\/index.php\/9-16-tecido-nervoso\/","title":{"rendered":"9-16 Tecido nervoso"},"content":{"rendered":"<div class=\"su-row\">\n  <div class=\"su-column su-column-size-1-1\"><div class=\"su-column-inner su-u-clearfix su-u-trim\"> <strong>ESTRUTURA DO TECIDO NERVOSO<br \/>\nC\u00c9REBRO &#8211; 2<\/p>\n<p>SUBST\u00c2NCIA CINZENTA<br \/>\n<\/strong> <\/div><\/div>\n<\/div>\n<div class=\"su-row\">\n  <div class=\"su-column su-column-size-1-2\"><div class=\"su-column-inner su-u-clearfix su-u-trim\"> O c\u00f3rtex cerebral \u00e9 formado por <strong>subst\u00e2ncia cinzenta<\/strong>.<br \/>\nQuando observado em aumento pequeno exibe uma grande quantidade de n\u00facleos. Pertencem a neur\u00f4nios, a c\u00e9lulas da neur\u00f3glia e em menor n\u00famero a c\u00e9lulas endoteliais de capilares sangu\u00edneos.<br \/>\nOs neur\u00f4nios podem ser reconhecidos pelos seus n\u00facleos grandes, esf\u00e9ricos, de cromatina frouxa (pouco corados) e frequentemente contendo nucl\u00e9olos volumosos. Esses n\u00facleos ficam real\u00e7ados em azul ao colocar o cursor ou clicar sobre a figura.<br \/>\nO citoplasma dos neur\u00f4nios desta figura n\u00e3o est\u00e1 muito evidente.<br \/>\nDelgados capilares sangu\u00edneos ficam real\u00e7ados em vermelho.<\/p>\n<\/div><\/div>\n  <div class=\"su-column su-column-size-1-2\"><div class=\"su-column-inner su-u-clearfix su-u-trim\"> <\/p>\n<div onclick>\n<div class=\"image-container\">\n<div class=\"extra\">\n<a href=\"javascript:void(0)\"><img decoding=\"async\" src=\" http:\/\/mol.icb.usp.br\/wp-content\/uploads\/9-16.jpg \" onmouseover=\"this.src=' http:\/\/mol.icb.usp.br\/wp-content\/uploads\/9-16-MO.jpg'\" onmouseout=\"this.src=' http:\/\/mol.icb.usp.br\/wp-content\/uploads\/9-16.jpg'\" \/><\/a><\/div>\n<p>Cortex cerebral. Colora\u00e7\u00e3o: HE. Aumento: m\u00e9dio.<\/p>\n<p><img decoding=\"async\" src=\"http:\/\/mol.icb.usp.br\/wp-content\/uploads\/mouse-1.gif\"\/><\/a><\/p>\n<p><strong>NAVEGA\u00c7\u00c3O NO MOL:<\/strong><\/p>\n<p><a href=\"http:\/\/mol.icb.usp.br\/index.php\/9-15-tecido-nervoso\/\">ACESSAR P\u00c1GINA ANTERIOR<\/a><\/p>\n<p><a href=\"http:\/\/mol.icb.usp.br\/index.php\/9-17-tecido-nervoso\/\">ACESSAR P\u00c1GINA SEGUINTE<\/a>\n<\/div>\n<\/div>\n<\/div>\n<p><\/body><br \/>\n<\/html> <\/div><\/div>\n<\/div>\n","protected":false},"excerpt":{"rendered":"","protected":false},"author":2,"featured_media":0,"parent":0,"menu_order":0,"comment_status":"closed","ping_status":"closed","template":"","meta":{"_monsterinsights_skip_tracking":false,"_monsterinsights_sitenote_active":false,"_monsterinsights_sitenote_note":"","_monsterinsights_sitenote_category":0,"footnotes":""},"class_list":["post-3820","page","type-page","status-publish","hentry"],"_links":{"self":[{"href":"https:\/\/mol.icb.usp.br\/index.php\/wp-json\/wp\/v2\/pages\/3820"}],"collection":[{"href":"https:\/\/mol.icb.usp.br\/index.php\/wp-json\/wp\/v2\/pages"}],"about":[{"href":"https:\/\/mol.icb.usp.br\/index.php\/wp-json\/wp\/v2\/types\/page"}],"author":[{"embeddable":true,"href":"https:\/\/mol.icb.usp.br\/index.php\/wp-json\/wp\/v2\/users\/2"}],"replies":[{"embeddable":true,"href":"https:\/\/mol.icb.usp.br\/index.php\/wp-json\/wp\/v2\/comments?post=3820"}],"version-history":[{"count":4,"href":"https:\/\/mol.icb.usp.br\/index.php\/wp-json\/wp\/v2\/pages\/3820\/revisions"}],"predecessor-version":[{"id":5967,"href":"https:\/\/mol.icb.usp.br\/index.php\/wp-json\/wp\/v2\/pages\/3820\/revisions\/5967"}],"wp:attachment":[{"href":"https:\/\/mol.icb.usp.br\/index.php\/wp-json\/wp\/v2\/media?parent=3820"}],"curies":[{"name":"wp","href":"https:\/\/api.w.org\/{rel}","templated":true}]}}