{"id":3818,"date":"2017-12-26T17:26:35","date_gmt":"2017-12-26T19:26:35","guid":{"rendered":"http:\/\/mol.icb.usp.br\/?page_id=3818"},"modified":"2018-03-13T21:31:00","modified_gmt":"2018-03-14T00:31:00","slug":"9-15-tecido-nervoso","status":"publish","type":"page","link":"https:\/\/mol.icb.usp.br\/index.php\/9-15-tecido-nervoso\/","title":{"rendered":"9-15 Tecido nervoso"},"content":{"rendered":"<div class=\"su-row\">\n  <div class=\"su-column su-column-size-1-1\"><div class=\"su-column-inner su-u-clearfix su-u-trim\"> <strong>ESTRUTURA DO TECIDO NERVOSO<br \/>\nC\u00c9REBRO -1 <\/p>\n<p>SUBST\u00c2NCIA BRANCA E SUBST\u00c2NCIA CINZENTA<br \/>\n <\/strong><\/div><\/div>\n<\/div>\n<div class=\"su-row\">\n  <div class=\"su-column su-column-size-1-2\"><div class=\"su-column-inner su-u-clearfix su-u-trim\">\nA figura superior mostra um desenho esquem\u00e1tico do c\u00e9rebro e cerebelo, estruturas que ser\u00e3o analisadas nas pr\u00f3ximas p\u00e1ginas.<br \/>\nNo sistema nervoso central h\u00e1 regi\u00f5es com alta concentra\u00e7\u00e3o de corpos celulares de neur\u00f4nios e regi\u00f5es com alta concentra\u00e7\u00e3o de prolongamentos de neur\u00f4nios, principalmente ax\u00f4nios. Quando se observa macroscopicamente um c\u00e9rebro ou cerebelo frescos, isto \u00e9, recentemente retirados de um animal, essas duas regi\u00f5es podem ser identificadas.<br \/>\nAs regi\u00f5es com grande concentra\u00e7\u00e3o de corpos celulares de neur\u00f4nios t\u00eam colora\u00e7\u00e3o acinzentada, sendo por isso denominadas <strong>subst\u00e2ncia cinzenta<\/strong> do sistema nervoso central.<br \/>\nPor outro lado, as regi\u00f5es com uma grande quantidade de prolongamentos de neur\u00f4nios possuem grande quantidade de fibras nervosas mielinizadas e por essa raz\u00e3o apresentam colora\u00e7\u00e3o esbranqui\u00e7ada. Constituem a <strong>subst\u00e2ncia branca<\/strong> do sistema nervoso central.<br \/>\nEnquanto que a subst\u00e2ncia cinzenta \u00e9 o local de recep\u00e7\u00e3o e de integra\u00e7\u00e3o de informa\u00e7\u00f5es e respostas, a subst\u00e2ncia branca constitui as vias de comunica\u00e7\u00e3o entre o sistema nervoso central e os locais externos ao sistema nervoso central. \u00c9 tamb\u00e9m via de comunica\u00e7\u00e3o entre diferentes regi\u00f5es do sistema nervoso central.<\/p>\n<p>Figura inferior<br \/>\nLocaliza\u00e7\u00e3o da subst\u00e2ncia branca e cinzenta no c\u00e9rebro:<br \/>\nA <strong>subst\u00e2ncia cinzenta<\/strong> est\u00e1 presente principalmente em dois locais:<br \/>\n&#8211; na periferia do \u00f3rg\u00e3o, logo abaixo de sua superf\u00edcie, formando o c\u00f3rtex cerebral;<br \/>\n&#8211; no interior do c\u00e9rebro, em aglomerados de diferentes tamanhos denominados n\u00facleos.<br \/>\nA <strong>subst\u00e2ncia branca<\/strong> ocupa o interior do \u00f3rg\u00e3o, abaixo do c\u00f3rtex e em torno dos n\u00facleos.<br \/>\nA figura inferior representa um corte de c\u00e9rebro e mostra de maneira simplificada a distribui\u00e7\u00e3o da subst\u00e2ncia cinzenta &#8211; no c\u00f3rtex e nos n\u00facleos- e subst\u00e2ncia branca.<\/p>\n<\/div><\/div>\n  <div class=\"su-column su-column-size-1-2\"><div class=\"su-column-inner su-u-clearfix su-u-trim\"> <\/p>\n<p><img decoding=\"async\" src=\" http:\/\/mol.icb.usp.br\/wp-content\/uploads\/9-15-A.jpg \" \/><\/a><\/p>\n<\/p>\n<p><img decoding=\"async\" src=\" http:\/\/mol.icb.usp.br\/wp-content\/uploads\/9-15-B.jpg \" \/><\/a><\/p>\n<p>Para navegar no MOL, use os links ACESSAR P\u00c1GINA ANTERIOR e ACESSAR P\u00c1GINA SEGUINTE situados abaixo da figura.<\/p>\n<p><strong>NAVEGA\u00c7\u00c3O NO MOL:<\/strong><\/p>\n<p><a href=\"http:\/\/mol.icb.usp.br\/index.php\/9-14-tecido-nervoso\/\">ACESSAR P\u00c1GINA ANTERIOR<\/a><\/p>\n<p><a href=\"http:\/\/mol.icb.usp.br\/index.php\/9-16-tecido-nervoso\/\">ACESSAR P\u00c1GINA SEGUINTE<\/a><br \/>\n<\/div><\/div>\n<\/div>\n","protected":false},"excerpt":{"rendered":"","protected":false},"author":2,"featured_media":0,"parent":0,"menu_order":0,"comment_status":"closed","ping_status":"closed","template":"","meta":{"_monsterinsights_skip_tracking":false,"_monsterinsights_sitenote_active":false,"_monsterinsights_sitenote_note":"","_monsterinsights_sitenote_category":0,"footnotes":""},"class_list":["post-3818","page","type-page","status-publish","hentry"],"_links":{"self":[{"href":"https:\/\/mol.icb.usp.br\/index.php\/wp-json\/wp\/v2\/pages\/3818"}],"collection":[{"href":"https:\/\/mol.icb.usp.br\/index.php\/wp-json\/wp\/v2\/pages"}],"about":[{"href":"https:\/\/mol.icb.usp.br\/index.php\/wp-json\/wp\/v2\/types\/page"}],"author":[{"embeddable":true,"href":"https:\/\/mol.icb.usp.br\/index.php\/wp-json\/wp\/v2\/users\/2"}],"replies":[{"embeddable":true,"href":"https:\/\/mol.icb.usp.br\/index.php\/wp-json\/wp\/v2\/comments?post=3818"}],"version-history":[{"count":4,"href":"https:\/\/mol.icb.usp.br\/index.php\/wp-json\/wp\/v2\/pages\/3818\/revisions"}],"predecessor-version":[{"id":5965,"href":"https:\/\/mol.icb.usp.br\/index.php\/wp-json\/wp\/v2\/pages\/3818\/revisions\/5965"}],"wp:attachment":[{"href":"https:\/\/mol.icb.usp.br\/index.php\/wp-json\/wp\/v2\/media?parent=3818"}],"curies":[{"name":"wp","href":"https:\/\/api.w.org\/{rel}","templated":true}]}}