{"id":3786,"date":"2017-12-23T12:22:46","date_gmt":"2017-12-23T14:22:46","guid":{"rendered":"http:\/\/mol.icb.usp.br\/?page_id=3786"},"modified":"2018-01-20T22:14:36","modified_gmt":"2018-01-21T00:14:36","slug":"9-13-tecido-nervoso","status":"publish","type":"page","link":"https:\/\/mol.icb.usp.br\/index.php\/9-13-tecido-nervoso\/","title":{"rendered":"9-13 Tecido nervoso"},"content":{"rendered":"<div class=\"su-row\">\n  <div class=\"su-column su-column-size-1-1\"><div class=\"su-column-inner su-u-clearfix su-u-trim\"> <strong>C\u00c9LULAS DO TECIDO NERVOSO<br \/>\nNEUROGLIA-7<br \/>\nOLIGODENDR\u00d3CITOS<br \/>\n <\/strong><\/div><\/div>\n<\/div>\n<div class=\"su-row\">\n  <div class=\"su-column su-column-size-1-2\"><div class=\"su-column-inner su-u-clearfix su-u-trim\">\nAs c\u00e9lulas da oligodendr\u00f3glia, denominadas <strong>oligodendr\u00f3citos<\/strong>, como seu nome indica, t\u00eam poucos prolongamentos.<br \/>\nA menor quantidade de prolongamentos \u00e9 uma maneira de diferenci\u00e1-los dos astr\u00f3citos fibrosos, com os quais t\u00eam alguma semelhan\u00e7a.<br \/>\nOutra diferen\u00e7a entre os dois tipos de c\u00e9lulas reside no fato de que a t\u00e9cnica de impregna\u00e7\u00e3o met\u00e1lica para demonstrar os astr\u00f3citos n\u00e3o \u00e9 a mesma usada para demonstrar os oligodendr\u00f3citos. Por esta diferen\u00e7a, as prepara\u00e7\u00f5es de astr\u00f3citos costumam ter um fundo amarelo\/dourado e no caso dos oligodendr\u00f3citos \u00e9 azulado\/arroxeado.<br \/>\nAssim como as outras c\u00e9lulas da glia, estas c\u00e9lulas exercem fun\u00e7\u00f5es muito importantes para o funcionamento do tecido nervoso.<br \/>\nPraticamente todas por\u00e7\u00f5es dos neur\u00f4nios s\u00e3o revestidos por c\u00e9lulas da glia no sistema nervoso central ou por seus equivalentes no sistema nervoso perif\u00e9rico.<br \/>\nOs prolongamentos dos oligodendr\u00f3citos exercem a importante tarefa de revestir os ax\u00f4nios dos neur\u00f4nios do sistema nervoso central.<\/p>\n<\/div><\/div>\n  <div class=\"su-column su-column-size-1-2\"><div class=\"su-column-inner su-u-clearfix su-u-trim\"> <\/p>\n<p><img decoding=\"async\" src=\" http:\/\/mol.icb.usp.br\/wp-content\/uploads\/9-13-A.jpg \" \/><\/a><\/p>\n<p>C\u00e9rebro. Impregna\u00e7\u00e3o met\u00e1lica. Aumento: pequeno.<\/p>\n<p><img decoding=\"async\" src=\" http:\/\/mol.icb.usp.br\/wp-content\/uploads\/9-13-B.jpg \" \/><\/a><\/p>\n<p>C\u00e9rebro. Impregna\u00e7\u00e3o met\u00e1lica. Aumento: m\u00e9dio.<\/p>\n<p>Para navegar no MOL, use os links ACESSAR P\u00c1GINA ANTERIOR e ACESSAR P\u00c1GINA SEGUINTE situados abaixo da figura.<\/p>\n<p><strong>NAVEGA\u00c7\u00c3O NO MOL:<\/strong><\/p>\n<p><a href=\"http:\/\/mol.icb.usp.br\/index.php\/9-12-tecido-nervoso\/\">ACESSAR P\u00c1GINA ANTERIOR<\/a><\/p>\n<p><a href=\"http:\/\/mol.icb.usp.br\/index.php\/9-14-tecido-nervoso\/\">ACESSAR P\u00c1GINA SEGUINTE<\/a><br \/>\n<\/div><\/div>\n<\/div>\n","protected":false},"excerpt":{"rendered":"","protected":false},"author":2,"featured_media":0,"parent":0,"menu_order":0,"comment_status":"closed","ping_status":"closed","template":"","meta":{"_monsterinsights_skip_tracking":false,"_monsterinsights_sitenote_active":false,"_monsterinsights_sitenote_note":"","_monsterinsights_sitenote_category":0,"footnotes":""},"class_list":["post-3786","page","type-page","status-publish","hentry"],"_links":{"self":[{"href":"https:\/\/mol.icb.usp.br\/index.php\/wp-json\/wp\/v2\/pages\/3786"}],"collection":[{"href":"https:\/\/mol.icb.usp.br\/index.php\/wp-json\/wp\/v2\/pages"}],"about":[{"href":"https:\/\/mol.icb.usp.br\/index.php\/wp-json\/wp\/v2\/types\/page"}],"author":[{"embeddable":true,"href":"https:\/\/mol.icb.usp.br\/index.php\/wp-json\/wp\/v2\/users\/2"}],"replies":[{"embeddable":true,"href":"https:\/\/mol.icb.usp.br\/index.php\/wp-json\/wp\/v2\/comments?post=3786"}],"version-history":[{"count":3,"href":"https:\/\/mol.icb.usp.br\/index.php\/wp-json\/wp\/v2\/pages\/3786\/revisions"}],"predecessor-version":[{"id":5064,"href":"https:\/\/mol.icb.usp.br\/index.php\/wp-json\/wp\/v2\/pages\/3786\/revisions\/5064"}],"wp:attachment":[{"href":"https:\/\/mol.icb.usp.br\/index.php\/wp-json\/wp\/v2\/media?parent=3786"}],"curies":[{"name":"wp","href":"https:\/\/api.w.org\/{rel}","templated":true}]}}