{"id":3751,"date":"2017-12-23T11:17:19","date_gmt":"2017-12-23T13:17:19","guid":{"rendered":"http:\/\/mol.icb.usp.br\/?page_id=3751"},"modified":"2018-03-13T20:14:53","modified_gmt":"2018-03-13T23:14:53","slug":"9-8-tecido-nervoso","status":"publish","type":"page","link":"https:\/\/mol.icb.usp.br\/index.php\/9-8-tecido-nervoso\/","title":{"rendered":"9-8 Tecido nervoso"},"content":{"rendered":"<div class=\"su-row\">\n  <div class=\"su-column su-column-size-1-1\"><div class=\"su-column-inner su-u-clearfix su-u-trim\"> <strong>C\u00c9LULAS DO TECIDO NERVOSO<br \/>\nNEUROGLIA-2<br \/>\nASTR\u00d3CITOS PROTOPLASM\u00c1TICOS &#8211; 1<br \/>\n<\/strong> <\/div><\/div>\n<\/div>\n<div class=\"su-row\">\n  <div class=\"su-column su-column-size-1-2\"><div class=\"su-column-inner su-u-clearfix su-u-trim\"> Os <strong>astr\u00f3citos protoplasm\u00e1ticos<\/strong> podem ser reconhecidos em cortes ap\u00f3s tratamentos especiais que resultam na precipita\u00e7\u00e3o de metais sobre sua superf\u00edcie (t\u00e9cnicas de impregna\u00e7\u00e3o met\u00e1lica). A colora\u00e7\u00e3o amarelada do corte \u00e9 consequ\u00eancia da presen\u00e7a destes metais. Estas t\u00e9cnicas geralmente n\u00e3o permitem observar detalhes do n\u00facleo e do citoplasma.<br \/>\nS\u00e3o c\u00e9lulas com muitos prolongamentos ramificados os quais ocupam um grande volume do espa\u00e7o extracelular. \u00c0s vezes ocorre um precipitado exagerado de metais sobre a superf\u00edcie de algumas destas c\u00e9lulas, as quais, em consequ\u00eancia, aparecem como borr\u00f5es, sem permitir a visualiza\u00e7\u00e3o dos prolongamentos. Isto ser\u00e1 melhor visto nas pr\u00f3ximas p\u00e1ginas.<br \/>\nA imagem \u00e9 um aumento pequeno de um corte de subst\u00e2ncia cinzenta do c\u00e9rebro.<br \/>\nVeja o grande volume de espa\u00e7o ocupado pelo corpo celular e prolongamentos de cada <strong>astr\u00f3cito protoplasm\u00e1tico<\/strong> &#8211; ressaltados em azul claro.<br \/>\nNo restante do corte &#8211; observe como os neur\u00f4nios parecem ser, comparativamente, muito menores que o espa\u00e7o ocupado pelos astr\u00f3citos. S\u00e3o os pequenos c\u00edrculos negros, frequentemente com prolongamentos. Na verdade, aqui estamos comparando o peric\u00e1rio de neur\u00f4nios com astr\u00f3citos inteiros. Aparecem ainda muitos pequenos segmentos de prolongamentos celulares (linhas delgadas) e de capilares sangu\u00edneos (linhas espessas).<\/p>\n<\/div><\/div>\n  <div class=\"su-column su-column-size-1-2\"><div class=\"su-column-inner su-u-clearfix su-u-trim\"> <\/p>\n<div onclick>\n<div class=\"image-container\">\n<div class=\"extra\">\n<a href=\"javascript:void(0)\"><img decoding=\"async\" src=\" http:\/\/mol.icb.usp.br\/wp-content\/uploads\/9-8.jpg \" onmouseover=\"this.src=' http:\/\/mol.icb.usp.br\/wp-content\/uploads\/9-8-MO.jpg'\" onmouseout=\"this.src=' http:\/\/mol.icb.usp.br\/wp-content\/uploads\/9-8.jpg'\" \/><\/a><\/div>\n<p>C\u00e9rebro. Impregna\u00e7\u00e3o met\u00e1lica. Aumento: pequeno.<\/p>\n<p><img decoding=\"async\" src=\"http:\/\/mol.icb.usp.br\/wp-content\/uploads\/mouse-1.gif\"\/><\/a><\/p>\n<p><strong>NAVEGA\u00c7\u00c3O NO MOL:<\/strong><\/p>\n<p><a href=\"http:\/\/mol.icb.usp.br\/index.php\/9-7-tecido-nervoso\/\">ACESSAR P\u00c1GINA ANTERIOR<\/a><\/p>\n<p><a href=\"http:\/\/mol.icb.usp.br\/index.php\/9-9-tecido-nervoso\/\">ACESSAR P\u00c1GINA SEGUINTE<\/a>\n<\/div>\n<\/div>\n<\/div>\n<p><\/body><br \/>\n<\/html> <\/div><\/div>\n<\/div>\n","protected":false},"excerpt":{"rendered":"","protected":false},"author":2,"featured_media":0,"parent":0,"menu_order":0,"comment_status":"closed","ping_status":"closed","template":"","meta":{"_monsterinsights_skip_tracking":false,"_monsterinsights_sitenote_active":false,"_monsterinsights_sitenote_note":"","_monsterinsights_sitenote_category":0,"footnotes":""},"class_list":["post-3751","page","type-page","status-publish","hentry"],"_links":{"self":[{"href":"https:\/\/mol.icb.usp.br\/index.php\/wp-json\/wp\/v2\/pages\/3751"}],"collection":[{"href":"https:\/\/mol.icb.usp.br\/index.php\/wp-json\/wp\/v2\/pages"}],"about":[{"href":"https:\/\/mol.icb.usp.br\/index.php\/wp-json\/wp\/v2\/types\/page"}],"author":[{"embeddable":true,"href":"https:\/\/mol.icb.usp.br\/index.php\/wp-json\/wp\/v2\/users\/2"}],"replies":[{"embeddable":true,"href":"https:\/\/mol.icb.usp.br\/index.php\/wp-json\/wp\/v2\/comments?post=3751"}],"version-history":[{"count":9,"href":"https:\/\/mol.icb.usp.br\/index.php\/wp-json\/wp\/v2\/pages\/3751\/revisions"}],"predecessor-version":[{"id":5958,"href":"https:\/\/mol.icb.usp.br\/index.php\/wp-json\/wp\/v2\/pages\/3751\/revisions\/5958"}],"wp:attachment":[{"href":"https:\/\/mol.icb.usp.br\/index.php\/wp-json\/wp\/v2\/media?parent=3751"}],"curies":[{"name":"wp","href":"https:\/\/api.w.org\/{rel}","templated":true}]}}