{"id":3746,"date":"2017-12-22T18:50:38","date_gmt":"2017-12-22T20:50:38","guid":{"rendered":"http:\/\/mol.icb.usp.br\/?page_id=3746"},"modified":"2017-12-23T11:19:35","modified_gmt":"2017-12-23T13:19:35","slug":"9-7-tecido-nervoso","status":"publish","type":"page","link":"https:\/\/mol.icb.usp.br\/index.php\/9-7-tecido-nervoso\/","title":{"rendered":"9-7 Tecido nervoso"},"content":{"rendered":"<p><strong>C\u00c9LULAS DO TECIDO NERVOSO<br \/>\nNEUROGLIA-1<br \/>\n <\/strong><\/p>\n<p>Uma grande popula\u00e7\u00e3o de c\u00e9lulas do tecido nervoso \u00e9 constitu\u00edda pelas <strong>c\u00e9lulas da neur\u00f3glia<\/strong> ou simplesmente <strong>c\u00e9lulas da glia<\/strong>. Estas c\u00e9lulas n\u00e3o t\u00eam as propriedades dos neur\u00f4nios: n\u00e3o s\u00e3o estimuladas por est\u00edmulos el\u00e9tricos ou qu\u00edmicos e n\u00e3o transmitem est\u00edmulos ao longo de seus prolongamentos.<\/p>\n<p>As c\u00e9lulas da glia exercem importantes fun\u00e7\u00f5es na nutri\u00e7\u00e3o e trofismo dos neur\u00f4nios, sustenta\u00e7\u00e3o do tecido nervoso e uma popula\u00e7\u00e3o especial de c\u00e9lulas da glia age como macr\u00f3fagos dentro do tecido nervoso.<\/p>\n<p>As c\u00e9lulas da neur\u00f3glia est\u00e3o presentes no sistema nervoso central. No sistema nervoso perif\u00e9rico h\u00e1 c\u00e9lulas equivalentes, que alguns autores incluem na classifica\u00e7\u00e3o de c\u00e9lulas da neur\u00f3glia e outros consideram como uma categoria separada. H\u00e1 v\u00e1rias popula\u00e7\u00f5es de c\u00e9lulas da neur\u00f3glia no sistema nervoso central:<\/p>\n<p><strong>Astr\u00f3glia<\/strong> &#8211; \u00e9 constitu\u00edda por c\u00e9lulas denominadas <strong>astr\u00f3citos<\/strong>. S\u00e3o encarregados de sustenta\u00e7\u00e3o e nutri\u00e7\u00e3o dos neur\u00f4nios. H\u00e1 dois tipos principais, chamados <strong>astr\u00f3citos protoplasm\u00e1ticos<\/strong> e <strong>astr\u00f3citos fibrosos<\/strong>. Os astr\u00f3citos protoplasm\u00e1ticos residem principalmente na subst\u00e2ncia cinzenta do sistema nervoso central enquanto que os astr\u00f3citos fibrosos est\u00e3o presentes principalmente na subst\u00e2ncia branca.<\/p>\n<p><strong>Oligodendr\u00f3glia<\/strong> &#8211; suas c\u00e9lulas, s\u00e3o os <strong>oligodendr\u00f3citos<\/strong> presentes na subst\u00e2ncia cinzenta e em muito maior quantidade na subst\u00e2ncia branca do sistema nervoso central. Sua fun\u00e7\u00e3o principal \u00e9 envolver os ax\u00f4nios dos neur\u00f4nios de maneira a isol\u00e1-los do microambiente do tecido nervoso.<\/p>\n<p><strong>Micr\u00f3glia<\/strong> &#8211; \u00e9 constitu\u00edda pelas <strong>c\u00e9lulas da micr\u00f3glia<\/strong>, que agem como macr\u00f3fagos, participando, portanto, da defesa do tecido nervoso.<\/p>\n<p>Estas c\u00e9lulas s\u00e3o de dif\u00edcil observa\u00e7\u00e3o por colora\u00e7\u00f5es rotineiras e por esta raz\u00e3o foram desenvolvidas v\u00e1rias t\u00e9cnicas para demonstrar estas c\u00e9lulas por <strong>impregna\u00e7\u00e3o met\u00e1lica<\/strong>, baseadas na precipita\u00e7\u00e3o de metais sobre as mesmas.<\/p>\n<p><strong>NAVEGA\u00c7\u00c3O NO MOL:<\/strong><\/p>\n<p><a href=\"http:\/\/mol.icb.usp.br\/index.php\/9-6-tecido-nervoso\/\">ACESSAR P\u00c1GINA ANTERIOR<\/a><\/p>\n<p><a href=\"http:\/\/mol.icb.usp.br\/index.php\/9-8-tecido-nervoso\/\">ACESSAR P\u00c1GINA SEGUINTE<\/a><\/p>\n","protected":false},"excerpt":{"rendered":"<p>C\u00c9LULAS DO TECIDO NERVOSO NEUROGLIA-1 Uma grande popula\u00e7\u00e3o de c\u00e9lulas do tecido nervoso \u00e9 constitu\u00edda pelas c\u00e9lulas da neur\u00f3glia ou simplesmente c\u00e9lulas da glia. Estas c\u00e9lulas n\u00e3o t\u00eam as propriedades dos neur\u00f4nios: n\u00e3o s\u00e3o estimuladas por est\u00edmulos el\u00e9tricos ou qu\u00edmicos e n\u00e3o transmitem est\u00edmulos ao longo de seus prolongamentos. As c\u00e9lulas da glia exercem importantes [&hellip;]<\/p>\n","protected":false},"author":2,"featured_media":0,"parent":0,"menu_order":0,"comment_status":"closed","ping_status":"closed","template":"","meta":{"_monsterinsights_skip_tracking":false,"_monsterinsights_sitenote_active":false,"_monsterinsights_sitenote_note":"","_monsterinsights_sitenote_category":0,"footnotes":""},"class_list":["post-3746","page","type-page","status-publish","hentry"],"_links":{"self":[{"href":"https:\/\/mol.icb.usp.br\/index.php\/wp-json\/wp\/v2\/pages\/3746"}],"collection":[{"href":"https:\/\/mol.icb.usp.br\/index.php\/wp-json\/wp\/v2\/pages"}],"about":[{"href":"https:\/\/mol.icb.usp.br\/index.php\/wp-json\/wp\/v2\/types\/page"}],"author":[{"embeddable":true,"href":"https:\/\/mol.icb.usp.br\/index.php\/wp-json\/wp\/v2\/users\/2"}],"replies":[{"embeddable":true,"href":"https:\/\/mol.icb.usp.br\/index.php\/wp-json\/wp\/v2\/comments?post=3746"}],"version-history":[{"count":2,"href":"https:\/\/mol.icb.usp.br\/index.php\/wp-json\/wp\/v2\/pages\/3746\/revisions"}],"predecessor-version":[{"id":3758,"href":"https:\/\/mol.icb.usp.br\/index.php\/wp-json\/wp\/v2\/pages\/3746\/revisions\/3758"}],"wp:attachment":[{"href":"https:\/\/mol.icb.usp.br\/index.php\/wp-json\/wp\/v2\/media?parent=3746"}],"curies":[{"name":"wp","href":"https:\/\/api.w.org\/{rel}","templated":true}]}}