{"id":3735,"date":"2017-12-22T18:34:52","date_gmt":"2017-12-22T20:34:52","guid":{"rendered":"http:\/\/mol.icb.usp.br\/?page_id=3735"},"modified":"2019-10-20T22:10:47","modified_gmt":"2019-10-21T01:10:47","slug":"9-5-tecido-nervoso","status":"publish","type":"page","link":"https:\/\/mol.icb.usp.br\/index.php\/9-5-tecido-nervoso\/","title":{"rendered":"9-5 Tecido nervoso"},"content":{"rendered":"<div class=\"su-row\">\n  <div class=\"su-column su-column-size-1-1\"><div class=\"su-column-inner su-u-clearfix su-u-trim\"> <strong>C\u00c9LULAS DO TECIDO NERVOSO<br \/>\nNEUR\u00d4NIOS &#8211; 3<br \/>\n<\/strong> <\/div><\/div>\n<\/div>\n<div class=\"su-row\">\n  <div class=\"su-column su-column-size-1-2\"><div class=\"su-column-inner su-u-clearfix su-u-trim\"> A figura mostra mais exemplos de <strong>neur\u00f4nios multipolares<\/strong>. Seus peric\u00e1rios se ressaltam em verde, n\u00facleos em azul claro e nucl\u00e9olo em azul escuro. Vasos sangu\u00edneos ficam ressaltados em vermelho.<br \/>\nO neur\u00f4nio situado \u00e0 esquerda possui um volumoso <strong>dendrito<\/strong> cujo di\u00e2metro diminui \u00e0 medida que se afasta do peric\u00e1rio.<br \/>\nNo neur\u00f4nio situado \u00e0 direita, de contorno piramidal, pode-se observar uma caracter\u00edstica importante de muitos neur\u00f4nios. Seu citoplasma apresenta uma grande quantidade de RNA que corresponde ao <strong>ergastoplasma<\/strong> da c\u00e9lula, que no caso dos neur\u00f4nios tamb\u00e9m \u00e9 denominado <strong>subst\u00e2ncia de Nissl<\/strong> ou <strong>subst\u00e2ncia tigroide<\/strong>. Observe no citoplasma grande quantidade de grumos azuis\/arroxeados de diversos tamanhos. Ao microsc\u00f3pio eletr\u00f4nico de transmiss\u00e3o s\u00e3o reconhecidos como por\u00e7\u00f5es de ret\u00edculo endoplasm\u00e1tico granular. <\/p>\n<\/div><\/div>\n  <div class=\"su-column su-column-size-1-2\"><div class=\"su-column-inner su-u-clearfix su-u-trim\"> <\/p>\n<div onclick>\n<div class=\"image-container\">\n<div class=\"extra\">\n<a href=\"javascript:void(0)\"><img decoding=\"async\" src=\" http:\/\/mol.icb.usp.br\/wp-content\/uploads\/9-5.jpg \" onmouseover=\"this.src=' http:\/\/mol.icb.usp.br\/wp-content\/uploads\/9-5-MO.jpg'\" onmouseout=\"this.src=' http:\/\/mol.icb.usp.br\/wp-content\/uploads\/9-5.jpg'\" \/><\/a><\/div>\n<p>C\u00e9rebro. Colora\u00e7\u00e3o: HE. Aumento: m\u00e9dio.<\/p>\n<p><img decoding=\"async\" src=\"http:\/\/mol.icb.usp.br\/wp-content\/uploads\/mouse-1.gif\"\/><\/a><\/p>\n<p><strong>NAVEGA\u00c7\u00c3O NO MOL:<\/strong><\/p>\n<p><a href=\"http:\/\/mol.icb.usp.br\/index.php\/9-4-tecido-nervoso\/\">ACESSAR P\u00c1GINA ANTERIOR<\/a><\/p>\n<p><a href=\"http:\/\/mol.icb.usp.br\/index.php\/9-6-tecido-nervoso\/\">ACESSAR P\u00c1GINA SEGUINTE<\/a>\n<\/div>\n<\/div>\n<\/div>\n<p><\/body><br \/>\n<\/html> <\/div><\/div>\n<\/div>\n","protected":false},"excerpt":{"rendered":"","protected":false},"author":2,"featured_media":0,"parent":0,"menu_order":0,"comment_status":"closed","ping_status":"closed","template":"","meta":{"_monsterinsights_skip_tracking":false,"_monsterinsights_sitenote_active":false,"_monsterinsights_sitenote_note":"","_monsterinsights_sitenote_category":0,"footnotes":""},"class_list":["post-3735","page","type-page","status-publish","hentry"],"_links":{"self":[{"href":"https:\/\/mol.icb.usp.br\/index.php\/wp-json\/wp\/v2\/pages\/3735"}],"collection":[{"href":"https:\/\/mol.icb.usp.br\/index.php\/wp-json\/wp\/v2\/pages"}],"about":[{"href":"https:\/\/mol.icb.usp.br\/index.php\/wp-json\/wp\/v2\/types\/page"}],"author":[{"embeddable":true,"href":"https:\/\/mol.icb.usp.br\/index.php\/wp-json\/wp\/v2\/users\/2"}],"replies":[{"embeddable":true,"href":"https:\/\/mol.icb.usp.br\/index.php\/wp-json\/wp\/v2\/comments?post=3735"}],"version-history":[{"count":5,"href":"https:\/\/mol.icb.usp.br\/index.php\/wp-json\/wp\/v2\/pages\/3735\/revisions"}],"predecessor-version":[{"id":8665,"href":"https:\/\/mol.icb.usp.br\/index.php\/wp-json\/wp\/v2\/pages\/3735\/revisions\/8665"}],"wp:attachment":[{"href":"https:\/\/mol.icb.usp.br\/index.php\/wp-json\/wp\/v2\/media?parent=3735"}],"curies":[{"name":"wp","href":"https:\/\/api.w.org\/{rel}","templated":true}]}}