{"id":3724,"date":"2017-12-22T18:23:13","date_gmt":"2017-12-22T20:23:13","guid":{"rendered":"http:\/\/mol.icb.usp.br\/?page_id=3724"},"modified":"2025-11-06T16:16:43","modified_gmt":"2025-11-06T19:16:43","slug":"9-3-tecido-nervoso","status":"publish","type":"page","link":"https:\/\/mol.icb.usp.br\/index.php\/9-3-tecido-nervoso\/","title":{"rendered":"9-3 Tecido nervoso"},"content":{"rendered":"<div class=\"su-row\">\n<div class=\"su-column su-column-size-1-1\"><div class=\"su-column-inner su-u-clearfix su-u-trim\"> <\/div><\/div>\n<\/div>\n<div class=\"su-row\">\n<p>C\u00c9LULAS DO TECIDO NERVOSO<br \/>\n<div class=\"su-column su-column-size-1-2\"><div class=\"su-column-inner su-u-clearfix su-u-trim\">\n<strong>Neur\u00f4nios \u2013 2<\/strong><br \/>\n<div class=\"su-column su-column-size-1-2\"><div class=\"su-column-inner su-u-clearfix su-u-trim\"><\/div><\/div>\n<div class=\"su-column su-column-size-1-2\"><div class=\"su-column-inner su-u-clearfix su-u-trim\"><\/div><\/div>\nA imagem \u00e9 de um corte de <strong>c\u00e9rebro<\/strong>.<br \/>\nDestaca-se na imagem um grande <strong>neur\u00f4nio multipolar<\/strong> no centro da imagem. Seu corpo celular, tamb\u00e9m chamado <strong>peric\u00e1rio<\/strong>, fica ressaltado em verde, assim como v\u00e1rios dos prolongamentos que saem do peric\u00e1rio.<br \/>\nH\u00e1 por\u00e7\u00f5es de dois outros neur\u00f4nios na imagem, tamb\u00e9m ressaltados em verde.<br \/>\nO n\u00facleo do grande neur\u00f4nio se situa no centro do peric\u00e1rio, \u00e9 grande e esf\u00e9rico \u2013 fica ressaltado em azul claro. A cromatina \u00e9 frouxa e no interior dos n\u00facleos de neur\u00f4nios frequentemente se observam volumosos <strong>nucl\u00e9olos<\/strong>, destacado em azul escuro.<\/p>\n<p>Al\u00e9m dos neur\u00f4nios acima descritos, observa-se uma grande quantidade de n\u00facleos, menores que os dos neur\u00f4nios, e que provavelmente s\u00e3o de <strong>c\u00e9lulas da neuroglia<\/strong>, que ser\u00e1 estudada mais adiante. Estes n\u00facleos est\u00e3o ressaltados em azul escuro.<br \/>\nA maior parte da imagem \u00e9 composta de uma \u201csubst\u00e2ncia\u201d cor de rosa e que, se observar atentamente, \u00e9 formada de pequenos filamentos. Trata-se de uma grande quantidade de prolongamentos de neur\u00f4nios e de c\u00e9lulas da neuroglia. Pelas colora\u00e7\u00f5es rotineiras n\u00e3o \u00e9 poss\u00edvel distinguir os prolongamentos, nem saber a que c\u00e9lulas pertencem.<br \/>\nO tecido nervoso requer muita energia e oxig\u00eanio para seu funcionamento e por esta raz\u00e3o \u00e9 muito vascularizado. A massa de tecido cor de rosa possui grande quantidade de pequenas cavidades que s\u00e3o <strong>capilares sangu\u00edneos<\/strong> \u2013 ressaltados em vermelho.<\/p>\n<\/div><\/div>\n  <div class=\"su-column su-column-size-1-2\"><div class=\"su-column-inner su-u-clearfix su-u-trim\"> <\/p>\n<div onclick>\n<div class=\"image-container\">\n<div class=\"extra\">\n<a href=\"javascript:void(0)\"><img decoding=\"async\" src=\" http:\/\/mol.icb.usp.br\/wp-content\/uploads\/9-3.jpg \" onmouseover=\"this.src=' http:\/\/mol.icb.usp.br\/wp-content\/uploads\/9-3-MO.jpg'\" onmouseout=\"this.src=' http:\/\/mol.icb.usp.br\/wp-content\/uploads\/9-3.jpg'\" \/><\/a><\/div>\n<p>C\u00e9rebro. Colora\u00e7\u00e3o: HE. Aumento: m\u00e9dio.<\/p>\n<p><img decoding=\"async\" src=\"http:\/\/mol.icb.usp.br\/wp-content\/uploads\/mouse-1.gif\"\/><\/a><\/p>\n<p><strong>NAVEGA\u00c7\u00c3O NO MOL:<\/strong><\/p>\n<p><a href=\"http:\/\/mol.icb.usp.br\/index.php\/9-2-tecido-nervoso\/\">ACESSAR P\u00c1GINA ANTERIOR<\/a><\/p>\n<p><a href=\"http:\/\/mol.icb.usp.br\/index.php\/9-4-tecido-nervoso\/\">ACESSAR P\u00c1GINA SEGUINTE<\/a>\n<\/div>\n<\/div>\n<\/div>\n<p><\/body><br \/>\n<\/html> <\/div><\/div>\n<\/div>\n","protected":false},"excerpt":{"rendered":"","protected":false},"author":2,"featured_media":0,"parent":0,"menu_order":0,"comment_status":"closed","ping_status":"closed","template":"","meta":{"_monsterinsights_skip_tracking":false,"_monsterinsights_sitenote_active":false,"_monsterinsights_sitenote_note":"","_monsterinsights_sitenote_category":0,"footnotes":""},"class_list":["post-3724","page","type-page","status-publish","hentry"],"_links":{"self":[{"href":"https:\/\/mol.icb.usp.br\/index.php\/wp-json\/wp\/v2\/pages\/3724"}],"collection":[{"href":"https:\/\/mol.icb.usp.br\/index.php\/wp-json\/wp\/v2\/pages"}],"about":[{"href":"https:\/\/mol.icb.usp.br\/index.php\/wp-json\/wp\/v2\/types\/page"}],"author":[{"embeddable":true,"href":"https:\/\/mol.icb.usp.br\/index.php\/wp-json\/wp\/v2\/users\/2"}],"replies":[{"embeddable":true,"href":"https:\/\/mol.icb.usp.br\/index.php\/wp-json\/wp\/v2\/comments?post=3724"}],"version-history":[{"count":11,"href":"https:\/\/mol.icb.usp.br\/index.php\/wp-json\/wp\/v2\/pages\/3724\/revisions"}],"predecessor-version":[{"id":10522,"href":"https:\/\/mol.icb.usp.br\/index.php\/wp-json\/wp\/v2\/pages\/3724\/revisions\/10522"}],"wp:attachment":[{"href":"https:\/\/mol.icb.usp.br\/index.php\/wp-json\/wp\/v2\/media?parent=3724"}],"curies":[{"name":"wp","href":"https:\/\/api.w.org\/{rel}","templated":true}]}}