{"id":3690,"date":"2017-12-22T18:10:56","date_gmt":"2017-12-22T20:10:56","guid":{"rendered":"http:\/\/mol.icb.usp.br\/?page_id=3690"},"modified":"2018-03-11T20:38:34","modified_gmt":"2018-03-11T23:38:34","slug":"9-2-tecido-nervoso","status":"publish","type":"page","link":"https:\/\/mol.icb.usp.br\/index.php\/9-2-tecido-nervoso\/","title":{"rendered":"9-2 Tecido nervoso"},"content":{"rendered":"<div class=\"su-row\">\n  <div class=\"su-column su-column-size-1-1\"><div class=\"su-column-inner su-u-clearfix su-u-trim\"> <strong>C\u00c9LULAS DO TECIDO NERVOSO<br \/>\nNEUR\u00d4NIOS &#8211; 1<br \/>\n<\/strong><\/div><\/div>\n<\/div>\n<div class=\"su-row\">\n  <div class=\"su-column su-column-size-1-2\"><div class=\"su-column-inner su-u-clearfix su-u-trim\">\n<strong>Tipos de neur\u00f4nios<\/strong><br \/>\nQuanto \u00e0 sua estrutura e \u00e0 organiza\u00e7\u00e3o de seus prolongamentos os neur\u00f4nios podem ser classificados em:<br \/>\nNeur\u00f4nios <strong>unipolares<\/strong> &#8211; possuem um corpo celular e um ax\u00f4nio &#8211; ax\u00f4nios desenhados em cor azul. N\u00e3o s\u00e3o muito frequentes e constituem, por exemplo, c\u00e9lulas sensoriais da retina e da mucosa olfat\u00f3ria.<br \/>\nNeur\u00f4nios <strong>bipolares<\/strong> &#8211; possuem um dendrito (dendritos em vermelho) um corpo celular e um ax\u00f4nio. S\u00e3o frequentes em estruturas sensoriais (retina, mucosa olfat\u00f3ria).<br \/>\nNeur\u00f4nios <strong>pseudounipolares<\/strong> &#8211; possuem um corpo celular e somente um prolongamento, que se comporta como dendrito em uma de suas por\u00e7\u00f5es e como ax\u00f4nio na outra por\u00e7\u00e3o. Um exemplo t\u00edpico deste tipo \u00e9 representado pelos neur\u00f4nios dos g\u00e2nglios sensitivos da medula espinhal, respons\u00e1veis pela condu\u00e7\u00e3o de impulsos nervosos de tato, press\u00e3o, dor, calor, frio em dire\u00e7\u00e3o ao sistema nervoso central.<br \/>\nNeur\u00f4nios <strong>multipolares<\/strong> &#8211; possuem um corpo celular, v\u00e1rios dendritos e um ax\u00f4nio. Constituem a maioria dos neur\u00f4nios do tecido nervoso e s\u00e3o o tipo predominante no sistema nervoso central.<\/p>\n<\/div><\/div>\n  <div class=\"su-column su-column-size-1-2\"><div class=\"su-column-inner su-u-clearfix su-u-trim\"> <\/p>\n<p><img decoding=\"async\" src=\" http:\/\/mol.icb.usp.br\/wp-content\/uploads\/9-2.jpg \" \/><\/a><\/p>\n<p>Para navegar no MOL, use os links ACESSAR P\u00c1GINA ANTERIOR e ACESSAR P\u00c1GINA SEGUINTE situados abaixo da figura.<\/p>\n<p><strong>NAVEGA\u00c7\u00c3O NO MOL:<\/strong><\/p>\n<p><a href=\"http:\/\/mol.icb.usp.br\/index.php\/9-1-tecido-nervoso\/\">ACESSAR P\u00c1GINA ANTERIOR<\/a><\/p>\n<p><a href=\"http:\/\/mol.icb.usp.br\/index.php\/9-3-tecido-nervoso\/\">ACESSAR P\u00c1GINA SEGUINTE<\/a><br \/>\n<\/div><\/div>\n<\/div>\n","protected":false},"excerpt":{"rendered":"","protected":false},"author":2,"featured_media":0,"parent":0,"menu_order":0,"comment_status":"closed","ping_status":"closed","template":"","meta":{"_monsterinsights_skip_tracking":false,"_monsterinsights_sitenote_active":false,"_monsterinsights_sitenote_note":"","_monsterinsights_sitenote_category":0,"footnotes":""},"class_list":["post-3690","page","type-page","status-publish","hentry"],"_links":{"self":[{"href":"https:\/\/mol.icb.usp.br\/index.php\/wp-json\/wp\/v2\/pages\/3690"}],"collection":[{"href":"https:\/\/mol.icb.usp.br\/index.php\/wp-json\/wp\/v2\/pages"}],"about":[{"href":"https:\/\/mol.icb.usp.br\/index.php\/wp-json\/wp\/v2\/types\/page"}],"author":[{"embeddable":true,"href":"https:\/\/mol.icb.usp.br\/index.php\/wp-json\/wp\/v2\/users\/2"}],"replies":[{"embeddable":true,"href":"https:\/\/mol.icb.usp.br\/index.php\/wp-json\/wp\/v2\/comments?post=3690"}],"version-history":[{"count":6,"href":"https:\/\/mol.icb.usp.br\/index.php\/wp-json\/wp\/v2\/pages\/3690\/revisions"}],"predecessor-version":[{"id":5950,"href":"https:\/\/mol.icb.usp.br\/index.php\/wp-json\/wp\/v2\/pages\/3690\/revisions\/5950"}],"wp:attachment":[{"href":"https:\/\/mol.icb.usp.br\/index.php\/wp-json\/wp\/v2\/media?parent=3690"}],"curies":[{"name":"wp","href":"https:\/\/api.w.org\/{rel}","templated":true}]}}