{"id":3689,"date":"2017-12-22T17:59:05","date_gmt":"2017-12-22T19:59:05","guid":{"rendered":"http:\/\/mol.icb.usp.br\/?page_id=3689"},"modified":"2018-03-11T20:36:09","modified_gmt":"2018-03-11T23:36:09","slug":"9-1-tecido-nervoso","status":"publish","type":"page","link":"https:\/\/mol.icb.usp.br\/index.php\/9-1-tecido-nervoso\/","title":{"rendered":"9-1 Tecido nervoso"},"content":{"rendered":"<p><strong>CARACTER\u00cdSTICAS PRINCIPAIS DO TECIDO NERVOSO <\/strong><\/p>\n<p>A principal caracter\u00edstica do tecido nervoso \u00e9 a presen\u00e7a de c\u00e9lulas denominadas <strong>neur\u00f4nios<\/strong>. Estes s\u00e3o c\u00e9lulas com prolongamentos e que t\u00eam a capacidade de serem estimuladas por subst\u00e2ncias qu\u00edmicas ou est\u00edmulos el\u00e9tricos geralmente originados em outras c\u00e9lulas e, por sua vez, gerar um <strong>potencial de a\u00e7\u00e3o<\/strong> (&#8220;impulso nervoso&#8221;). Este \u00e9 transmitido ao longo da membrana plasm\u00e1tica que recobre seus prolongamentos, chegando \u00e0s extremidades dos prolongamentos em locais denominados <strong>sinapses<\/strong>. Nas sinapses o potencial de a\u00e7\u00e3o pode ser transmitido para outras c\u00e9lulas.<\/p>\n<p>C\u00e9lulas do sistema nervoso<br \/>\n1- <strong>Neur\u00f4nios<\/strong>. Os neur\u00f4nios s\u00e3o constitu\u00eddos por um corpo celular, tamb\u00e9m chamado <strong>peric\u00e1rio<\/strong>, e por prolongamentos. No corpo celular se situa o n\u00facleo e uma por\u00e7\u00e3o de citoplasma que o envolve.<br \/>\nH\u00e1 dois tipos de prolongamentos nos neur\u00f4nios. Os <strong>dendritos<\/strong> geralmente s\u00e3o curtos e bastante ramificados. Seu di\u00e2metro diminui \u00e0 medida que o dendrito se afasta do corpo celular. O <strong>ax\u00f4nio<\/strong>, geralmente \u00fanico, tem espessura constante e somente se ramifica na sua extremidade.<br \/>\nAs <strong>sinapses<\/strong> s\u00e3o locais de grande proximidade entre a membrana do neur\u00f4nio e a superf\u00edcie de outra c\u00e9lula. Um potencial de a\u00e7\u00e3o que chega a uma sinapse pode desencadear a libera\u00e7\u00e3o de mediadores qu\u00edmicos e estimular a outra c\u00e9lula &#8211; uma outra c\u00e9lula nervosa ou uma c\u00e9lula de outro tecido (como por exemplo, uma c\u00e9lula muscular ou uma c\u00e9lula secretora).<\/p>\n<p>2- <strong>C\u00e9lulas da neur\u00f3glia<\/strong>. Al\u00e9m dos neur\u00f4nios, o tecido nervoso possui uma outra popula\u00e7\u00e3o de c\u00e9lulas, denominadas c\u00e9lulas da glia ou c\u00e9lulas da neur\u00f3glia ou da neuroglia. H\u00e1 v\u00e1rios tipos de c\u00e9lulas da neur\u00f3glia, que exercem fun\u00e7\u00f5es importantes no tecido nervoso, tais como suporte e nutri\u00e7\u00e3o de neur\u00f4nios, isolamento dos neur\u00f4nios, fagocitose e repara\u00e7\u00e3o no tecido nervoso.<\/p>\n<p><strong>Fibras nervosas<\/strong><br \/>\nOs ax\u00f4nios s\u00e3o sempre envolvidos por outras c\u00e9lulas do tecido nervoso. Ao conjunto de ax\u00f4nio + c\u00e9lula de revestimento se d\u00e1 o nome de <strong>fibra nervosa<\/strong>. Como os ax\u00f4nios s\u00e3o geralmente bastante longos, h\u00e1 sempre necessidade de muitas c\u00e9lulas para revestir toda sua extens\u00e3o.<br \/>\nNo sistema nervoso central o revestimento \u00e9 feito por um tipo de c\u00e9lula da neur\u00f3glia denominado <strong>oligodendr\u00f3cito<\/strong>. No sistema nervoso perif\u00e9rico exercem esta fun\u00e7\u00e3o as c\u00e9lulas denominadas <strong>c\u00e9lulas de Schwann<\/strong>. <\/p>\n<p>As c\u00e9lulas que envolvem os ax\u00f4nios podem produzir um material denominado <strong>mielina<\/strong>, composto de  mol\u00e9culas de lip\u00eddios complexos. A mielina \u00e9 derivada das membranas celulares das c\u00e9lulas envoltoras. As fibras nervosas cujas c\u00e9lulas de revestimento cont\u00eam mielina s\u00e3o chamadas <strong>fibras nervosas miel\u00ednicas ou mielinizadas<\/strong>, ao contr\u00e1rio das <strong>fibras nervosas n\u00e3o-mielinizadas ou amiel\u00ednicas<\/strong> cujas c\u00e9lulas de revestimento n\u00e3o cont\u00e9m mielina.<\/p>\n<p><strong>Localiza\u00e7\u00e3o do sistema nervoso<\/strong><br \/>\nQuanto \u00e0 sua localiza\u00e7\u00e3o o tecido nervoso pode ser classificado em:<br \/>\n1 &#8211; <strong>Sistema nervoso central<\/strong>, formado por duas por\u00e7\u00f5es cont\u00ednuas, uma situada no interior da caixa craniana, o <strong>enc\u00e9falo<\/strong>, e a outra constituindo a <strong>medula espinhal<\/strong>. No sistema nervoso central h\u00e1 corpos celulares e prolongamentos de neur\u00f4nios al\u00e9m de muitas c\u00e9lulas da neur\u00f3glia. Os neur\u00f4nios do c\u00e9rebro est\u00e3o concentrados no c\u00f3rtex cerebral e em agrupamentos de tamanhos variados denominados n\u00facleos.<\/p>\n<p>2 &#8211; <strong>Sistema nervoso perif\u00e9rico<\/strong>, \u00e9 distribu\u00eddo pelo corpo sob forma de:<br \/>\n&#8211; <strong>nervos<\/strong>, que s\u00e3o conjuntos de fibras nervosas.<br \/>\n&#8211; <strong>g\u00e2nglios nervosos<\/strong> que s\u00e3o ac\u00famulos de corpos celulares de neur\u00f4nios situados fora do sistema nervoso central.<\/p>\n<p>Os \u00f3rg\u00e3os do sistema nervoso central s\u00e3o revestidos por membranas de tecido conjuntivo denominadas <strong>meninges<\/strong>. N\u00e3o h\u00e1 praticamente tecido conjuntivo no interior do sistema nervoso central.<br \/>\nOs \u00f3rg\u00e3os e estruturas do sistema nervoso perif\u00e9rico s\u00e3o revestidos por tecido conjuntivo.<\/p>\n<p>Organiza\u00e7\u00e3o do tecido nervoso no sistema nervoso central: <strong>subst\u00e2ncia branca e cinzenta<\/strong><br \/>\nNo sistema nervoso central o tecido nervoso est\u00e1 organizado de tal maneira que os corpos celulares dos neur\u00f4nios ficam concentrados em algumas regi\u00f5es. Estas regi\u00f5es constituem a <strong>subst\u00e2ncia cinzenta<\/strong> do sistema nervoso central.<br \/>\nOs prolongamentos dos neur\u00f4nios (principalmente seus ax\u00f4nios) tamb\u00e9m se organizam e constituem regi\u00f5es denominadas <strong>subst\u00e2ncia branca<\/strong>. Na subst\u00e2ncia branca os ax\u00f4nios formam feixes de diferentes calibres.<\/p>\n<p><strong>NAVEGA\u00c7\u00c3O NO MOL:<\/strong><\/p>\n<p><a href=\"http:\/\/mol.icb.usp.br\/index.php\/9-0-tecido-nervoso\/\">ACESSAR P\u00c1GINA ANTERIOR<\/a><\/p>\n<p><a href=\"http:\/\/mol.icb.usp.br\/index.php\/9-2-tecido-nervoso\/\">ACESSAR P\u00c1GINA SEGUINTE<\/a><\/p>\n","protected":false},"excerpt":{"rendered":"<p>CARACTER\u00cdSTICAS PRINCIPAIS DO TECIDO NERVOSO A principal caracter\u00edstica do tecido nervoso \u00e9 a presen\u00e7a de c\u00e9lulas denominadas neur\u00f4nios. Estes s\u00e3o c\u00e9lulas com prolongamentos e que t\u00eam a capacidade de serem estimuladas por subst\u00e2ncias qu\u00edmicas ou est\u00edmulos el\u00e9tricos geralmente originados em outras c\u00e9lulas e, por sua vez, gerar um potencial de a\u00e7\u00e3o (&#8220;impulso nervoso&#8221;). Este \u00e9 [&hellip;]<\/p>\n","protected":false},"author":2,"featured_media":0,"parent":0,"menu_order":0,"comment_status":"closed","ping_status":"closed","template":"","meta":{"_monsterinsights_skip_tracking":false,"_monsterinsights_sitenote_active":false,"_monsterinsights_sitenote_note":"","_monsterinsights_sitenote_category":0,"footnotes":""},"class_list":["post-3689","page","type-page","status-publish","hentry"],"_links":{"self":[{"href":"https:\/\/mol.icb.usp.br\/index.php\/wp-json\/wp\/v2\/pages\/3689"}],"collection":[{"href":"https:\/\/mol.icb.usp.br\/index.php\/wp-json\/wp\/v2\/pages"}],"about":[{"href":"https:\/\/mol.icb.usp.br\/index.php\/wp-json\/wp\/v2\/types\/page"}],"author":[{"embeddable":true,"href":"https:\/\/mol.icb.usp.br\/index.php\/wp-json\/wp\/v2\/users\/2"}],"replies":[{"embeddable":true,"href":"https:\/\/mol.icb.usp.br\/index.php\/wp-json\/wp\/v2\/comments?post=3689"}],"version-history":[{"count":5,"href":"https:\/\/mol.icb.usp.br\/index.php\/wp-json\/wp\/v2\/pages\/3689\/revisions"}],"predecessor-version":[{"id":5947,"href":"https:\/\/mol.icb.usp.br\/index.php\/wp-json\/wp\/v2\/pages\/3689\/revisions\/5947"}],"wp:attachment":[{"href":"https:\/\/mol.icb.usp.br\/index.php\/wp-json\/wp\/v2\/media?parent=3689"}],"curies":[{"name":"wp","href":"https:\/\/api.w.org\/{rel}","templated":true}]}}